{"id":782406,"date":"2026-02-23T11:34:09","date_gmt":"2026-02-23T08:34:09","guid":{"rendered":"https:\/\/roveyayinevi.com.tr\/index.php\/urun\/kara-kutu-4\/"},"modified":"2026-04-16T02:32:56","modified_gmt":"2026-04-15T23:32:56","slug":"kara-kutu-4","status":"publish","type":"product","link":"https:\/\/roveyayinevi.com.tr\/index.php\/urun\/kara-kutu-4\/","title":{"rendered":"Kara Kutu"},"content":{"rendered":"<p>Tam 40 y\u0131l\u0131n h\u0130k\u00e2yes\u0130 bu k\u0130tap\u2026 Ama ya\u015fanm\u0131\u015f hik\u00e2yeler bunlar. Alg\u0131lar ve ill\u00fczyonlarla karart\u0131l\u0131p \u00e7arp\u0131t\u0131lmaya \u00e7al\u0131\u015f\u0131lan olaylar\u0131n ger\u00e7ek y\u00fcz\u00fc. \u201cAsl\u0131nda ne oldu?\u201d sorusunun cevab\u0131. T\u00fcrk siyaset ve medya d\u00fcnyas\u0131ndan sans\u00fcrs\u00fcz kesitler. 250\u2019den fazla isim var bu kitapta. \u00c7o\u011fu, \u00fclkeyi y\u00f6neten ve milleti y\u00f6nlendiren isimler! Onlar\u0131n \u00e7evresinde geli\u015fen \u00e7arp\u0131c\u0131, hatta \u00fcrk\u00fct\u00fcc\u00fc olaylardan \u00f6rnekler sunuluyor sizlere\u2026 Okurken hangi duygular i\u00e7ine girece\u011finizi g\u00f6r\u00fcr gibiyiz. Bazen \u015fa\u015f\u0131racak, bazen de \u201cBu kadar\u0131 da olmaz,\u201d diyeceksiniz. Kimi zaman da sert tepkiler g\u00f6stereceksiniz\u2026 Kara Kutu sizin i\u00e7in a\u00e7\u0131l\u0131yor. Karanl\u0131\u011f\u0131n i\u00e7inden y\u00fcz\u00fcn\u00fc g\u00f6steren ger\u00e7eklerle kar\u015f\u0131la\u015f\u0131p bir \u00e7\u0131rp\u0131da okuyacaks\u0131n\u0131z<\/p>\n","protected":false},"excerpt":{"rendered":"<p>Tam 40 y\u0131l\u0131n h\u0130k\u00e2yes\u0130 bu k\u0130tap\u2026 Ama ya\u015fanm\u0131\u015f hik\u00e2yeler bunlar. Alg\u0131lar ve ill\u00fczyonlarla karart\u0131l\u0131p \u00e7arp\u0131t\u0131lmaya \u00e7al\u0131\u015f\u0131lan olaylar\u0131n ger\u00e7ek y\u00fcz\u00fc. \u201cAsl\u0131nda ne oldu?\u201d sorusunun cevab\u0131. T\u00fcrk siyaset<span class=\"excerpt-hellip\"> [\u2026]<\/span><\/p>\n","protected":false},"featured_media":0,"template":"","meta":{"_monsterinsights_skip_tracking":false,"_monsterinsights_sitenote_active":false,"_monsterinsights_sitenote_note":"","_monsterinsights_sitenote_category":0},"product_brand":[],"product_cat":[13590,12337],"product_tag":[],"class_list":{"0":"post-782406","1":"product","2":"type-product","3":"status-publish","5":"product_cat-arastirma-inceleme-politika-siyaset","6":"product_cat-politika-siyaset","7":"pa_cilt-ciltsiz","8":"pa_tur-kitap","9":"pa_yayinevi-sahi-kitap","10":"pa_yazar-emin-pazarci","12":"first","13":"instock","14":"sale","15":"shipping-taxable","16":"purchasable","17":"product-type-simple"},"_links":{"self":[{"href":"https:\/\/roveyayinevi.com.tr\/index.php\/wp-json\/wp\/v2\/product\/782406","targetHints":{"allow":["GET"]}}],"collection":[{"href":"https:\/\/roveyayinevi.com.tr\/index.php\/wp-json\/wp\/v2\/product"}],"about":[{"href":"https:\/\/roveyayinevi.com.tr\/index.php\/wp-json\/wp\/v2\/types\/product"}],"wp:attachment":[{"href":"https:\/\/roveyayinevi.com.tr\/index.php\/wp-json\/wp\/v2\/media?parent=782406"}],"wp:term":[{"taxonomy":"product_brand","embeddable":true,"href":"https:\/\/roveyayinevi.com.tr\/index.php\/wp-json\/wp\/v2\/product_brand?post=782406"},{"taxonomy":"product_cat","embeddable":true,"href":"https:\/\/roveyayinevi.com.tr\/index.php\/wp-json\/wp\/v2\/product_cat?post=782406"},{"taxonomy":"product_tag","embeddable":true,"href":"https:\/\/roveyayinevi.com.tr\/index.php\/wp-json\/wp\/v2\/product_tag?post=782406"}],"curies":[{"name":"wp","href":"https:\/\/api.w.org\/{rel}","templated":true}]}}