{"id":782405,"date":"2026-02-23T11:34:06","date_gmt":"2026-02-23T08:34:06","guid":{"rendered":"https:\/\/roveyayinevi.com.tr\/index.php\/urun\/yalnizca-burjuvazi-icin-parlayacaksa-gunesi-de-sondururuz-lev-trocki\/"},"modified":"2026-04-16T02:32:56","modified_gmt":"2026-04-15T23:32:56","slug":"yalnizca-burjuvazi-icin-parlayacaksa-gunesi-de-sondururuz-lev-trocki","status":"publish","type":"product","link":"https:\/\/roveyayinevi.com.tr\/index.php\/urun\/yalnizca-burjuvazi-icin-parlayacaksa-gunesi-de-sondururuz-lev-trocki\/","title":{"rendered":"Yaln\u0131zca Burjuvazi \u0130\u00e7in Parlayacaksa G\u00fcne\u015fi de S\u00f6nd\u00fcr\u00fcr\u00fcz \/ Lev Tro\u00e7ki"},"content":{"rendered":"<p>Tro\u00e7ki hem siyasal ve askeri bak\u0131mdan hem de entelekt\u00fcel ve ki\u015fisel ser\u00fcveni a\u00e7\u0131s\u0131ndan ku\u015fkusuz \u00e7a\u011f\u0131m\u0131z\u0131n en ilgin\u00e7, renkli ve \u00f6nemli portrelerinden biridir. Ya\u015fam\u0131 epik bir roman kahraman\u0131n\u0131 g\u00f6lgede b\u0131rakacak \u00f6l\u00e7\u00fcde gerilimli ve ritmi y\u00fcksektir.Rusya\u2019da do\u011fan Lev Tro\u00e7ki, ge\u00e7en y\u00fczy\u0131lda d\u00fcnya sosyalist hareketinin liderlerinden ve teorisyenlerinden biri oldu. Dahas\u0131, devrimci bir eylemci olarak m\u00fccadelenin \u00f6n saflar\u0131ndayd\u0131. Rusya\u2019da 1917\u2019de ger\u00e7ekle\u015fen ve 20. y\u00fczy\u0131l\u0131 sarsan Ekim Devrimi\u2019nin de liderleri aras\u0131nda yer ald\u0131.Devrimden sonra kurulan ilk Sovyet H\u00fck\u00fcmeti\u2019nin D\u0131\u015fi\u015fleri Halk Komiserli\u011fi g\u00f6revini \u00fcstlendi. Ard\u0131ndan, \u00c7ar ordular\u0131yla d\u00f6rt y\u0131l s\u00fcren b\u00fcy\u00fck i\u00e7sava\u015f s\u0131ras\u0131nda K\u0131z\u0131l Ordu\u2019nun ba\u015fkomutanl\u0131\u011f\u0131n\u0131 yapt\u0131. Sava\u015fta vuruldu, yaraland\u0131 ama kazand\u0131. Ancak, devrimciler aras\u0131ndaki i\u00e7 m\u00fccadeleyi kaybetti. S\u00fcrg\u00fcne gitti ve d\u00f6rt y\u0131l \u0130stanbul\u2019da ya\u015fad\u0131. Avrupa\u2019dan Meksika\u2019ya kadar uzanan ya\u015fam\u0131n\u0131n ikinci evresindeki yolculu\u011fu son derece dramatik \u015fekilde sonland\u0131.Tro\u00e7ki, ideolojik planda da, siyasal m\u00fccadelede de, sava\u015fta da cephenin hep en \u00f6n\u00fcnde yer ald\u0131. Hatalar\u0131 ve sevaplar\u0131yla bu devrimcinin g\u00f6rkemli hik\u00e2yesi elinizdeki kitaptad\u0131r.<\/p>\n","protected":false},"excerpt":{"rendered":"<p>Tro\u00e7ki hem siyasal ve askeri bak\u0131mdan hem de entelekt\u00fcel ve ki\u015fisel ser\u00fcveni a\u00e7\u0131s\u0131ndan ku\u015fkusuz \u00e7a\u011f\u0131m\u0131z\u0131n en ilgin\u00e7, renkli ve \u00f6nemli portrelerinden biridir. Ya\u015fam\u0131 epik bir roman<span class=\"excerpt-hellip\"> [\u2026]<\/span><\/p>\n","protected":false},"featured_media":0,"template":"","meta":{"_monsterinsights_skip_tracking":false,"_monsterinsights_sitenote_active":false,"_monsterinsights_sitenote_note":"","_monsterinsights_sitenote_category":0},"product_brand":[],"product_cat":[14009,12291],"product_tag":[],"class_list":{"0":"post-782405","1":"product","2":"type-product","3":"status-publish","5":"product_cat-biyografi-otobiyografi-edebiyat","6":"product_cat-edebiyat","7":"pa_cilt-ciltsiz","8":"pa_tur-kitap","9":"pa_yayinevi-destek-yayinlari","10":"pa_yazar-sevim-kahraman","12":"first","13":"instock","14":"sale","15":"shipping-taxable","16":"purchasable","17":"product-type-simple"},"_links":{"self":[{"href":"https:\/\/roveyayinevi.com.tr\/index.php\/wp-json\/wp\/v2\/product\/782405","targetHints":{"allow":["GET"]}}],"collection":[{"href":"https:\/\/roveyayinevi.com.tr\/index.php\/wp-json\/wp\/v2\/product"}],"about":[{"href":"https:\/\/roveyayinevi.com.tr\/index.php\/wp-json\/wp\/v2\/types\/product"}],"wp:attachment":[{"href":"https:\/\/roveyayinevi.com.tr\/index.php\/wp-json\/wp\/v2\/media?parent=782405"}],"wp:term":[{"taxonomy":"product_brand","embeddable":true,"href":"https:\/\/roveyayinevi.com.tr\/index.php\/wp-json\/wp\/v2\/product_brand?post=782405"},{"taxonomy":"product_cat","embeddable":true,"href":"https:\/\/roveyayinevi.com.tr\/index.php\/wp-json\/wp\/v2\/product_cat?post=782405"},{"taxonomy":"product_tag","embeddable":true,"href":"https:\/\/roveyayinevi.com.tr\/index.php\/wp-json\/wp\/v2\/product_tag?post=782405"}],"curies":[{"name":"wp","href":"https:\/\/api.w.org\/{rel}","templated":true}]}}