{"id":782404,"date":"2026-02-23T11:33:58","date_gmt":"2026-02-23T08:33:58","guid":{"rendered":"https:\/\/roveyayinevi.com.tr\/index.php\/urun\/e-ozgurluk\/"},"modified":"2026-04-16T02:32:52","modified_gmt":"2026-04-15T23:32:52","slug":"e-ozgurluk","status":"publish","type":"product","link":"https:\/\/roveyayinevi.com.tr\/index.php\/urun\/e-ozgurluk\/","title":{"rendered":"E-\u00d6zg\u00fcrl\u00fck"},"content":{"rendered":"<p>Kendi i\u015fini kurmak isteyen giri\u015fimcilere, sanal \u00e7al\u0131\u015fanlarla nas\u0131l i\u015f yap\u0131lmas\u0131 gerekti\u011fini ad\u0131m ad\u0131m anlatan bir rehber. Giri\u015fimciler genelde, ba\u015far\u0131l\u0131 olmak i\u00e7in her \u015feyi kendi ba\u015flar\u0131na yapmalar\u0131 gerekti\u011fi yan\u0131lg\u0131s\u0131na d\u00fc\u015fmelerine sebep olan \u201cKahramanl\u0131k Sendromu\u201dnun tuza\u011f\u0131ndad\u0131rlar. Yaln\u0131zca patron olmakla kalmazlar, bir de \u00fcst\u00fcne sat\u0131\u015f temsilcisi, insan kaynaklar\u0131 m\u00fcd\u00fcr\u00fc, metin yazar\u0131, operasyon m\u00fcd\u00fcr\u00fc, online pazarlama uzman\u0131 ve \u00e7ok daha fazlas\u0131 olurlar. Tek bir ki\u015finin ba\u015fa \u00e7\u0131kabilece\u011finden \u00e7ok daha fazlas\u0131n\u0131n onlar\u0131 bekledi\u011fi d\u00fc\u015f\u00fcn\u00fcld\u00fc\u011f\u00fcnde, bir\u00e7ok ki\u015finin kendi i\u015fini kurma hayalinden vazge\u00e7mesine \u015fa\u015f\u0131rmamak gerekir. Ne var ki d\u0131\u015f kaynak kullan\u0131m\u0131 uzman\u0131 ve \u201ce-CEO\u201d Chris Ducker, ihtiya\u00e7 duydu\u011funuz yard\u0131m\u0131, maddi g\u00fcc\u00fcn\u00fcz\u00fcn yetece\u011fi kaynaklarla nas\u0131l alabilece\u011finizi biliyor. K\u00fc\u00e7\u00fck i\u015fyeri sahipleri, dan\u0131\u015fmanlar ve online giri\u015fimciler; i\u015fleri y\u00f6netip geli\u015ftirmek ve onlara i\u015flerinde destek olmak s\u00f6z konusu oldu\u011funda sanal \u00e7al\u0131\u015fanlardan olu\u015fan bir ekip kurman\u0131n ne kadar etkili oldu\u011funu ke\u015ffettiklerinde, her \u015feyi kendi ba\u015flar\u0131na yapmak zorunda olmad\u0131klar\u0131n\u0131 g\u00f6recekler. Ducker, i\u015finizin geli\u015fmesini odak noktas\u0131na alarak hangi pozisyonlar\u0131 d\u0131\u015f kaynak kullan\u0131m\u0131yla doldurman\u0131z gerekti\u011finden tutun da sanal \u00e7al\u0131\u015fanlar\u0131n\u0131z\u0131 nas\u0131l bulaca\u011f\u0131n\u0131za, onlara nas\u0131l e\u011fitim verebilece\u011finize ve onlar\u0131 nas\u0131l motive edip idare edebilece\u011finize kadar bilmeniz gereken her \u015feyi t\u00fcm ayr\u0131nt\u0131s\u0131yla ele al\u0131yor. Sanal \u00e7al\u0131\u015fanlar\u0131n da yard\u0131m\u0131yla, hayallerinizdeki i\u015fi kurman\u0131z i\u00e7in gereken ara\u00e7lar\u0131n ve bilgilerin tamam\u0131n\u0131n yan\u0131 s\u0131ra ek y\u00f6ntemlerin ve online kaynaklar\u0131n da yer ald\u0131\u011f\u0131 e-\u00d6zg\u00fcrl\u00fck, bu konudaki en iyi kaynak kitapt\u0131r.\ufffcTan\u0131t\u0131m Metni<\/p>\n","protected":false},"excerpt":{"rendered":"<p>Kendi i\u015fini kurmak isteyen giri\u015fimcilere, sanal \u00e7al\u0131\u015fanlarla nas\u0131l i\u015f yap\u0131lmas\u0131 gerekti\u011fini ad\u0131m ad\u0131m anlatan bir rehber. Giri\u015fimciler genelde, ba\u015far\u0131l\u0131 olmak i\u00e7in her \u015feyi kendi ba\u015flar\u0131na yapmalar\u0131<span class=\"excerpt-hellip\"> [\u2026]<\/span><\/p>\n","protected":false},"featured_media":0,"template":"","meta":{"_monsterinsights_skip_tracking":false,"_monsterinsights_sitenote_active":false,"_monsterinsights_sitenote_note":"","_monsterinsights_sitenote_category":0},"product_brand":[],"product_cat":[13043,19008],"product_tag":[],"class_list":{"0":"post-782404","1":"product","2":"type-product","3":"status-publish","5":"product_cat-ekonomi","6":"product_cat-yonetim","7":"pa_cilt-ciltsiz","8":"pa_tur-kitap","9":"pa_yayinevi-sola-unitas","10":"pa_yazar-chris-ducker","12":"first","13":"instock","14":"sale","15":"shipping-taxable","16":"purchasable","17":"product-type-simple"},"_links":{"self":[{"href":"https:\/\/roveyayinevi.com.tr\/index.php\/wp-json\/wp\/v2\/product\/782404","targetHints":{"allow":["GET"]}}],"collection":[{"href":"https:\/\/roveyayinevi.com.tr\/index.php\/wp-json\/wp\/v2\/product"}],"about":[{"href":"https:\/\/roveyayinevi.com.tr\/index.php\/wp-json\/wp\/v2\/types\/product"}],"wp:attachment":[{"href":"https:\/\/roveyayinevi.com.tr\/index.php\/wp-json\/wp\/v2\/media?parent=782404"}],"wp:term":[{"taxonomy":"product_brand","embeddable":true,"href":"https:\/\/roveyayinevi.com.tr\/index.php\/wp-json\/wp\/v2\/product_brand?post=782404"},{"taxonomy":"product_cat","embeddable":true,"href":"https:\/\/roveyayinevi.com.tr\/index.php\/wp-json\/wp\/v2\/product_cat?post=782404"},{"taxonomy":"product_tag","embeddable":true,"href":"https:\/\/roveyayinevi.com.tr\/index.php\/wp-json\/wp\/v2\/product_tag?post=782404"}],"curies":[{"name":"wp","href":"https:\/\/api.w.org\/{rel}","templated":true}]}}