{"id":782403,"date":"2026-02-23T11:32:39","date_gmt":"2026-02-23T08:32:39","guid":{"rendered":"https:\/\/roveyayinevi.com.tr\/index.php\/urun\/hakka-sigindik-2\/"},"modified":"2026-04-16T02:32:46","modified_gmt":"2026-04-15T23:32:46","slug":"hakka-sigindik-2","status":"publish","type":"product","link":"https:\/\/roveyayinevi.com.tr\/index.php\/urun\/hakka-sigindik-2\/","title":{"rendered":"Hakka S\u0131\u011f\u0131nd\u0131k"},"content":{"rendered":"<p>1. D\u00fcnya Sava\u015f\u0131 hen\u00fcz bitmi\u015f, y\u00fczy\u0131llard\u0131r \u0130stanbul\u2019un korkulu r\u00fcyas\u0131 olan yang\u0131nlara bir de \u0130spanyol gribi salg\u0131n\u0131 eklenmi\u015fti. Bir gecede birka\u00e7 mahalleyi k\u00fcl eden me\u015fhur \u0130stanbul yang\u0131nlar\u0131 gibi h\u0131zla yay\u0131lan hastal\u0131k, \u00f6l\u00fcm\u00fc payla\u015ft\u0131rmakta zengin, fakir g\u00f6zetmeyerek bir t\u00fcr e\u015fitlik sa\u011flam\u0131\u015f, bazen s\u0131rf \u015fa\u015faal\u0131 ya\u015famlar\u0131n\u0131 meraktan bazen sadece g\u00f6z hakk\u0131 teslim edilir umuduyla gece g\u00fcnd\u00fcz zengin konaklar\u0131n\u0131 izleyen yoksullar i\u00e7in y\u00fcrek so\u011futan gizli bir intikam olmu\u015ftu.Hakka S\u0131\u011f\u0131nd\u0131k gizemli bir tehdit mektubu, \u0130spanyol gribi ve iki zengin kona\u011f\u0131ndan ard\u0131 ard\u0131na \u00e7\u0131kan cenazelerin aras\u0131ndaki gizli ba\u011f\u0131 \u00e7\u00f6zmek i\u00e7in bat\u0131l inan\u00e7lar\u0131n vahim g\u00fcl\u00fcn\u00e7l\u00fc\u011f\u00fcnden yola \u00e7\u0131k\u0131p yoksullu\u011fun, kimsesizli\u011fin kat\u0131 ger\u00e7e\u011fine ula\u015fan bir maceray\u0131 anlat\u0131yor.Bu macerada, H\u00fcseyin Rahmi G\u00fcrp\u0131nar, her zamanki dikkatli g\u00f6zlemleri ve i\u00e7ten anlat\u0131m\u0131yla yoksul mahallelerinin, yang\u0131n yerlerinin, kimsesiz \u00e7ocuklar\u0131n, salg\u0131n\u0131n, \u00fczerinden y\u00fcz y\u0131l ge\u00e7mesine ra\u011fmen pek de de\u011fi\u015fmeyen \u00e7oksesli bir foto\u011fraf\u0131n\u0131 \u00e7ekiyor. Her bak\u0131\u015fta yeni ayr\u0131nt\u0131lar\u0131n ke\u015ffedilece\u011fi kalabal\u0131k bir foto\u011fraf bu. <\/p>\n","protected":false},"excerpt":{"rendered":"<p>1. D\u00fcnya Sava\u015f\u0131 hen\u00fcz bitmi\u015f, y\u00fczy\u0131llard\u0131r \u0130stanbul\u2019un korkulu r\u00fcyas\u0131 olan yang\u0131nlara bir de \u0130spanyol gribi salg\u0131n\u0131 eklenmi\u015fti. Bir gecede birka\u00e7 mahalleyi k\u00fcl eden me\u015fhur \u0130stanbul yang\u0131nlar\u0131<span class=\"excerpt-hellip\"> [\u2026]<\/span><\/p>\n","protected":false},"featured_media":0,"template":"","meta":{"_monsterinsights_skip_tracking":false,"_monsterinsights_sitenote_active":false,"_monsterinsights_sitenote_note":"","_monsterinsights_sitenote_category":0},"product_brand":[],"product_cat":[12291,12711],"product_tag":[],"class_list":{"0":"post-782403","1":"product","2":"type-product","3":"status-publish","5":"product_cat-edebiyat","6":"product_cat-roman-oyku","7":"pa_cilt-ciltsiz","8":"pa_tur-kitap","9":"pa_yayinevi-everest-yayinlari","10":"pa_yazar-huseyin-rahmi-gurpinar","12":"first","13":"instock","14":"sale","15":"shipping-taxable","16":"purchasable","17":"product-type-simple"},"_links":{"self":[{"href":"https:\/\/roveyayinevi.com.tr\/index.php\/wp-json\/wp\/v2\/product\/782403","targetHints":{"allow":["GET"]}}],"collection":[{"href":"https:\/\/roveyayinevi.com.tr\/index.php\/wp-json\/wp\/v2\/product"}],"about":[{"href":"https:\/\/roveyayinevi.com.tr\/index.php\/wp-json\/wp\/v2\/types\/product"}],"wp:attachment":[{"href":"https:\/\/roveyayinevi.com.tr\/index.php\/wp-json\/wp\/v2\/media?parent=782403"}],"wp:term":[{"taxonomy":"product_brand","embeddable":true,"href":"https:\/\/roveyayinevi.com.tr\/index.php\/wp-json\/wp\/v2\/product_brand?post=782403"},{"taxonomy":"product_cat","embeddable":true,"href":"https:\/\/roveyayinevi.com.tr\/index.php\/wp-json\/wp\/v2\/product_cat?post=782403"},{"taxonomy":"product_tag","embeddable":true,"href":"https:\/\/roveyayinevi.com.tr\/index.php\/wp-json\/wp\/v2\/product_tag?post=782403"}],"curies":[{"name":"wp","href":"https:\/\/api.w.org\/{rel}","templated":true}]}}