{"id":782402,"date":"2026-02-23T11:32:36","date_gmt":"2026-02-23T08:32:36","guid":{"rendered":"https:\/\/roveyayinevi.com.tr\/index.php\/urun\/siirler-4\/"},"modified":"2026-04-16T02:32:45","modified_gmt":"2026-04-15T23:32:45","slug":"siirler-4","status":"publish","type":"product","link":"https:\/\/roveyayinevi.com.tr\/index.php\/urun\/siirler-4\/","title":{"rendered":"\u015eiirler"},"content":{"rendered":"<p>Ne zaman ki art\u0131k anlamak ve anla\u015f\u0131lmak s\u0131n\u0131rlar\u0131 a\u015ft\u0131, muhabbette kelimeler anlam\u0131n\u0131 yitirdi, g\u00f6zlerin ve g\u00f6zya\u015flar\u0131n\u0131n, kalbin ve kalpsizli\u011fin anlatt\u0131klar\u0131 c\u00fcmlelere s\u0131\u011fmad\u0131 ben de yazmaya ve yazd\u0131klar\u0131m\u0131 biriktirmeye tekrar ba\u015flad\u0131m. Bu kitap da \u00f6yle olu\u015ftu. Biraz h\u00fczn\u00fcm, biraz k\u0131zg\u0131nl\u0131\u011f\u0131m, biraz korkum, biraz \u00fcmidim, biraz \u00fcmitsizli\u011fim, biraz sevgim, biraz \u00f6zlemim, biraz sitemim, \u2026 derken kendimi tatl\u0131 bir yazma heyecan\u0131 i\u00e7erisinde buldum. Zaman zaman art\u0131p zaman zaman azalsa da bu heyecan hen\u00fcz dinmedi. \u00d6nceleri farkl\u0131 farkl\u0131 \u00fcsluplarda, farkl\u0131 farkl\u0131 konularda \u00f6rnekler yazd\u0131m, bunlar\u0131n bir k\u0131sm\u0131n\u0131 kitab\u0131ma ald\u0131m bir k\u0131sm\u0131n\u0131 almad\u0131m. Sonralar\u0131 i\u00e7imi yakan ve ruhumu daraltan konularda kendime, sevdiklerime, ya\u015fad\u0131\u011f\u0131m \u015fehre ve \u00fclkeme seslenmek istedim. Yazmak bana iyi geliyor. Ruhumun hafifledi\u011fini hissediyorum.<\/p>\n","protected":false},"excerpt":{"rendered":"<p>Ne zaman ki art\u0131k anlamak ve anla\u015f\u0131lmak s\u0131n\u0131rlar\u0131 a\u015ft\u0131, muhabbette kelimeler anlam\u0131n\u0131 yitirdi, g\u00f6zlerin ve g\u00f6zya\u015flar\u0131n\u0131n, kalbin ve kalpsizli\u011fin anlatt\u0131klar\u0131 c\u00fcmlelere s\u0131\u011fmad\u0131 ben de yazmaya ve<span class=\"excerpt-hellip\"> [\u2026]<\/span><\/p>\n","protected":false},"featured_media":0,"template":"","meta":{"_monsterinsights_skip_tracking":false,"_monsterinsights_sitenote_active":false,"_monsterinsights_sitenote_note":"","_monsterinsights_sitenote_category":0},"product_brand":[],"product_cat":[35958],"product_tag":[],"class_list":{"0":"post-782402","1":"product","2":"type-product","3":"status-publish","5":"product_cat-siir-2","6":"pa_cilt-ciltsiz","7":"pa_tur-kitap","8":"pa_yayinevi-mana-kitap","9":"pa_yazar-fazil-ozden","11":"first","12":"instock","13":"sale","14":"shipping-taxable","15":"purchasable","16":"product-type-simple"},"_links":{"self":[{"href":"https:\/\/roveyayinevi.com.tr\/index.php\/wp-json\/wp\/v2\/product\/782402","targetHints":{"allow":["GET"]}}],"collection":[{"href":"https:\/\/roveyayinevi.com.tr\/index.php\/wp-json\/wp\/v2\/product"}],"about":[{"href":"https:\/\/roveyayinevi.com.tr\/index.php\/wp-json\/wp\/v2\/types\/product"}],"wp:attachment":[{"href":"https:\/\/roveyayinevi.com.tr\/index.php\/wp-json\/wp\/v2\/media?parent=782402"}],"wp:term":[{"taxonomy":"product_brand","embeddable":true,"href":"https:\/\/roveyayinevi.com.tr\/index.php\/wp-json\/wp\/v2\/product_brand?post=782402"},{"taxonomy":"product_cat","embeddable":true,"href":"https:\/\/roveyayinevi.com.tr\/index.php\/wp-json\/wp\/v2\/product_cat?post=782402"},{"taxonomy":"product_tag","embeddable":true,"href":"https:\/\/roveyayinevi.com.tr\/index.php\/wp-json\/wp\/v2\/product_tag?post=782402"}],"curies":[{"name":"wp","href":"https:\/\/api.w.org\/{rel}","templated":true}]}}