{"id":782396,"date":"2026-02-23T11:31:40","date_gmt":"2026-02-23T08:31:40","guid":{"rendered":"https:\/\/roveyayinevi.com.tr\/index.php\/urun\/300-boyama\/"},"modified":"2026-03-11T02:53:38","modified_gmt":"2026-03-10T23:53:38","slug":"300-boyama","status":"publish","type":"product","link":"https:\/\/roveyayinevi.com.tr\/index.php\/urun\/300-boyama\/","title":{"rendered":"300 Boyama"},"content":{"rendered":"<p>U\u00e7akta bir z\u00fcrafa, tavuklar\u0131 besleyen bir k\u0131z,Bal yiyen \u015firin bir ay\u0131\u2026Bu e\u011flenceli boyama kitab\u0131nda \u00c7ocu\u011funuzun renk verebilece\u011fi 300 farkl\u0131 resim var.\u00c7izimlerin \u00e7evresindeki renkler Sizi harekete ge\u00e7irecek!5 ya\u015f ve \u00fczeri \u00e7ocuklar i\u00e7in haz\u0131rlanm\u0131\u015f bu kitapta birbirinden e\u011flenceli sayfalar sizi bekliyor.<\/p>\n","protected":false},"excerpt":{"rendered":"<p>U\u00e7akta bir z\u00fcrafa, tavuklar\u0131 besleyen bir k\u0131z,Bal yiyen \u015firin bir ay\u0131\u2026Bu e\u011flenceli boyama kitab\u0131nda \u00c7ocu\u011funuzun renk verebilece\u011fi 300 farkl\u0131 resim var.\u00c7izimlerin \u00e7evresindeki renkler Sizi harekete ge\u00e7irecek!5<span class=\"excerpt-hellip\"> [\u2026]<\/span><\/p>\n","protected":false},"featured_media":0,"template":"","meta":{"_monsterinsights_skip_tracking":false,"_monsterinsights_sitenote_active":false,"_monsterinsights_sitenote_note":"","_monsterinsights_sitenote_category":0},"product_brand":[],"product_cat":[12644,12274],"product_tag":[],"class_list":{"0":"post-782396","1":"product","2":"type-product","3":"status-publish","5":"product_cat-boyama-kitaplari","6":"product_cat-cocuk-ve-genclik-kitaplari","7":"pa_cilt-ciltsiz","8":"pa_tur-kitap","9":"pa_yayinevi-marti-cocuk-yayinlari","10":"pa_yazar-kolektif","12":"first","13":"instock","14":"sale","15":"shipping-taxable","16":"purchasable","17":"product-type-simple"},"_links":{"self":[{"href":"https:\/\/roveyayinevi.com.tr\/index.php\/wp-json\/wp\/v2\/product\/782396","targetHints":{"allow":["GET"]}}],"collection":[{"href":"https:\/\/roveyayinevi.com.tr\/index.php\/wp-json\/wp\/v2\/product"}],"about":[{"href":"https:\/\/roveyayinevi.com.tr\/index.php\/wp-json\/wp\/v2\/types\/product"}],"wp:attachment":[{"href":"https:\/\/roveyayinevi.com.tr\/index.php\/wp-json\/wp\/v2\/media?parent=782396"}],"wp:term":[{"taxonomy":"product_brand","embeddable":true,"href":"https:\/\/roveyayinevi.com.tr\/index.php\/wp-json\/wp\/v2\/product_brand?post=782396"},{"taxonomy":"product_cat","embeddable":true,"href":"https:\/\/roveyayinevi.com.tr\/index.php\/wp-json\/wp\/v2\/product_cat?post=782396"},{"taxonomy":"product_tag","embeddable":true,"href":"https:\/\/roveyayinevi.com.tr\/index.php\/wp-json\/wp\/v2\/product_tag?post=782396"}],"curies":[{"name":"wp","href":"https:\/\/api.w.org\/{rel}","templated":true}]}}