{"id":782395,"date":"2026-02-23T11:31:37","date_gmt":"2026-02-23T08:31:37","guid":{"rendered":"https:\/\/roveyayinevi.com.tr\/index.php\/urun\/uykudaki-uyaniyor\/"},"modified":"2026-04-16T02:32:14","modified_gmt":"2026-04-15T23:32:14","slug":"uykudaki-uyaniyor","status":"publish","type":"product","link":"https:\/\/roveyayinevi.com.tr\/index.php\/urun\/uykudaki-uyaniyor\/","title":{"rendered":"Uykudaki Uyan\u0131yor"},"content":{"rendered":"<p>H. G. Wells\u2019in ilk kez 1899 y\u0131l\u0131nda tefrika olarak, 1910 y\u0131l\u0131nda ise de\u011fi\u015fiklikler yaparak okura sundu\u011fu Uykudaki Uyan\u0131yor, iki as\u0131rl\u0131k uykusunun ard\u0131ndan 2100\u2019l\u00fc y\u0131llarda g\u00f6z\u00fcn\u00fc a\u00e7t\u0131\u011f\u0131nda d\u00fcnyan\u0131n en \u00f6nemli insan\u0131 oldu\u011funu fark eden birinin bu ger\u00e7ekle m\u00fccadelesini konu al\u0131yor.   Bir Victoria d\u00f6nemi insan\u0131 olarak yatt\u0131\u011f\u0131 uykusundan distopik bir gelecekte d\u00fcnyan\u0131n h\u00e2kimi olarak uyanan Graham\u2019in karar vermesi gereken \u015fey basittir: Uyanmas\u0131yla ba\u015flayan devrimin sonunda g\u00fcc\u00fcn\u00fc halkla m\u0131 yoksa h\u00e2kim kuvvetle mi payla\u015facakt\u0131r?   Modern edebiyatta distopyan\u0131n ilk \u00f6rneklerinden biri olan kitapta Wells, g\u00fcn\u00fcm\u00fczde y\u00fczle\u015fmek zorunda oldu\u011fumuz kapitalist i\u015ftah\u0131 ve akabinde gelen kontrols\u00fcz makinele\u015fmeyi b\u00fcy\u00fck bir \u00f6ng\u00f6r\u00fcyle anlat\u0131yor.   Yazar\u0131n k\u00fclliyat\u0131nda ahlak\u00e7\u0131l\u0131\u011f\u0131n izlerinin g\u00f6r\u00fclmeye ba\u015fland\u0131\u011f\u0131 ilk eser olarak kabul edilen Uykudaki Uyan\u0131yor\u2019da sosyalizmden devrime ihanete, halk\u0131n bilin\u00e7li olarak fakirle\u015ftirilmesinden se\u00e7kinlerin t\u00fcm teknoloji ve zevk kaynaklar\u0131na h\u00e2kim olmas\u0131na dek pek \u00e7ok fikir kar\u015f\u0131 kar\u015f\u0131ya geliyor.   \u201cEsas bilimkurgu klasiklerinin en \u00f6nemlilerinden biri. Uykudaki Uyan\u0131yor\u2019un as\u0131l ba\u015far\u0131s\u0131 insani de\u011ferleri yans\u0131tabilmesinde. Kitapta g\u00fczel yeni d\u00fcnyaya dair hayallerimizden \u00e7ok uzakta olan toplumsal ger\u00e7eklikler anlat\u0131l\u0131yor olsa da onu asl\u0131nda bir klasik haline getiren on dokuzuncu y\u00fczy\u0131ldaki Viktoryac\u0131l\u0131\u011f\u0131n o siyahbeyaz kavramlar\u0131n\u0131 temel almas\u0131. Bu eser \u2018Gen\u00e7 Wells\u2019in \u00fctopik olmayan kitaplar\u0131 aras\u0131nda en iyisi.\u201d \u2013Galaxy Science Fiction   Orson Scott Card\u2019\u0131n \u00f6ns\u00f6z\u00fcyle Henri Lanos\u2019un resimleriyle <\/p>\n","protected":false},"excerpt":{"rendered":"<p>H. G. Wells\u2019in ilk kez 1899 y\u0131l\u0131nda tefrika olarak, 1910 y\u0131l\u0131nda ise de\u011fi\u015fiklikler yaparak okura sundu\u011fu Uykudaki Uyan\u0131yor, iki as\u0131rl\u0131k uykusunun ard\u0131ndan 2100\u2019l\u00fc y\u0131llarda g\u00f6z\u00fcn\u00fc a\u00e7t\u0131\u011f\u0131nda<span class=\"excerpt-hellip\"> [\u2026]<\/span><\/p>\n","protected":false},"featured_media":0,"template":"","meta":{"_monsterinsights_skip_tracking":false,"_monsterinsights_sitenote_active":false,"_monsterinsights_sitenote_note":"","_monsterinsights_sitenote_category":0},"product_brand":[],"product_cat":[12540,12291],"product_tag":[],"class_list":{"0":"post-782395","1":"product","2":"type-product","3":"status-publish","5":"product_cat-bilim-kurgu","6":"product_cat-edebiyat","7":"pa_cilt-ciltsiz","8":"pa_tur-kitap","9":"pa_yayinevi-ithaki-yayinlari","10":"pa_yazar-h-g-wells","12":"first","13":"instock","14":"sale","15":"shipping-taxable","16":"purchasable","17":"product-type-simple"},"_links":{"self":[{"href":"https:\/\/roveyayinevi.com.tr\/index.php\/wp-json\/wp\/v2\/product\/782395","targetHints":{"allow":["GET"]}}],"collection":[{"href":"https:\/\/roveyayinevi.com.tr\/index.php\/wp-json\/wp\/v2\/product"}],"about":[{"href":"https:\/\/roveyayinevi.com.tr\/index.php\/wp-json\/wp\/v2\/types\/product"}],"wp:attachment":[{"href":"https:\/\/roveyayinevi.com.tr\/index.php\/wp-json\/wp\/v2\/media?parent=782395"}],"wp:term":[{"taxonomy":"product_brand","embeddable":true,"href":"https:\/\/roveyayinevi.com.tr\/index.php\/wp-json\/wp\/v2\/product_brand?post=782395"},{"taxonomy":"product_cat","embeddable":true,"href":"https:\/\/roveyayinevi.com.tr\/index.php\/wp-json\/wp\/v2\/product_cat?post=782395"},{"taxonomy":"product_tag","embeddable":true,"href":"https:\/\/roveyayinevi.com.tr\/index.php\/wp-json\/wp\/v2\/product_tag?post=782395"}],"curies":[{"name":"wp","href":"https:\/\/api.w.org\/{rel}","templated":true}]}}