{"id":782394,"date":"2026-02-23T11:31:29","date_gmt":"2026-02-23T08:31:29","guid":{"rendered":"https:\/\/roveyayinevi.com.tr\/index.php\/urun\/senden-kurtulus-yok-mu\/"},"modified":"2026-03-09T02:38:12","modified_gmt":"2026-03-08T23:38:12","slug":"senden-kurtulus-yok-mu","status":"publish","type":"product","link":"https:\/\/roveyayinevi.com.tr\/index.php\/urun\/senden-kurtulus-yok-mu\/","title":{"rendered":"Senden Kurtulu\u015f Yok mu?"},"content":{"rendered":"<p>Narsist biriyle birlikte oldu\u011fu i\u00e7in yeterince iyi olup olmad\u0131\u011f\u0131n\u0131 d\u00fc\u015f\u00fcnerek ili\u015fkisini s\u00fcrd\u00fcren, ger\u00e7ekleri \u00e7ok ge\u00e7 fark eden, \u2018Bo\u015f Ayna\u2019s\u0131n\u0131 kendisine yans\u0131tma f\u0131rsat\u0131 buldu\u011fu ilk anda i\u00e7inde \u00e7alan siren seslerini duyan ve \u015fifalanmaya giden yolda kalemi eline alarak bireysel tarihini yeniden yazan kad\u0131nlara\u2026   \u201cYirmili ya\u015flar\u0131m\u0131n hen\u00fcz ba\u015f\u0131nda tan\u0131\u015ft\u0131\u011f\u0131m, ilk andan itibaren ba\u015f\u0131m\u0131 d\u00f6nd\u00fcren, b\u00fcy\u00fck bir a\u015fkla ba\u011fl\u0131 oldu\u011fum e\u015fimin bir narsist oldu\u011funu ve o\u011flumla birlikte beni sadece kendi ihtiya\u00e7lar\u0131n\u0131 kar\u015f\u0131lamak i\u00e7in kuland\u0131\u011f\u0131n\u0131 fark etti\u011fimde \u00e7ok ge\u00e7ti. Duygusal olarak  yeterince istismar edilmi\u015ftik ve buna art\u0131k devam etmemeliydik. Bo\u015fanma s\u00fcreci boyunca ya\u015fad\u0131klar\u0131m\u0131 bir tarafa b\u0131rak\u0131rsam, kendime sordu\u011fum o tek soru travmam\u0131 iyile\u015ftirebilmem i\u00e7in bir yol haritas\u0131 sundu: \u201cSenden Kurtulu\u015f Yok mu?\u201d\u201d   Narsizmin neden oldu\u011funu duygusal zarar\u0131 tan\u0131mak ve iyile\u015ftir\u00f6ek i\u00e7in ad\u0131m ad\u0131m bir program sunan bu kitap, Dr, Karyl McBride\u2019\u0131n hem kendiniz hemde \u00e7ocuklar\u0131n\u0131z i\u00e7in yapabileceklerinizi s\u0131ralad\u0131\u011f\u0131 bir rehbere d\u00f6n\u00fc\u015f\u00fcyor.<\/p>\n","protected":false},"excerpt":{"rendered":"<p>Narsist biriyle birlikte oldu\u011fu i\u00e7in yeterince iyi olup olmad\u0131\u011f\u0131n\u0131 d\u00fc\u015f\u00fcnerek ili\u015fkisini s\u00fcrd\u00fcren, ger\u00e7ekleri \u00e7ok ge\u00e7 fark eden, \u2018Bo\u015f Ayna\u2019s\u0131n\u0131 kendisine yans\u0131tma f\u0131rsat\u0131 buldu\u011fu ilk anda i\u00e7inde<span class=\"excerpt-hellip\"> [\u2026]<\/span><\/p>\n","protected":false},"featured_media":0,"template":"","meta":{"_monsterinsights_skip_tracking":false,"_monsterinsights_sitenote_active":false,"_monsterinsights_sitenote_note":"","_monsterinsights_sitenote_category":0},"product_brand":[],"product_cat":[12358,12357],"product_tag":[],"class_list":{"0":"post-782394","1":"product","2":"type-product","3":"status-publish","5":"product_cat-genel-psikoloji","6":"product_cat-psikoloji","7":"pa_cilt-ciltsiz","8":"pa_tur-kitap","9":"pa_yayinevi-okuyan-us-yayin","10":"pa_yazar-karyl-mcbride","12":"first","13":"instock","14":"sale","15":"shipping-taxable","16":"purchasable","17":"product-type-simple"},"_links":{"self":[{"href":"https:\/\/roveyayinevi.com.tr\/index.php\/wp-json\/wp\/v2\/product\/782394","targetHints":{"allow":["GET"]}}],"collection":[{"href":"https:\/\/roveyayinevi.com.tr\/index.php\/wp-json\/wp\/v2\/product"}],"about":[{"href":"https:\/\/roveyayinevi.com.tr\/index.php\/wp-json\/wp\/v2\/types\/product"}],"wp:attachment":[{"href":"https:\/\/roveyayinevi.com.tr\/index.php\/wp-json\/wp\/v2\/media?parent=782394"}],"wp:term":[{"taxonomy":"product_brand","embeddable":true,"href":"https:\/\/roveyayinevi.com.tr\/index.php\/wp-json\/wp\/v2\/product_brand?post=782394"},{"taxonomy":"product_cat","embeddable":true,"href":"https:\/\/roveyayinevi.com.tr\/index.php\/wp-json\/wp\/v2\/product_cat?post=782394"},{"taxonomy":"product_tag","embeddable":true,"href":"https:\/\/roveyayinevi.com.tr\/index.php\/wp-json\/wp\/v2\/product_tag?post=782394"}],"curies":[{"name":"wp","href":"https:\/\/api.w.org\/{rel}","templated":true}]}}