{"id":782388,"date":"2026-02-23T11:30:33","date_gmt":"2026-02-23T08:30:33","guid":{"rendered":"https:\/\/roveyayinevi.com.tr\/index.php\/urun\/dogmamis-kristof\/"},"modified":"2026-03-21T02:37:41","modified_gmt":"2026-03-20T23:37:41","slug":"dogmamis-kristof","status":"publish","type":"product","link":"https:\/\/roveyayinevi.com.tr\/index.php\/urun\/dogmamis-kristof\/","title":{"rendered":"Do\u011fmam\u0131\u015f Kristof"},"content":{"rendered":"<p>Herkes bilsin, annemin kara g\u00f6zleri s\u0131rf kendine daha \u00e7ok benzemek i\u00e7in de\u011fi\u015fen bir kumsal.Herkes bilsin, babam\u0131n miyop, sar\u0131-ye\u015fil g\u00f6zleri geli\u015fimden ve varl\u0131ktan yoksun bir deniz: Babam s\u00fcrekli de\u011fi\u015fiyor, ama hep ayn\u0131.Herkes bilsin, babamla annem dansta bir araya geldiler, ama bunun da \u00f6l\u00fcm\u00fc erteleyen bir t\u00f6renden ibaret oldu\u011funu biliyorlar.Meksika i\u00e7in \u00f6ng\u00f6r\u00fclen b\u00fct\u00fcn felaketlerin ger\u00e7ekle\u015fti\u011fi 1992 y\u0131l\u0131, Kristof Kolomb\u2019un Yeni D\u00fcnya\u2019y\u0131 ke\u015ffinin de 500. y\u0131ld\u00f6n\u00fcm\u00fc. G\u00f6kten zehir ya\u011fan, siyaset\u00e7ilerin kitleleri bilin\u00e7sizle\u015ftirme yoluyla zapt etti\u011fi, ABD\u2019nin s\u00f6m\u00fcrge politikalar\u0131na art\u0131k tamamen teslim olmu\u015f Meksika\u2019n\u0131n ge\u00e7mi\u015fini oldu\u011fu kadar gelece\u011fini de g\u00f6ren Kristof\u2019un anlat\u0131s\u0131 bu. Anne rahmindeki Kristof do\u011fmay\u0131 beklerken isimlerin esrar\u0131n\u0131 \u00e7\u00f6zmeye u\u011fra\u015facak, bilinmeyene kar\u015f\u0131 sava\u015facak, dilleri kar\u0131\u015ft\u0131racak, soracak, konu\u015facak, hayal kuracak, insanlara kendilerinin ba\u015fka bir imgesini sunacak, ayn\u0131 kalarak d\u00f6n\u00fc\u015f\u00fcme u\u011frayacak\u2026Yirminci y\u00fczy\u0131l\u0131n en \u00f6zg\u00fcn romanlar\u0131ndan Do\u011fmam\u0131\u015f Kristof, Carlos Fuentes\u2019in deneysel \u00fcslubuyla ac\u0131mas\u0131z alayc\u0131l\u0131\u011f\u0131n\u0131 bulu\u015fturan benzersiz bir eser.#epikroman #kristofkolomb #yenid\u00fcnya #meksika #emperyalizm<\/p>\n","protected":false},"excerpt":{"rendered":"<p>Herkes bilsin, annemin kara g\u00f6zleri s\u0131rf kendine daha \u00e7ok benzemek i\u00e7in de\u011fi\u015fen bir kumsal.Herkes bilsin, babam\u0131n miyop, sar\u0131-ye\u015fil g\u00f6zleri geli\u015fimden ve varl\u0131ktan yoksun bir deniz: Babam<span class=\"excerpt-hellip\"> [\u2026]<\/span><\/p>\n","protected":false},"featured_media":0,"template":"","meta":{"_monsterinsights_skip_tracking":false,"_monsterinsights_sitenote_active":false,"_monsterinsights_sitenote_note":"","_monsterinsights_sitenote_category":0},"product_brand":[],"product_cat":[12291,12711],"product_tag":[],"class_list":{"0":"post-782388","1":"product","2":"type-product","3":"status-publish","5":"product_cat-edebiyat","6":"product_cat-roman-oyku","7":"pa_cilt-ciltsiz","8":"pa_tur-kitap","9":"pa_yayinevi-can-yayinlari","10":"pa_yazar-carlos-fuentes","12":"first","13":"instock","14":"sale","15":"shipping-taxable","16":"purchasable","17":"product-type-simple"},"_links":{"self":[{"href":"https:\/\/roveyayinevi.com.tr\/index.php\/wp-json\/wp\/v2\/product\/782388","targetHints":{"allow":["GET"]}}],"collection":[{"href":"https:\/\/roveyayinevi.com.tr\/index.php\/wp-json\/wp\/v2\/product"}],"about":[{"href":"https:\/\/roveyayinevi.com.tr\/index.php\/wp-json\/wp\/v2\/types\/product"}],"wp:attachment":[{"href":"https:\/\/roveyayinevi.com.tr\/index.php\/wp-json\/wp\/v2\/media?parent=782388"}],"wp:term":[{"taxonomy":"product_brand","embeddable":true,"href":"https:\/\/roveyayinevi.com.tr\/index.php\/wp-json\/wp\/v2\/product_brand?post=782388"},{"taxonomy":"product_cat","embeddable":true,"href":"https:\/\/roveyayinevi.com.tr\/index.php\/wp-json\/wp\/v2\/product_cat?post=782388"},{"taxonomy":"product_tag","embeddable":true,"href":"https:\/\/roveyayinevi.com.tr\/index.php\/wp-json\/wp\/v2\/product_tag?post=782388"}],"curies":[{"name":"wp","href":"https:\/\/api.w.org\/{rel}","templated":true}]}}