{"id":782383,"date":"2026-02-23T11:28:19","date_gmt":"2026-02-23T08:28:19","guid":{"rendered":"https:\/\/roveyayinevi.com.tr\/index.php\/urun\/kirkindan-sonra-2\/"},"modified":"2026-04-16T02:29:44","modified_gmt":"2026-04-15T23:29:44","slug":"kirkindan-sonra-2","status":"publish","type":"product","link":"https:\/\/roveyayinevi.com.tr\/index.php\/urun\/kirkindan-sonra-2\/","title":{"rendered":"K\u0131rk\u0131ndan Sonra"},"content":{"rendered":"<p>Harika bir giri\u015fimci olmak ister misiniz? Onlarca giri\u015fimin kurulu\u015funa ve geli\u015fimine dan\u0131\u015fmanl\u0131k yapan Glenda Shawley, kendi vizyonunuzu g\u00f6rebilmeniz ve katma de\u011fer yaratma nedeninizi anlayabilmeniz i\u00e7in size ufuk a\u00e7\u0131c\u0131 bilgiler veriyor. Shawley, do\u011fru i\u015f modelini bularak \u00f6zg\u00fcrl\u00fc\u011f\u00fcn\u00fcze bir ad\u0131m daha yakla\u015fman\u0131z i\u00e7in m\u00fc\u015fterilerin bulunmas\u0131ndan, hedef pazar yaratmaya; do\u011fru y\u00f6n\u00fcn se\u00e7ilmesinden, yolculu\u011funuzun haritaland\u0131r\u0131lmas\u0131na kadar bir\u00e7ok a\u015famay\u0131 do\u011fru \u015fekilde deneyimlemek isteyenler i\u00e7in \u00f6nemli bir kaynak olu\u015fturdu. Kitap boyunca anlat\u0131mlar, \u00f6rneklerle desteklendi\u011finden kolayca anla\u015f\u0131labilir ve ak\u0131c\u0131 bir dile sahip. Her b\u00f6l\u00fcm d\u00fc\u015f\u00fcn\u00fclmesi gereken konular\u0131n yan\u0131 s\u0131ra \u00f6nemli aksiyon ad\u0131mlar\u0131yla sona eriyor. Kendinize rehber olabilecek bu kitab\u0131n i\u00e7indeki \u00e7al\u0131\u015fma etkinliklerini dan\u0131\u015fmanl\u0131k ya da rehberlik yapt\u0131\u011f\u0131n\u0131z m\u00fc\u015fterilerinizle birlikte de rahatl\u0131kla kullanabilirsiniz.   Dikkatle okursan\u0131z bu kitap \u00e7ok ba\u015far\u0131l\u0131 sonu\u00e7lara liderlik etmenizi sa\u011flayacakt\u0131r. <\/p>\n","protected":false},"excerpt":{"rendered":"<p>Harika bir giri\u015fimci olmak ister misiniz? Onlarca giri\u015fimin kurulu\u015funa ve geli\u015fimine dan\u0131\u015fmanl\u0131k yapan Glenda Shawley, kendi vizyonunuzu g\u00f6rebilmeniz ve katma de\u011fer yaratma nedeninizi anlayabilmeniz i\u00e7in size<span class=\"excerpt-hellip\"> [\u2026]<\/span><\/p>\n","protected":false},"featured_media":0,"template":"","meta":{"_monsterinsights_skip_tracking":false,"_monsterinsights_sitenote_active":false,"_monsterinsights_sitenote_note":"","_monsterinsights_sitenote_category":0},"product_brand":[],"product_cat":[13043,17647],"product_tag":[],"class_list":{"0":"post-782383","1":"product","2":"type-product","3":"status-publish","5":"product_cat-ekonomi","6":"product_cat-is-dunyasi","7":"pa_cilt-ciltsiz","8":"pa_tur-kitap","9":"pa_yayinevi-sola-unitas","10":"pa_yazar-glenda-shawley","12":"first","13":"instock","14":"sale","15":"shipping-taxable","16":"purchasable","17":"product-type-simple"},"_links":{"self":[{"href":"https:\/\/roveyayinevi.com.tr\/index.php\/wp-json\/wp\/v2\/product\/782383","targetHints":{"allow":["GET"]}}],"collection":[{"href":"https:\/\/roveyayinevi.com.tr\/index.php\/wp-json\/wp\/v2\/product"}],"about":[{"href":"https:\/\/roveyayinevi.com.tr\/index.php\/wp-json\/wp\/v2\/types\/product"}],"wp:attachment":[{"href":"https:\/\/roveyayinevi.com.tr\/index.php\/wp-json\/wp\/v2\/media?parent=782383"}],"wp:term":[{"taxonomy":"product_brand","embeddable":true,"href":"https:\/\/roveyayinevi.com.tr\/index.php\/wp-json\/wp\/v2\/product_brand?post=782383"},{"taxonomy":"product_cat","embeddable":true,"href":"https:\/\/roveyayinevi.com.tr\/index.php\/wp-json\/wp\/v2\/product_cat?post=782383"},{"taxonomy":"product_tag","embeddable":true,"href":"https:\/\/roveyayinevi.com.tr\/index.php\/wp-json\/wp\/v2\/product_tag?post=782383"}],"curies":[{"name":"wp","href":"https:\/\/api.w.org\/{rel}","templated":true}]}}