{"id":782382,"date":"2026-02-23T11:28:11","date_gmt":"2026-02-23T08:28:11","guid":{"rendered":"https:\/\/roveyayinevi.com.tr\/index.php\/urun\/cocuk-kayik-ve-canavar\/"},"modified":"2026-04-16T02:29:25","modified_gmt":"2026-04-15T23:29:25","slug":"cocuk-kayik-ve-canavar","status":"publish","type":"product","link":"https:\/\/roveyayinevi.com.tr\/index.php\/urun\/cocuk-kayik-ve-canavar\/","title":{"rendered":"\u00c7ocuk Kay\u0131k ve Canavar"},"content":{"rendered":"<p>Sahilde mahsur kalan bir \u00e7ocu\u011fun esrarengiz hik\u00e2yesi\u2026\u00c7ocuk gizemli ve \u0131ss\u0131z bir sahilde uyan\u0131r. Kim oldu\u011funa, buraya nas\u0131l geldi\u011fine dair hi\u00e7bir fikri yoktur. \u00c7ocu\u011fun gizemli \u015feyleri geni\u015f hayal g\u00fcc\u00fcyle doldurmas\u0131 her \u015feyi daha da gizemli ve \u00fcrk\u00fct\u00fcc\u00fc h\u00e2le getirir. K\u0131y\u0131y\u0131 \u00e7evreleyen a\u011fa\u00e7lar\u0131n \u00f6tesindeki Ye\u015fil Duvar\u2019\u0131n \u00fcst\u00fcnde bir \u0131\u015f\u0131k g\u00f6rd\u00fc\u011f\u00fcnde merak etti\u011fi sorulara cevap bulma umuduyla \u0131\u015f\u0131\u011f\u0131 takip etmeye karar verir.\u00c7ocuk bu yolculukta, hayatta kalma m\u00fccadelesi veriyor ve ger\u00e7e\u011fi ar\u0131yor. Eve giderken onu en b\u00fcy\u00fck korkusuyla y\u00fczle\u015ftirecek beklenmedik bir ger\u00e7ek\u2026Samantha M. Clark heyecan verici ve yepyeni bir ses.<\/p>\n","protected":false},"excerpt":{"rendered":"<p>Sahilde mahsur kalan bir \u00e7ocu\u011fun esrarengiz hik\u00e2yesi\u2026\u00c7ocuk gizemli ve \u0131ss\u0131z bir sahilde uyan\u0131r. Kim oldu\u011funa, buraya nas\u0131l geldi\u011fine dair hi\u00e7bir fikri yoktur. \u00c7ocu\u011fun gizemli \u015feyleri geni\u015f<span class=\"excerpt-hellip\"> [\u2026]<\/span><\/p>\n","protected":false},"featured_media":0,"template":"","meta":{"_monsterinsights_skip_tracking":false,"_monsterinsights_sitenote_active":false,"_monsterinsights_sitenote_note":"","_monsterinsights_sitenote_category":0},"product_brand":[],"product_cat":[12274,12284],"product_tag":[],"class_list":{"0":"post-782382","1":"product","2":"type-product","3":"status-publish","5":"product_cat-cocuk-ve-genclik-kitaplari","6":"product_cat-hikayeler","7":"pa_cilt-ciltsiz","8":"pa_tur-kitap","9":"pa_yayinevi-genc-timas","10":"pa_yazar-samantha-m-clark","12":"first","13":"instock","14":"sale","15":"shipping-taxable","16":"purchasable","17":"product-type-simple"},"_links":{"self":[{"href":"https:\/\/roveyayinevi.com.tr\/index.php\/wp-json\/wp\/v2\/product\/782382","targetHints":{"allow":["GET"]}}],"collection":[{"href":"https:\/\/roveyayinevi.com.tr\/index.php\/wp-json\/wp\/v2\/product"}],"about":[{"href":"https:\/\/roveyayinevi.com.tr\/index.php\/wp-json\/wp\/v2\/types\/product"}],"wp:attachment":[{"href":"https:\/\/roveyayinevi.com.tr\/index.php\/wp-json\/wp\/v2\/media?parent=782382"}],"wp:term":[{"taxonomy":"product_brand","embeddable":true,"href":"https:\/\/roveyayinevi.com.tr\/index.php\/wp-json\/wp\/v2\/product_brand?post=782382"},{"taxonomy":"product_cat","embeddable":true,"href":"https:\/\/roveyayinevi.com.tr\/index.php\/wp-json\/wp\/v2\/product_cat?post=782382"},{"taxonomy":"product_tag","embeddable":true,"href":"https:\/\/roveyayinevi.com.tr\/index.php\/wp-json\/wp\/v2\/product_tag?post=782382"}],"curies":[{"name":"wp","href":"https:\/\/api.w.org\/{rel}","templated":true}]}}