{"id":782381,"date":"2026-02-23T11:28:06","date_gmt":"2026-02-23T08:28:06","guid":{"rendered":"https:\/\/roveyayinevi.com.tr\/index.php\/urun\/ogrenme-kartlari-saatler\/"},"modified":"2026-03-12T02:38:43","modified_gmt":"2026-03-11T23:38:43","slug":"ogrenme-kartlari-saatler","status":"publish","type":"product","link":"https:\/\/roveyayinevi.com.tr\/index.php\/urun\/ogrenme-kartlari-saatler\/","title":{"rendered":"\u00d6\u011frenme Kartlar\u0131 &#8211; Saatler"},"content":{"rendered":"<p>\u00dcr\u00fcn Tan\u0131t\u0131m Yaz\u0131s\u0131 :\u00d6\u011frenme Kartlar\u0131m\u0131z, aileler ve \u00e7ocuklar\u0131 taraf\u0131ndan rahat\u00e7a kullan\u0131labilecek \u015fekilde haz\u0131rland\u0131. G\u00fcn i\u00e7inde yap\u0131lan etkinlikleri saat olarak ifade edip s\u00f6yleyebilecekler.Bu kartlar ile \u00e7ocuklar\u0131m\u0131z;\u2022Analog saat ve dijital saati kullanmay\u0131\u2022Tam saatin 60 dakika etti\u011fini\u2022Yar\u0131m saatin 30 dakika etti\u011fini\u2022\u00c7eyrek saatin 15 dakika etti\u011fini \u00f6\u011frenip ve s\u00f6yleyebilecek.\u00d6\u011frenme Kartlar ile oyna, e\u011flen, \u00f6\u011fren, fark et&#8230;<\/p>\n","protected":false},"excerpt":{"rendered":"<p>\u00dcr\u00fcn Tan\u0131t\u0131m Yaz\u0131s\u0131 :\u00d6\u011frenme Kartlar\u0131m\u0131z, aileler ve \u00e7ocuklar\u0131 taraf\u0131ndan rahat\u00e7a kullan\u0131labilecek \u015fekilde haz\u0131rland\u0131. G\u00fcn i\u00e7inde yap\u0131lan etkinlikleri saat olarak ifade edip s\u00f6yleyebilecekler.Bu kartlar ile \u00e7ocuklar\u0131m\u0131z;\u2022Analog saat<span class=\"excerpt-hellip\"> [\u2026]<\/span><\/p>\n","protected":false},"featured_media":0,"template":"","meta":{"_monsterinsights_skip_tracking":false,"_monsterinsights_sitenote_active":false,"_monsterinsights_sitenote_note":"","_monsterinsights_sitenote_category":0},"product_brand":[],"product_cat":[12274,24599],"product_tag":[],"class_list":{"0":"post-782381","1":"product","2":"type-product","3":"status-publish","5":"product_cat-cocuk-ve-genclik-kitaplari","6":"product_cat-zeka-gelisimi","7":"pa_cilt-ciltsiz","8":"pa_tur-kitap20","9":"pa_yayinevi-marti-cocuk-yayinlari","10":"pa_yazar-kolektif","12":"first","13":"instock","14":"sale","15":"shipping-taxable","16":"purchasable","17":"product-type-simple"},"_links":{"self":[{"href":"https:\/\/roveyayinevi.com.tr\/index.php\/wp-json\/wp\/v2\/product\/782381","targetHints":{"allow":["GET"]}}],"collection":[{"href":"https:\/\/roveyayinevi.com.tr\/index.php\/wp-json\/wp\/v2\/product"}],"about":[{"href":"https:\/\/roveyayinevi.com.tr\/index.php\/wp-json\/wp\/v2\/types\/product"}],"wp:attachment":[{"href":"https:\/\/roveyayinevi.com.tr\/index.php\/wp-json\/wp\/v2\/media?parent=782381"}],"wp:term":[{"taxonomy":"product_brand","embeddable":true,"href":"https:\/\/roveyayinevi.com.tr\/index.php\/wp-json\/wp\/v2\/product_brand?post=782381"},{"taxonomy":"product_cat","embeddable":true,"href":"https:\/\/roveyayinevi.com.tr\/index.php\/wp-json\/wp\/v2\/product_cat?post=782381"},{"taxonomy":"product_tag","embeddable":true,"href":"https:\/\/roveyayinevi.com.tr\/index.php\/wp-json\/wp\/v2\/product_tag?post=782381"}],"curies":[{"name":"wp","href":"https:\/\/api.w.org\/{rel}","templated":true}]}}