{"id":782380,"date":"2026-02-23T11:27:29","date_gmt":"2026-02-23T08:27:29","guid":{"rendered":"https:\/\/roveyayinevi.com.tr\/index.php\/urun\/yarin-ola-hayrola\/"},"modified":"2026-02-27T02:32:41","modified_gmt":"2026-02-26T23:32:41","slug":"yarin-ola-hayrola","status":"publish","type":"product","link":"https:\/\/roveyayinevi.com.tr\/index.php\/urun\/yarin-ola-hayrola\/","title":{"rendered":"Yar\u0131n Ola Hayrola"},"content":{"rendered":"<p>Hakl\u0131 insanlar kaybetmez. Bir kere Allah buna m\u00fcsaade etmez. Sen umut ederek ya\u015famaya devam et. \u0130lk raundu onlar kazanm\u0131\u015f olsalar da, sonunda havaya kalkacak el seninki olacakt\u0131r.\u00dcz\u00fclme! Her g\u00fc\u00e7l\u00fc\u011f\u00fcn ard\u0131nda kolayl\u0131klar vard\u0131r. Bug\u00fcn hayat seni dikenine sard\u0131ysa, yar\u0131n mutlaka g\u00fcl\u00fcn\u00fc de koklatacakt\u0131r. Bug\u00fcn kader can\u0131n\u0131 biraz fazla ac\u0131tt\u0131ysa yar\u0131n \u00e7ok mutlu edecek s\u00fcrprizler de yapacakt\u0131r. Sen yeter ki inanc\u0131n\u0131 koru. \u00c7\u00fcnk\u00fc her ne olursa olsun inananlar bir g\u00fcn mutlaka kazanacakt\u0131r.Unutma, yar\u0131nlar iyi insanlar i\u00e7indir. \u00c7\u00fcnk\u00fc zaman, Allah&#8217;\u0131n temiz kullar\u0131na hediyesidir. Elbet kalbinin temizli\u011fi, hak etti\u011fin mutlulu\u011fu sana getirecektir. Bu y\u00fczden hi\u00e7 takma kafana, yaslan arkana, b\u0131rak Allah&#8217;a, yar\u0131n ola hayrola&#8230;<\/p>\n","protected":false},"excerpt":{"rendered":"<p>Hakl\u0131 insanlar kaybetmez. Bir kere Allah buna m\u00fcsaade etmez. Sen umut ederek ya\u015famaya devam et. \u0130lk raundu onlar kazanm\u0131\u015f olsalar da, sonunda havaya kalkacak el seninki<span class=\"excerpt-hellip\"> [\u2026]<\/span><\/p>\n","protected":false},"featured_media":0,"template":"","meta":{"_monsterinsights_skip_tracking":false,"_monsterinsights_sitenote_active":false,"_monsterinsights_sitenote_note":"","_monsterinsights_sitenote_category":0},"product_brand":[],"product_cat":[12777,12291],"product_tag":[],"class_list":{"0":"post-782380","1":"product","2":"type-product","3":"status-publish","5":"product_cat-deneme","6":"product_cat-edebiyat","7":"pa_cilt-ciltsiz","8":"pa_tur-kitap","9":"pa_yayinevi-olimpos-yayinlari","10":"pa_yazar-nebi-yildiz","12":"first","13":"instock","14":"sale","15":"shipping-taxable","16":"purchasable","17":"product-type-simple"},"_links":{"self":[{"href":"https:\/\/roveyayinevi.com.tr\/index.php\/wp-json\/wp\/v2\/product\/782380","targetHints":{"allow":["GET"]}}],"collection":[{"href":"https:\/\/roveyayinevi.com.tr\/index.php\/wp-json\/wp\/v2\/product"}],"about":[{"href":"https:\/\/roveyayinevi.com.tr\/index.php\/wp-json\/wp\/v2\/types\/product"}],"wp:attachment":[{"href":"https:\/\/roveyayinevi.com.tr\/index.php\/wp-json\/wp\/v2\/media?parent=782380"}],"wp:term":[{"taxonomy":"product_brand","embeddable":true,"href":"https:\/\/roveyayinevi.com.tr\/index.php\/wp-json\/wp\/v2\/product_brand?post=782380"},{"taxonomy":"product_cat","embeddable":true,"href":"https:\/\/roveyayinevi.com.tr\/index.php\/wp-json\/wp\/v2\/product_cat?post=782380"},{"taxonomy":"product_tag","embeddable":true,"href":"https:\/\/roveyayinevi.com.tr\/index.php\/wp-json\/wp\/v2\/product_tag?post=782380"}],"curies":[{"name":"wp","href":"https:\/\/api.w.org\/{rel}","templated":true}]}}