{"id":782379,"date":"2026-02-23T11:27:24","date_gmt":"2026-02-23T08:27:24","guid":{"rendered":"https:\/\/roveyayinevi.com.tr\/index.php\/urun\/gezginler-okulu-2\/"},"modified":"2026-02-23T11:27:24","modified_gmt":"2026-02-23T08:27:24","slug":"gezginler-okulu-2","status":"publish","type":"product","link":"https:\/\/roveyayinevi.com.tr\/index.php\/urun\/gezginler-okulu-2\/","title":{"rendered":"Gezginler Okulu"},"content":{"rendered":"<p>Bol \u00f6d\u00fcll\u00fc yazar Mavisel Yener\u2019in ustal\u0131kla kaleme ald\u0131\u011f\u0131 s\u00fcr\u00fckleyici bir yolculu\u011fa haz\u0131r m\u0131s\u0131n\u0131z?   Gezginler Okulu\u2019nun \u00f6\u011frenci ve \u00f6\u011fretmenleri, \u00e7\u0131kt\u0131klar\u0131 gezide, en b\u00fcy\u00fck ke\u015ffin kendini tan\u0131mak oldu\u011funu deneyimleyecekler.   Dev buzullarda ya\u015fanan nefes kesici macera, vah\u015fi do\u011fan\u0131n art\u0131rd\u0131\u011f\u0131 gerilim ve kurtulu\u015f yolunda m\u00fccadele eden gezginler\u2026 Kim av, kim avc\u0131?.. Asla tahmin edemeyece\u011finiz bir son\u2026   Heyecanl\u0131 kitaplar okumay\u0131 seven \u00e7ocuklar i\u00e7in\u2026 <\/p>\n","protected":false},"excerpt":{"rendered":"<p>Bol \u00f6d\u00fcll\u00fc yazar Mavisel Yener\u2019in ustal\u0131kla kaleme ald\u0131\u011f\u0131 s\u00fcr\u00fckleyici bir yolculu\u011fa haz\u0131r m\u0131s\u0131n\u0131z? Gezginler Okulu\u2019nun \u00f6\u011frenci ve \u00f6\u011fretmenleri, \u00e7\u0131kt\u0131klar\u0131 gezide, en b\u00fcy\u00fck ke\u015ffin kendini tan\u0131mak oldu\u011funu<span class=\"excerpt-hellip\"> [\u2026]<\/span><\/p>\n","protected":false},"featured_media":0,"template":"","meta":{"_monsterinsights_skip_tracking":false,"_monsterinsights_sitenote_active":false,"_monsterinsights_sitenote_note":"","_monsterinsights_sitenote_category":0},"product_brand":[],"product_cat":[12291,12711],"product_tag":[],"class_list":{"0":"post-782379","1":"product","2":"type-product","3":"status-publish","5":"product_cat-edebiyat","6":"product_cat-roman-oyku","7":"pa_cilt-ciltsiz","8":"pa_tur-kitap","9":"pa_yayinevi-indigo-kitap","10":"pa_yazar-mavisel-yener","12":"first","13":"instock","14":"sale","15":"shipping-taxable","16":"purchasable","17":"product-type-simple"},"_links":{"self":[{"href":"https:\/\/roveyayinevi.com.tr\/index.php\/wp-json\/wp\/v2\/product\/782379","targetHints":{"allow":["GET"]}}],"collection":[{"href":"https:\/\/roveyayinevi.com.tr\/index.php\/wp-json\/wp\/v2\/product"}],"about":[{"href":"https:\/\/roveyayinevi.com.tr\/index.php\/wp-json\/wp\/v2\/types\/product"}],"wp:attachment":[{"href":"https:\/\/roveyayinevi.com.tr\/index.php\/wp-json\/wp\/v2\/media?parent=782379"}],"wp:term":[{"taxonomy":"product_brand","embeddable":true,"href":"https:\/\/roveyayinevi.com.tr\/index.php\/wp-json\/wp\/v2\/product_brand?post=782379"},{"taxonomy":"product_cat","embeddable":true,"href":"https:\/\/roveyayinevi.com.tr\/index.php\/wp-json\/wp\/v2\/product_cat?post=782379"},{"taxonomy":"product_tag","embeddable":true,"href":"https:\/\/roveyayinevi.com.tr\/index.php\/wp-json\/wp\/v2\/product_tag?post=782379"}],"curies":[{"name":"wp","href":"https:\/\/api.w.org\/{rel}","templated":true}]}}