{"id":782378,"date":"2026-02-23T11:27:18","date_gmt":"2026-02-23T08:27:18","guid":{"rendered":"https:\/\/roveyayinevi.com.tr\/index.php\/urun\/hayaletin-garip-huylari\/"},"modified":"2026-04-16T02:28:46","modified_gmt":"2026-04-15T23:28:46","slug":"hayaletin-garip-huylari","status":"publish","type":"product","link":"https:\/\/roveyayinevi.com.tr\/index.php\/urun\/hayaletin-garip-huylari\/","title":{"rendered":"Hayaletin Garip Huylar\u0131"},"content":{"rendered":"<p>Korkunun h\u00fck\u00fcm s\u00fcrd\u00fc\u011f\u00fc, u\u011fursuz g\u00fc\u00e7lerin ve \u00fcrk\u00fct\u00fcc\u00fc yarat\u0131klar\u0131n varl\u0131\u011f\u0131n\u0131 s\u00fcrd\u00fcrd\u00fc\u011f\u00fc, g\u00fczel her \u015feyin bir anda yok olabilece\u011fi o tuhaf ve harika durakta bulu\u015fal\u0131m.\u0130\u011fren\u00e7 s\u0131\u00e7anlar\u0131n yeni bir d\u00fcnya kurdu\u011fu karanl\u0131klar\u0131n derinliklerinden, hayatla \u00f6l\u00fcm\u00fc birbirinden ay\u0131ran ba\u015f d\u00f6nd\u00fcr\u00fcc\u00fc y\u00fcksekliklere\u2026 \u0130nsanl\u0131\u011f\u0131 yery\u00fcz\u00fcnden silmeye \u00e7al\u0131\u015fan bir vir\u00fcsten, uzay\u0131n sonsuzlu\u011fundan gelen korkun\u00e7 bir tehdide\u2026 Ba\u011f\u0131ml\u0131l\u0131ktan kurtulmak i\u00e7in al\u0131\u015f\u0131lmad\u0131k yollara ba\u015fvuran bir adamdan, mide buland\u0131r\u0131c\u0131 bir d\u00f6n\u00fc\u015f\u00fcm ge\u00e7iren yaln\u0131z bir alkoli\u011fe\u2026 T\u00fcylerinizi diken diken edecek yirmi m\u00fcthi\u015f \u00f6yk\u00fc.Hayaletin Garip Huylar\u0131 King\u2019in deli hayal g\u00fcc\u00fcn\u00fcn nas\u0131l da s\u0131n\u0131r tan\u0131mad\u0131\u011f\u0131n\u0131n bir kan\u0131t\u0131.<\/p>\n","protected":false},"excerpt":{"rendered":"<p>Korkunun h\u00fck\u00fcm s\u00fcrd\u00fc\u011f\u00fc, u\u011fursuz g\u00fc\u00e7lerin ve \u00fcrk\u00fct\u00fcc\u00fc yarat\u0131klar\u0131n varl\u0131\u011f\u0131n\u0131 s\u00fcrd\u00fcrd\u00fc\u011f\u00fc, g\u00fczel her \u015feyin bir anda yok olabilece\u011fi o tuhaf ve harika durakta bulu\u015fal\u0131m.\u0130\u011fren\u00e7 s\u0131\u00e7anlar\u0131n yeni bir<span class=\"excerpt-hellip\"> [\u2026]<\/span><\/p>\n","protected":false},"featured_media":0,"template":"","meta":{"_monsterinsights_skip_tracking":false,"_monsterinsights_sitenote_active":false,"_monsterinsights_sitenote_note":"","_monsterinsights_sitenote_category":0},"product_brand":[],"product_cat":[12291,17033],"product_tag":[],"class_list":{"0":"post-782378","1":"product","2":"type-product","3":"status-publish","5":"product_cat-edebiyat","6":"product_cat-korku-gerilim","7":"pa_cilt-ciltsiz","8":"pa_tur-kitap","9":"pa_yayinevi-altin-kitaplar","10":"pa_yazar-stephen-king","12":"first","13":"instock","14":"sale","15":"shipping-taxable","16":"purchasable","17":"product-type-simple"},"_links":{"self":[{"href":"https:\/\/roveyayinevi.com.tr\/index.php\/wp-json\/wp\/v2\/product\/782378","targetHints":{"allow":["GET"]}}],"collection":[{"href":"https:\/\/roveyayinevi.com.tr\/index.php\/wp-json\/wp\/v2\/product"}],"about":[{"href":"https:\/\/roveyayinevi.com.tr\/index.php\/wp-json\/wp\/v2\/types\/product"}],"wp:attachment":[{"href":"https:\/\/roveyayinevi.com.tr\/index.php\/wp-json\/wp\/v2\/media?parent=782378"}],"wp:term":[{"taxonomy":"product_brand","embeddable":true,"href":"https:\/\/roveyayinevi.com.tr\/index.php\/wp-json\/wp\/v2\/product_brand?post=782378"},{"taxonomy":"product_cat","embeddable":true,"href":"https:\/\/roveyayinevi.com.tr\/index.php\/wp-json\/wp\/v2\/product_cat?post=782378"},{"taxonomy":"product_tag","embeddable":true,"href":"https:\/\/roveyayinevi.com.tr\/index.php\/wp-json\/wp\/v2\/product_tag?post=782378"}],"curies":[{"name":"wp","href":"https:\/\/api.w.org\/{rel}","templated":true}]}}