{"id":782376,"date":"2026-02-23T11:25:46","date_gmt":"2026-02-23T08:25:46","guid":{"rendered":"https:\/\/roveyayinevi.com.tr\/index.php\/urun\/istanbul-efsaneleri\/"},"modified":"2026-04-16T02:27:38","modified_gmt":"2026-04-15T23:27:38","slug":"istanbul-efsaneleri","status":"publish","type":"product","link":"https:\/\/roveyayinevi.com.tr\/index.php\/urun\/istanbul-efsaneleri\/","title":{"rendered":"\u0130stanbul Efsaneleri"},"content":{"rendered":"<p>Dikkat!Okuyaca\u011f\u0131n bu kitap di\u011fer kitaplara benzemez! Bu kitab\u0131n kahraman\u0131 sensin!Al\u0131\u015f\u0131k oldu\u011fun pek \u00e7ok kitap gibi bu kitap ba\u015ftan sona s\u0131rayla okunacak bir kitap de\u011fil. Kitap ilerledik\u00e7e senden kararlar vermen istenecek, sayfadan sayfaya atlaman, zorluklar\u0131 a\u015fman gerekecek. Cesaretle mi davranacaks\u0131n yoksa zek\u00e2n\u0131 m\u0131 kullanacaks\u0131n? Olaylara bal\u0131klama m\u0131 dalacaks\u0131n yoksa enine boyuna d\u00fc\u015f\u00fcnecek misin? Verdi\u011fin kararlar do\u011frultusunda at\u0131ld\u0131\u011f\u0131n macera \u00e7ok farkl\u0131 sonlara gidebilir. Eh, ba\u015f\u0131na geleceklerden sen sorumlu olacaks\u0131n.Unutma, bu kitab\u0131 okurken baz\u0131 sayfalar\u0131n sonunda bir karar vermen ve senden istenen sayfaya giderek maceraya devam etmen gerek, yoksa kaybolabilirsin. Bu kitab\u0131n tek bir ba\u015flang\u0131c\u0131 olabilir ama pek \u00e7ok sonu var. Bekledi\u011fin sonlara ula\u015famamak seni y\u0131ld\u0131rmas\u0131n.Unutma, tekrar deneyebilir, her verdi\u011fin kararla farkl\u0131 bir ona ula\u015fabilirsin.Keyifli bir macera dileklerimizle&#8230;<\/p>\n","protected":false},"excerpt":{"rendered":"<p>Dikkat!Okuyaca\u011f\u0131n bu kitap di\u011fer kitaplara benzemez! Bu kitab\u0131n kahraman\u0131 sensin!Al\u0131\u015f\u0131k oldu\u011fun pek \u00e7ok kitap gibi bu kitap ba\u015ftan sona s\u0131rayla okunacak bir kitap de\u011fil. Kitap ilerledik\u00e7e<span class=\"excerpt-hellip\"> [\u2026]<\/span><\/p>\n","protected":false},"featured_media":0,"template":"","meta":{"_monsterinsights_skip_tracking":false,"_monsterinsights_sitenote_active":false,"_monsterinsights_sitenote_note":"","_monsterinsights_sitenote_category":0},"product_brand":[],"product_cat":[12291,12711],"product_tag":[],"class_list":{"0":"post-782376","1":"product","2":"type-product","3":"status-publish","5":"product_cat-edebiyat","6":"product_cat-roman-oyku","7":"pa_cilt-ciltsiz","8":"pa_tur-kitap","9":"pa_yayinevi-babiali-kultur-yayinlari","10":"pa_yazar-bahadir-icel","12":"first","13":"instock","14":"sale","15":"shipping-taxable","16":"purchasable","17":"product-type-simple"},"_links":{"self":[{"href":"https:\/\/roveyayinevi.com.tr\/index.php\/wp-json\/wp\/v2\/product\/782376","targetHints":{"allow":["GET"]}}],"collection":[{"href":"https:\/\/roveyayinevi.com.tr\/index.php\/wp-json\/wp\/v2\/product"}],"about":[{"href":"https:\/\/roveyayinevi.com.tr\/index.php\/wp-json\/wp\/v2\/types\/product"}],"wp:attachment":[{"href":"https:\/\/roveyayinevi.com.tr\/index.php\/wp-json\/wp\/v2\/media?parent=782376"}],"wp:term":[{"taxonomy":"product_brand","embeddable":true,"href":"https:\/\/roveyayinevi.com.tr\/index.php\/wp-json\/wp\/v2\/product_brand?post=782376"},{"taxonomy":"product_cat","embeddable":true,"href":"https:\/\/roveyayinevi.com.tr\/index.php\/wp-json\/wp\/v2\/product_cat?post=782376"},{"taxonomy":"product_tag","embeddable":true,"href":"https:\/\/roveyayinevi.com.tr\/index.php\/wp-json\/wp\/v2\/product_tag?post=782376"}],"curies":[{"name":"wp","href":"https:\/\/api.w.org\/{rel}","templated":true}]}}