{"id":782374,"date":"2026-02-23T11:24:05","date_gmt":"2026-02-23T08:24:05","guid":{"rendered":"https:\/\/roveyayinevi.com.tr\/index.php\/urun\/gectigimiz-alti-ayda-cok-sey-oldu\/"},"modified":"2026-04-16T02:26:54","modified_gmt":"2026-04-15T23:26:54","slug":"gectigimiz-alti-ayda-cok-sey-oldu","status":"publish","type":"product","link":"https:\/\/roveyayinevi.com.tr\/index.php\/urun\/gectigimiz-alti-ayda-cok-sey-oldu\/","title":{"rendered":"Ge\u00e7ti\u011fimiz Alt\u0131 Ayda \u00c7ok \u015eey Oldu"},"content":{"rendered":"<p>\u00d6l\u00fcm\u00fcn ve ya\u015fam\u0131n sokaklar\u0131nda gezintiye \u00e7\u0131km\u0131\u015f, kendi soka\u011f\u0131nda g\u00f6\u00e7ebe bir \u015fiiri var Sinem Sal&#8217;\u0131n. U\u00e7mamakta \u00f6zg\u00fcrl\u00fc\u011f\u00fc bulan kanatl\u0131 bir \u015fiir.   Ge\u00e7ti\u011fimiz Alt\u0131 Ayda \u00c7ok \u015eey Oldu, g\u00f6kku\u015fa\u011f\u0131n\u0131n t\u00fcm renklerinin siyahla dans etti\u011fi bir kitap. \u00c2\u015f\u0131klar\u0131n, g\u00f6\u00e7ebelerin, evini arayanlar\u0131n s\u0131\u011f\u0131nabilece\u011fi, kendilerine ait bir oda bulabilece\u011fi devasa bir \u015fiir soka\u011f\u0131. \u201cge\u00e7ti\u011fimiz alt\u0131 ayda \u00e7ok \u015fey oldu kendi dal\u0131na a\u011f\u0131r bir meyveydim lezzetimden eksilmedi ama rendelendim.\u201d <\/p>\n","protected":false},"excerpt":{"rendered":"<p>\u00d6l\u00fcm\u00fcn ve ya\u015fam\u0131n sokaklar\u0131nda gezintiye \u00e7\u0131km\u0131\u015f, kendi soka\u011f\u0131nda g\u00f6\u00e7ebe bir \u015fiiri var Sinem Sal&#8217;\u0131n. U\u00e7mamakta \u00f6zg\u00fcrl\u00fc\u011f\u00fc bulan kanatl\u0131 bir \u015fiir. Ge\u00e7ti\u011fimiz Alt\u0131 Ayda \u00c7ok \u015eey Oldu,<span class=\"excerpt-hellip\"> [\u2026]<\/span><\/p>\n","protected":false},"featured_media":0,"template":"","meta":{"_monsterinsights_skip_tracking":false,"_monsterinsights_sitenote_active":false,"_monsterinsights_sitenote_note":"","_monsterinsights_sitenote_category":0},"product_brand":[],"product_cat":[12291,12509],"product_tag":[],"class_list":{"0":"post-782374","1":"product","2":"type-product","3":"status-publish","5":"product_cat-edebiyat","6":"product_cat-siir","7":"pa_cilt-ciltsiz","8":"pa_tur-kitap","9":"pa_yayinevi-kara-karga-yayinlari","10":"pa_yazar-sinem-sal","12":"first","13":"instock","14":"sale","15":"shipping-taxable","16":"purchasable","17":"product-type-simple"},"_links":{"self":[{"href":"https:\/\/roveyayinevi.com.tr\/index.php\/wp-json\/wp\/v2\/product\/782374","targetHints":{"allow":["GET"]}}],"collection":[{"href":"https:\/\/roveyayinevi.com.tr\/index.php\/wp-json\/wp\/v2\/product"}],"about":[{"href":"https:\/\/roveyayinevi.com.tr\/index.php\/wp-json\/wp\/v2\/types\/product"}],"wp:attachment":[{"href":"https:\/\/roveyayinevi.com.tr\/index.php\/wp-json\/wp\/v2\/media?parent=782374"}],"wp:term":[{"taxonomy":"product_brand","embeddable":true,"href":"https:\/\/roveyayinevi.com.tr\/index.php\/wp-json\/wp\/v2\/product_brand?post=782374"},{"taxonomy":"product_cat","embeddable":true,"href":"https:\/\/roveyayinevi.com.tr\/index.php\/wp-json\/wp\/v2\/product_cat?post=782374"},{"taxonomy":"product_tag","embeddable":true,"href":"https:\/\/roveyayinevi.com.tr\/index.php\/wp-json\/wp\/v2\/product_tag?post=782374"}],"curies":[{"name":"wp","href":"https:\/\/api.w.org\/{rel}","templated":true}]}}