{"id":782372,"date":"2026-02-23T11:23:37","date_gmt":"2026-02-23T08:23:37","guid":{"rendered":"https:\/\/roveyayinevi.com.tr\/index.php\/urun\/benim-atolyelerim\/"},"modified":"2026-04-16T02:26:51","modified_gmt":"2026-04-15T23:26:51","slug":"benim-atolyelerim","status":"publish","type":"product","link":"https:\/\/roveyayinevi.com.tr\/index.php\/urun\/benim-atolyelerim\/","title":{"rendered":"Benim At\u00f6lyelerim"},"content":{"rendered":"<p>\u201cBenim ne oldu\u011fuma \u00e7ok dikkat et. Ben i\u00e7inden r\u00fczg\u00e2r\u0131n ge\u00e7ece\u011fi bir kap\u0131, suyu tutamayan bir \u00e7anak, \u00f6rtmeyen bir \u00e7at\u0131 gibiyim. Ben bir gezginim, ben bir yolcuyum. Aray\u0131\u015f\u0131ma devam etmeme izin ver.\u201d G\u0131lgam\u0131\u015f\u0130nsano\u011flunun ilk zamanlar\u0131ndan beri \u00e7a\u011flar boyu kulland\u0131\u011f\u0131 en ba\u015far\u0131l\u0131 alet \u015f\u00fcphesiz ki elleridir. Basit bir tahta par\u00e7as\u0131 ya da avu\u00e7 i\u00e7i kadar bir ta\u015f, insan\u0131n ellerinde son derece kullan\u0131\u015fl\u0131 aletlere d\u00f6n\u00fc\u015f\u00fcrler. Melih A\u015fanl\u0131 kendi at\u00f6lyesini kurmu\u015f, kendi i\u015fini kendi y\u00f6neten ve usta kalemiyle bu deneyimi yaz\u0131ya d\u00f6n\u00fc\u015ft\u00fcrebilen ender yazarlardan biridir. Geleneksel Yap\u0131 Teknikleri kitab\u0131yla b\u00fcy\u00fck be\u011feni kazanm\u0131\u015f ve yazarl\u0131\u011f\u0131n\u0131 ispat etmi\u015ftir. Melih A\u015fanl\u0131\u2019n\u0131n ikinci kitab\u0131n\u0131 da okurlar\u0131n be\u011fenece\u011finden \u015f\u00fcphe etmiyoruz. <\/p>\n","protected":false},"excerpt":{"rendered":"<p>\u201cBenim ne oldu\u011fuma \u00e7ok dikkat et. Ben i\u00e7inden r\u00fczg\u00e2r\u0131n ge\u00e7ece\u011fi bir kap\u0131, suyu tutamayan bir \u00e7anak, \u00f6rtmeyen bir \u00e7at\u0131 gibiyim. Ben bir gezginim, ben bir yolcuyum.<span class=\"excerpt-hellip\"> [\u2026]<\/span><\/p>\n","protected":false},"featured_media":0,"template":"","meta":{"_monsterinsights_skip_tracking":false,"_monsterinsights_sitenote_active":false,"_monsterinsights_sitenote_note":"","_monsterinsights_sitenote_category":0},"product_brand":[],"product_cat":[13072,12291],"product_tag":[],"class_list":{"0":"post-782372","1":"product","2":"type-product","3":"status-publish","5":"product_cat-arastirma-inceleme-referans","6":"product_cat-edebiyat","7":"pa_cilt-ciltsiz","8":"pa_tur-kitap","9":"pa_yayinevi-yeni-insan-yayinlari","10":"pa_yazar-melih-asanli","12":"first","13":"instock","14":"sale","15":"shipping-taxable","16":"purchasable","17":"product-type-simple"},"_links":{"self":[{"href":"https:\/\/roveyayinevi.com.tr\/index.php\/wp-json\/wp\/v2\/product\/782372","targetHints":{"allow":["GET"]}}],"collection":[{"href":"https:\/\/roveyayinevi.com.tr\/index.php\/wp-json\/wp\/v2\/product"}],"about":[{"href":"https:\/\/roveyayinevi.com.tr\/index.php\/wp-json\/wp\/v2\/types\/product"}],"wp:attachment":[{"href":"https:\/\/roveyayinevi.com.tr\/index.php\/wp-json\/wp\/v2\/media?parent=782372"}],"wp:term":[{"taxonomy":"product_brand","embeddable":true,"href":"https:\/\/roveyayinevi.com.tr\/index.php\/wp-json\/wp\/v2\/product_brand?post=782372"},{"taxonomy":"product_cat","embeddable":true,"href":"https:\/\/roveyayinevi.com.tr\/index.php\/wp-json\/wp\/v2\/product_cat?post=782372"},{"taxonomy":"product_tag","embeddable":true,"href":"https:\/\/roveyayinevi.com.tr\/index.php\/wp-json\/wp\/v2\/product_tag?post=782372"}],"curies":[{"name":"wp","href":"https:\/\/api.w.org\/{rel}","templated":true}]}}