{"id":782369,"date":"2026-02-23T11:23:18","date_gmt":"2026-02-23T08:23:18","guid":{"rendered":"https:\/\/roveyayinevi.com.tr\/index.php\/urun\/iletisimsel-eylem-kurami\/"},"modified":"2026-04-16T02:26:44","modified_gmt":"2026-04-15T23:26:44","slug":"iletisimsel-eylem-kurami","status":"publish","type":"product","link":"https:\/\/roveyayinevi.com.tr\/index.php\/urun\/iletisimsel-eylem-kurami\/","title":{"rendered":"\u0130leti\u015fimsel Eylem Kuram\u0131"},"content":{"rendered":"<p>\u201c\u00c7a\u011fda\u015f toplumsal kurama yap\u0131lm\u0131\u015f en b\u00fcy\u00fck katk\u0131lardan biri. 20. y\u00fczy\u0131l felsefesi ile toplum bilimlerinin ana g\u00f6r\u00fc\u015flerini ikna edici bi\u00e7imde ele\u015ftirmekle kalm\u0131yor, ayn\u0131 zamanda Habermas\u2019\u0131 otuz y\u0131l boyunca me\u015fgul eden bir\u00e7ok konuya y\u00f6nelik sistematik bir sentez de sunuyor.\u201d Times Literary Supplement \u201cNietzsche, Kant\u2019\u0131, \u00e7\u0131lg\u0131nca felsefi a\u011flar \u00f6ren bir \u00f6r\u00fcmce\u011fe benzetirdi. Habermas\u2019ta da benzer \u00f6r\u00fcmceksi e\u011filimler var.  O da toplumsal, ahlaki, hukuki ve siyasal kuramlar\u0131 kucaklayan a\u011flar \u00f6r\u00fcyor.\u201d The Guardian <\/p>\n","protected":false},"excerpt":{"rendered":"<p>\u201c\u00c7a\u011fda\u015f toplumsal kurama yap\u0131lm\u0131\u015f en b\u00fcy\u00fck katk\u0131lardan biri. 20. y\u00fczy\u0131l felsefesi ile toplum bilimlerinin ana g\u00f6r\u00fc\u015flerini ikna edici bi\u00e7imde ele\u015ftirmekle kalm\u0131yor, ayn\u0131 zamanda Habermas\u2019\u0131 otuz y\u0131l<span class=\"excerpt-hellip\"> [\u2026]<\/span><\/p>\n","protected":false},"featured_media":0,"template":"","meta":{"_monsterinsights_skip_tracking":false,"_monsterinsights_sitenote_active":false,"_monsterinsights_sitenote_note":"","_monsterinsights_sitenote_category":0},"product_brand":[],"product_cat":[12389,12388],"product_tag":[],"class_list":{"0":"post-782369","1":"product","2":"type-product","3":"status-publish","5":"product_cat-diger-felsefe","6":"product_cat-felsefe","7":"pa_cilt-ciltsiz","8":"pa_tur-kitap","9":"pa_yayinevi-alfa-yayinlari","10":"pa_yazar-jurgen-habermas","12":"first","13":"instock","14":"sale","15":"shipping-taxable","16":"purchasable","17":"product-type-simple"},"_links":{"self":[{"href":"https:\/\/roveyayinevi.com.tr\/index.php\/wp-json\/wp\/v2\/product\/782369","targetHints":{"allow":["GET"]}}],"collection":[{"href":"https:\/\/roveyayinevi.com.tr\/index.php\/wp-json\/wp\/v2\/product"}],"about":[{"href":"https:\/\/roveyayinevi.com.tr\/index.php\/wp-json\/wp\/v2\/types\/product"}],"wp:attachment":[{"href":"https:\/\/roveyayinevi.com.tr\/index.php\/wp-json\/wp\/v2\/media?parent=782369"}],"wp:term":[{"taxonomy":"product_brand","embeddable":true,"href":"https:\/\/roveyayinevi.com.tr\/index.php\/wp-json\/wp\/v2\/product_brand?post=782369"},{"taxonomy":"product_cat","embeddable":true,"href":"https:\/\/roveyayinevi.com.tr\/index.php\/wp-json\/wp\/v2\/product_cat?post=782369"},{"taxonomy":"product_tag","embeddable":true,"href":"https:\/\/roveyayinevi.com.tr\/index.php\/wp-json\/wp\/v2\/product_tag?post=782369"}],"curies":[{"name":"wp","href":"https:\/\/api.w.org\/{rel}","templated":true}]}}