{"id":782362,"date":"2026-02-23T11:21:03","date_gmt":"2026-02-23T08:21:03","guid":{"rendered":"https:\/\/roveyayinevi.com.tr\/index.php\/urun\/ejderhaca-nasil-konusursun-ejderhani-nasil-egitirsin-3-ciltli\/"},"modified":"2026-04-16T02:25:04","modified_gmt":"2026-04-15T23:25:04","slug":"ejderhaca-nasil-konusursun-ejderhani-nasil-egitirsin-3-ciltli","status":"publish","type":"product","link":"https:\/\/roveyayinevi.com.tr\/index.php\/urun\/ejderhaca-nasil-konusursun-ejderhani-nasil-egitirsin-3-ciltli\/","title":{"rendered":"Ejderhaca Nas\u0131l Konu\u015fursun &#8211; Ejderhan\u0131 Nas\u0131l E\u011fitirsin 3 (Ciltli)"},"content":{"rendered":"<p>\u201cLiderlik i\u00e7in g\u00fc\u00e7 m\u00fc, cesaret mi yoksa zek\u00e2 m\u0131 gerekli?\u201d sorusuna cevap arayan Korkun\u00e7 G\u0131c\u0131k \u00dc\u00e7\u00fcnc\u00fc H\u0131\u00e7k\u0131r\u0131k, esprili anlat\u0131m\u0131yla \u00e7ocuklar\u0131 hem e\u011flendirecek hem de onlara okumay\u0131 sevdirecek. Arkada\u015fl\u0131k, azim ve dayan\u0131\u015fma \u00fczerine e\u011flenceli bir ba\u015flang\u0131\u00e7 hik\u00e2yesi olan, t\u00fcm d\u00fcnyada 8 milyondan fazla satan ve 26 dile \u00e7evrilen serinin ilk kitab\u0131 Ejderhan\u0131 Nas\u0131l E\u011fitirsin ayn\u0131 isimle 2010 y\u0131l\u0131nda Dreamworks taraf\u0131ndan beyazperdeye de uyarland\u0131. \u0130kinci animasyon filmi 2014 y\u0131l\u0131nda izleyiciyle bulu\u015fan serinin \u00fc\u00e7\u00fcnc\u00fc filmiyse 2019 y\u0131l\u0131nda g\u00f6sterime girecek.Korkun\u00e7 G\u0131c\u0131k \u00dc\u00e7\u00fcnc\u00fc H\u0131\u00e7k\u0131r\u0131k Romal\u0131lar taraf\u0131ndan ka\u00e7\u0131r\u0131lm\u0131\u015f, Di\u015fsiz ise esir al\u0131nm\u0131\u015ft\u0131, nanoejder neredeyse mideye indirilecekti ve k\u00f6pekbal\u0131\u011f\u0131kurtlar\u0131 etrafta kol geziyordu. Bir kez daha hepimizin kaderi Korkun\u00e7 G\u0131c\u0131k \u00dc\u00e7\u00fcnc\u00fc H\u0131\u00e7k\u0131r\u0131k\u2019\u0131n ellerindeydi!  <\/p>\n","protected":false},"excerpt":{"rendered":"<p>\u201cLiderlik i\u00e7in g\u00fc\u00e7 m\u00fc, cesaret mi yoksa zek\u00e2 m\u0131 gerekli?\u201d sorusuna cevap arayan Korkun\u00e7 G\u0131c\u0131k \u00dc\u00e7\u00fcnc\u00fc H\u0131\u00e7k\u0131r\u0131k, esprili anlat\u0131m\u0131yla \u00e7ocuklar\u0131 hem e\u011flendirecek hem de onlara okumay\u0131<span class=\"excerpt-hellip\"> [\u2026]<\/span><\/p>\n","protected":false},"featured_media":0,"template":"","meta":{"_monsterinsights_skip_tracking":false,"_monsterinsights_sitenote_active":false,"_monsterinsights_sitenote_note":"","_monsterinsights_sitenote_category":0},"product_brand":[],"product_cat":[12274,12284],"product_tag":[],"class_list":{"0":"post-782362","1":"product","2":"type-product","3":"status-publish","5":"product_cat-cocuk-ve-genclik-kitaplari","6":"product_cat-hikayeler","7":"pa_cilt-ciltli","8":"pa_tur-kitap","9":"pa_yayinevi-epsilon-yayinlari","10":"pa_yazar-cressida-cowell","12":"first","13":"instock","14":"sale","15":"shipping-taxable","16":"purchasable","17":"product-type-simple"},"_links":{"self":[{"href":"https:\/\/roveyayinevi.com.tr\/index.php\/wp-json\/wp\/v2\/product\/782362","targetHints":{"allow":["GET"]}}],"collection":[{"href":"https:\/\/roveyayinevi.com.tr\/index.php\/wp-json\/wp\/v2\/product"}],"about":[{"href":"https:\/\/roveyayinevi.com.tr\/index.php\/wp-json\/wp\/v2\/types\/product"}],"wp:attachment":[{"href":"https:\/\/roveyayinevi.com.tr\/index.php\/wp-json\/wp\/v2\/media?parent=782362"}],"wp:term":[{"taxonomy":"product_brand","embeddable":true,"href":"https:\/\/roveyayinevi.com.tr\/index.php\/wp-json\/wp\/v2\/product_brand?post=782362"},{"taxonomy":"product_cat","embeddable":true,"href":"https:\/\/roveyayinevi.com.tr\/index.php\/wp-json\/wp\/v2\/product_cat?post=782362"},{"taxonomy":"product_tag","embeddable":true,"href":"https:\/\/roveyayinevi.com.tr\/index.php\/wp-json\/wp\/v2\/product_tag?post=782362"}],"curies":[{"name":"wp","href":"https:\/\/api.w.org\/{rel}","templated":true}]}}