{"id":782360,"date":"2026-02-23T11:20:43","date_gmt":"2026-02-23T08:20:43","guid":{"rendered":"https:\/\/roveyayinevi.com.tr\/index.php\/urun\/elon-musk-gelecegin-dahilerine\/"},"modified":"2026-04-16T02:24:40","modified_gmt":"2026-04-15T23:24:40","slug":"elon-musk-gelecegin-dahilerine","status":"publish","type":"product","link":"https:\/\/roveyayinevi.com.tr\/index.php\/urun\/elon-musk-gelecegin-dahilerine\/","title":{"rendered":"Elon Musk &#8211; Gelece\u011fin Dahilerine"},"content":{"rendered":"<p>2017 Kas\u0131m\u2019\u0131nda ElonMusk Ankara\u2019ya geldi ve An\u0131tkabir\u2019i ziyareti esnas\u0131nda \u00e7ekti\u011fi foto\u011fraf\u0131 \u015fu s\u00f6zlerle payla\u015ft\u0131:   \u201c\u00dc\u00e7 k\u0131r\u0131k kaburga, delik bir akci\u011fer ve yine de sava\u015ft\u0131.\u201d   Bu payla\u015f\u0131m\u0131, bir anda T\u00fcrkiye\u2019deki milyonlar\u0131n ElonMusk&#8217;\u0131n kim oldu\u011funu merak etmesine neden oldu.   T\u00fcrkiye\u2019de ve d\u00fcnyada \u00e7ok satan listelerinden uzun s\u00fcre inmeyen ve t\u00fcm zamanlar\u0131n en be\u011fenilen kitaplar\u0131 aras\u0131na giren ElonMusk\u2019\u0131n tek resmi biyografisi HarperCollins taraf\u0131ndan 8-18 ya\u015f aral\u0131\u011f\u0131ndaki gen\u00e7 ve \u00e7ocuklar i\u00e7in uyarland\u0131.   Bu kitap; gen\u00e7 bir giri\u015fimcinin \u015firketleri ile d\u00fcnyadaki otomotiv, ta\u015f\u0131mac\u0131l\u0131k, uzay-havac\u0131l\u0131k ve enerji sekt\u00f6rlerindeki yerle\u015fik d\u00fczene meydan okumas\u0131n\u0131n s\u0131ra d\u0131\u015f\u0131 hik\u00e2yesidir. AshleeVance, 300\u2019e yak\u0131n insanla konu\u015farak ve ElonMusk ile 30 saatten fazla birebir g\u00f6r\u00fc\u015fme yaparak bu \u00e7arp\u0131c\u0131 ve ilham verici hayat hik\u00e2yesini okurlarla bulu\u015fturuyor.   Hayat\u0131n\u0131, d\u00fcnyay\u0131 fosil yak\u0131tlara mahkum olmaktan kurtarmaya adayan ElonMusk\u2019\u0131n \u00f6n\u00fcne \u00e7\u0131kan engeller, b\u00fcy\u00fck ba\u015far\u0131lar\u0131 ve ya\u015fad\u0131klar\u0131 daha iyi bir gelece\u011fin hayalini kuran gen\u00e7 ve \u00e7ocuklar i\u00e7in ilham kayna\u011f\u0131 olacakt\u0131r. Kar\u015f\u0131la\u015ft\u0131\u011f\u0131 b\u00fcy\u00fck sorun ve s\u0131k\u0131nt\u0131lar\u0131 okumak gen\u00e7lere zorluklarla m\u00fccadele g\u00fcc\u00fc a\u015f\u0131layacakt\u0131r. \u00c7ocuklu\u011fundan itibaren okudu\u011fu kitaplar ile bilim ve teknolojiye olan m\u00fcthi\u015f merak\u0131 ise bilim, teknoloji ve giri\u015fimcili\u011fe aktif ilgilerini art\u0131rarak bu alanlarda insanl\u0131k i\u00e7in faydal\u0131 i\u015fler yapmalar\u0131 konusunda \u00e7ocuklar\u0131 motive edecektir.   Bug\u00fcn yeti\u015fkinlerin olsa da gelecek \u00e7ocuk ve gen\u00e7lerin olacak. \u00d6zellikle de gelecekte sergileyecekleri dehalarla d\u00fcnyay\u0131 insanlar ve di\u011fer canl\u0131lar i\u00e7in daha iyi bir yer yapma yolunda ilerleyenlerin olacak.   <\/p>\n","protected":false},"excerpt":{"rendered":"<p>2017 Kas\u0131m\u2019\u0131nda ElonMusk Ankara\u2019ya geldi ve An\u0131tkabir\u2019i ziyareti esnas\u0131nda \u00e7ekti\u011fi foto\u011fraf\u0131 \u015fu s\u00f6zlerle payla\u015ft\u0131: \u201c\u00dc\u00e7 k\u0131r\u0131k kaburga, delik bir akci\u011fer ve yine de sava\u015ft\u0131.\u201d Bu payla\u015f\u0131m\u0131,<span class=\"excerpt-hellip\"> [\u2026]<\/span><\/p>\n","protected":false},"featured_media":0,"template":"","meta":{"_monsterinsights_skip_tracking":false,"_monsterinsights_sitenote_active":false,"_monsterinsights_sitenote_note":"","_monsterinsights_sitenote_category":0},"product_brand":[],"product_cat":[14009,12291],"product_tag":[],"class_list":{"0":"post-782360","1":"product","2":"type-product","3":"status-publish","5":"product_cat-biyografi-otobiyografi-edebiyat","6":"product_cat-edebiyat","7":"pa_cilt-ciltsiz","8":"pa_tur-kitap","9":"pa_yayinevi-buzdagi-yayinlari","10":"pa_yazar-ashlee-vance","12":"first","13":"instock","14":"sale","15":"shipping-taxable","16":"purchasable","17":"product-type-simple"},"_links":{"self":[{"href":"https:\/\/roveyayinevi.com.tr\/index.php\/wp-json\/wp\/v2\/product\/782360","targetHints":{"allow":["GET"]}}],"collection":[{"href":"https:\/\/roveyayinevi.com.tr\/index.php\/wp-json\/wp\/v2\/product"}],"about":[{"href":"https:\/\/roveyayinevi.com.tr\/index.php\/wp-json\/wp\/v2\/types\/product"}],"wp:attachment":[{"href":"https:\/\/roveyayinevi.com.tr\/index.php\/wp-json\/wp\/v2\/media?parent=782360"}],"wp:term":[{"taxonomy":"product_brand","embeddable":true,"href":"https:\/\/roveyayinevi.com.tr\/index.php\/wp-json\/wp\/v2\/product_brand?post=782360"},{"taxonomy":"product_cat","embeddable":true,"href":"https:\/\/roveyayinevi.com.tr\/index.php\/wp-json\/wp\/v2\/product_cat?post=782360"},{"taxonomy":"product_tag","embeddable":true,"href":"https:\/\/roveyayinevi.com.tr\/index.php\/wp-json\/wp\/v2\/product_tag?post=782360"}],"curies":[{"name":"wp","href":"https:\/\/api.w.org\/{rel}","templated":true}]}}