{"id":782359,"date":"2026-02-23T11:20:16","date_gmt":"2026-02-23T08:20:16","guid":{"rendered":"https:\/\/roveyayinevi.com.tr\/index.php\/urun\/artik-don-kendine-a-isaret-3\/"},"modified":"2026-04-16T02:24:37","modified_gmt":"2026-04-15T23:24:37","slug":"artik-don-kendine-a-isaret-3","status":"publish","type":"product","link":"https:\/\/roveyayinevi.com.tr\/index.php\/urun\/artik-don-kendine-a-isaret-3\/","title":{"rendered":"Art\u0131k D\u00f6n Kendine &#8211; A \u0130\u015faret 3"},"content":{"rendered":"<p>Hayat\u0131n \u00e7e\u015fitli kesitlerinde muhakkak kar\u015f\u0131la\u015fm\u0131\u015fs\u0131nd\u0131r. Olumsuz bak\u0131\u015fta ve olumsuz bilgilere \u015fartlanm\u0131\u015f insanlar, genellikle olumsuz \u015feyler ya\u015far ya da ya\u015fad\u0131klar\u0131n\u0131 olumsuz hale d\u00f6n\u00fc\u015ft\u00fcr\u00fcr. Oysa sen g\u00f6rd\u00fc\u011f\u00fcn her \u015feyin Rabb\u2019inin esma ve s\u0131fat tecellileri oldu\u011funu, buraya ilahi hakikatini ger\u00e7ekle\u015ftirmek, tek\u00e2m\u00fcl etmek ve kendini d\u00f6n\u00fc\u015ft\u00fcrmek \u00fczere g\u00f6nderildi\u011fini, t\u00fcm bunlar\u0131n asl\u0131nda bir e\u011fitim oldu\u011funu fark edip bu ilimle davran\u0131rsan; bil ki g\u00f6r\u00fcp deneyimlediklerin de\u011fi\u015fecek ve d\u00f6n\u00fc\u015fecektir. \u201cAllah kulunun zann\u0131 \u00fczeredir\u201d demek, \u201csen \u2018zan\u2019 yani \u2018bilincini\u2019 d\u00f6n\u00fc\u015ft\u00fcr\u00fcrsen hayat i\u00e7inde ya\u015fad\u0131klar\u0131n da ekran\u0131na d\u00fc\u015fenler de d\u00f6n\u00fc\u015fecek\u201d demektir.   Haz\u0131rsan ba\u015fl\u0131yoruz. Art\u0131k d\u00f6n&#8230; Kendine&#8230;   \u201cHer vefa-t bir vefa borcudur.\u201d Deniz Erten<\/p>\n","protected":false},"excerpt":{"rendered":"<p>Hayat\u0131n \u00e7e\u015fitli kesitlerinde muhakkak kar\u015f\u0131la\u015fm\u0131\u015fs\u0131nd\u0131r. Olumsuz bak\u0131\u015fta ve olumsuz bilgilere \u015fartlanm\u0131\u015f insanlar, genellikle olumsuz \u015feyler ya\u015far ya da ya\u015fad\u0131klar\u0131n\u0131 olumsuz hale d\u00f6n\u00fc\u015ft\u00fcr\u00fcr. Oysa sen g\u00f6rd\u00fc\u011f\u00fcn her<span class=\"excerpt-hellip\"> [\u2026]<\/span><\/p>\n","protected":false},"featured_media":0,"template":"","meta":{"_monsterinsights_skip_tracking":false,"_monsterinsights_sitenote_active":false,"_monsterinsights_sitenote_note":"","_monsterinsights_sitenote_category":0},"product_brand":[],"product_cat":[12364,12376],"product_tag":[],"class_list":{"0":"post-782359","1":"product","2":"type-product","3":"status-publish","5":"product_cat-genel-konular","6":"product_cat-kisisel-gelisim","7":"pa_cilt-ciltsiz","8":"pa_tur-kitap","9":"pa_yayinevi-mona-kitap","10":"pa_yazar-deniz-erten","12":"first","13":"instock","14":"sale","15":"shipping-taxable","16":"purchasable","17":"product-type-simple"},"_links":{"self":[{"href":"https:\/\/roveyayinevi.com.tr\/index.php\/wp-json\/wp\/v2\/product\/782359","targetHints":{"allow":["GET"]}}],"collection":[{"href":"https:\/\/roveyayinevi.com.tr\/index.php\/wp-json\/wp\/v2\/product"}],"about":[{"href":"https:\/\/roveyayinevi.com.tr\/index.php\/wp-json\/wp\/v2\/types\/product"}],"wp:attachment":[{"href":"https:\/\/roveyayinevi.com.tr\/index.php\/wp-json\/wp\/v2\/media?parent=782359"}],"wp:term":[{"taxonomy":"product_brand","embeddable":true,"href":"https:\/\/roveyayinevi.com.tr\/index.php\/wp-json\/wp\/v2\/product_brand?post=782359"},{"taxonomy":"product_cat","embeddable":true,"href":"https:\/\/roveyayinevi.com.tr\/index.php\/wp-json\/wp\/v2\/product_cat?post=782359"},{"taxonomy":"product_tag","embeddable":true,"href":"https:\/\/roveyayinevi.com.tr\/index.php\/wp-json\/wp\/v2\/product_tag?post=782359"}],"curies":[{"name":"wp","href":"https:\/\/api.w.org\/{rel}","templated":true}]}}