{"id":782351,"date":"2026-02-23T11:19:00","date_gmt":"2026-02-23T08:19:00","guid":{"rendered":"https:\/\/roveyayinevi.com.tr\/index.php\/urun\/dil-icgudusu\/"},"modified":"2026-04-16T02:23:43","modified_gmt":"2026-04-15T23:23:43","slug":"dil-icgudusu","status":"publish","type":"product","link":"https:\/\/roveyayinevi.com.tr\/index.php\/urun\/dil-icgudusu\/","title":{"rendered":"Dil \u0130\u00e7g\u00fcd\u00fcs\u00fc"},"content":{"rendered":"<p>Bu klasikte, d\u00fcnyan\u0131n dil ve zihin uzman\u0131 Steven Pinker, dil hakk\u0131nda daima merak etti\u011finiz her \u015feyi berrak bir \u015fekilde a\u00e7\u0131kl\u0131yor: dil nas\u0131l i\u015fler, \u00e7ocuklar dili nas\u0131l \u00f6\u011frenir, dil nas\u0131l de\u011fi\u015fir, beyin dili nas\u0131l hesap eder ve dil nas\u0131l geli\u015fmi\u015ftir? Steven Pinker mizah ve kelime oyunu \u00f6rneklerini kullanarak dil i\u00e7g\u00fcd\u00fcs\u00fcn\u00fcn insan\u0131n genlerinde kodlanm\u0131\u015f oldu\u011funu a\u00e7\u0131klarken, insanl\u0131\u011f\u0131n engin dil birikimini ilgi uyand\u0131ran bir hik\u00e2yeye d\u00f6n\u00fc\u015ft\u00fcr\u00fcyor: beynimizde evrimsel s\u00fcre\u00e7le donanan dil, insani bir i\u00e7g\u00fcd\u00fcd\u00fcr. Dil \u0130\u00e7g\u00fcd\u00fcs\u00fc, American Psychological Association\u2019dan William James Book Prize \u00f6d\u00fcl\u00fc ile Linguistics Society of America\u2019dan Public Interest Award \u00f6d\u00fcl\u00fcn\u00fc alm\u0131\u015ft\u0131r. Bu bas\u0131m, Dil \u0130\u00e7g\u00fcd\u00fcs\u00fc\u2019n\u00fcn ilk bas\u0131m\u0131ndan bu yana, dilbiliminde meydana gelmi\u015f g\u00fcncellemeler ile Pinker\u2019\u0131n kendi analizleri kadar, Chomsky\u2019nin ve di\u011fer dilbilimcilerin analizlerini de i\u00e7ermektedir.Harvard \u00dcniversitesi Johnstone Family Profes\u00f6r\u00fc Stven Pinker, Time dergisi taraf\u0131ndan \u201cG\u00fcn\u00fcm\u00fczde D\u00fcnyan\u0131n En \u00d6nemli Y\u00fcz Ki\u015fisinden Biri\u201d ilan edilmi\u015ftir. Hem Pulitzer \u00d6d\u00fcl\u00fc finalistlerindendir hem de William James Book Prize\u2019\u0131 kazananlar aras\u0131nda bulunan Zihin Nas\u0131l \u00c7al\u0131\u015f\u0131r \/ How the Mind Works ve Bo\u015f Sayfa \/ The Blank Slate adl\u0131 eserleri ile Words and Rules ve The Stuff of Thought d\u00e2hil alt\u0131 kitab\u0131n yazar\u0131d\u0131r. Time, The New Republic ve New York Times dergilerinde s\u0131k s\u0131k makaleleri yay\u0131nlan\u0131r.\u201cOnsuz bir hayat\u0131 hayal bile edemeyece\u011fimiz dil, adeta insanl\u0131k tarihiyle birlikte dokunmu\u015ftur. D\u00fcnyada tesad\u00fcfen iki veya daha fazla ki\u015fiyi bir arada bulsan\u0131z, k\u0131sa s\u00fcre sonra kelime al\u0131\u015fveri\u015fine ba\u015flayacaklar\u0131n\u0131 g\u00f6r\u00fcrs\u00fcn\u00fcz. Konu\u015facak hi\u00e7 kimse olmasa bile insanlar kendi kendine, k\u00f6pekleriyle veya \u00e7i\u00e7ekleriyle konu\u015fur.\u201d- Steven Pinker\u201cN\u00fckte, ilim ve sa\u011flam muhakemeyle bezenmi\u015f m\u00fckemmel bir kitap.\u201d- Bostone Globe\u201cPinker etkileyici bir enerjiyle yazm\u0131\u015f.\u201d- Atlantic Montly<\/p>\n","protected":false},"excerpt":{"rendered":"<p>Bu klasikte, d\u00fcnyan\u0131n dil ve zihin uzman\u0131 Steven Pinker, dil hakk\u0131nda daima merak etti\u011finiz her \u015feyi berrak bir \u015fekilde a\u00e7\u0131kl\u0131yor: dil nas\u0131l i\u015fler, \u00e7ocuklar dili nas\u0131l<span class=\"excerpt-hellip\"> [\u2026]<\/span><\/p>\n","protected":false},"featured_media":0,"template":"","meta":{"_monsterinsights_skip_tracking":false,"_monsterinsights_sitenote_active":false,"_monsterinsights_sitenote_note":"","_monsterinsights_sitenote_category":0},"product_brand":[],"product_cat":[20225,12291],"product_tag":[],"class_list":{"0":"post-782351","1":"product","2":"type-product","3":"status-publish","5":"product_cat-dil-bilim","6":"product_cat-edebiyat","7":"pa_cilt-ciltsiz","8":"pa_tur-kitap","9":"pa_yayinevi-bilge-kultur-sanat","10":"pa_yazar-steven-pinker","12":"first","13":"instock","14":"sale","15":"shipping-taxable","16":"purchasable","17":"product-type-simple"},"_links":{"self":[{"href":"https:\/\/roveyayinevi.com.tr\/index.php\/wp-json\/wp\/v2\/product\/782351","targetHints":{"allow":["GET"]}}],"collection":[{"href":"https:\/\/roveyayinevi.com.tr\/index.php\/wp-json\/wp\/v2\/product"}],"about":[{"href":"https:\/\/roveyayinevi.com.tr\/index.php\/wp-json\/wp\/v2\/types\/product"}],"wp:attachment":[{"href":"https:\/\/roveyayinevi.com.tr\/index.php\/wp-json\/wp\/v2\/media?parent=782351"}],"wp:term":[{"taxonomy":"product_brand","embeddable":true,"href":"https:\/\/roveyayinevi.com.tr\/index.php\/wp-json\/wp\/v2\/product_brand?post=782351"},{"taxonomy":"product_cat","embeddable":true,"href":"https:\/\/roveyayinevi.com.tr\/index.php\/wp-json\/wp\/v2\/product_cat?post=782351"},{"taxonomy":"product_tag","embeddable":true,"href":"https:\/\/roveyayinevi.com.tr\/index.php\/wp-json\/wp\/v2\/product_tag?post=782351"}],"curies":[{"name":"wp","href":"https:\/\/api.w.org\/{rel}","templated":true}]}}