{"id":782349,"date":"2026-02-23T11:18:57","date_gmt":"2026-02-23T08:18:57","guid":{"rendered":"https:\/\/roveyayinevi.com.tr\/index.php\/urun\/hadis-ilminin-temel-meseleleri\/"},"modified":"2026-04-16T02:23:43","modified_gmt":"2026-04-15T23:23:43","slug":"hadis-ilminin-temel-meseleleri","status":"publish","type":"product","link":"https:\/\/roveyayinevi.com.tr\/index.php\/urun\/hadis-ilminin-temel-meseleleri\/","title":{"rendered":"Hadis \u0130lminin Temel Meseleleri"},"content":{"rendered":"<p>Kur\u2019an\u2019dan sonra en \u00f6nemli bilgi kayna\u011f\u0131m\u0131z olan s\u00fcnnet ve hadisi do\u011fru anlamak ve konumland\u0131rmak isteyen her M\u00fcsl\u00fcman\u0131n birtak\u0131m \u00f6n bilgileri \u00f6\u011frenmesi gerekir:\u00d6ncelikle \u0130slam\u2019da uygulama ve bilgi kayna\u011f\u0131 olarak s\u00fcnnet ve hadisin konumunu, mahiyetini, bir m\u00fcmin i\u00e7in de\u011ferini ve ba\u011flay\u0131c\u0131l\u0131k derecesini bilmesi gerekir.\u0130kinci olarak s\u00fcnnet ve hadisin ge\u00e7irdi\u011fi a\u015famalar\u0131; \u00fc\u00e7\u00fcnc\u00fc olarak da rivayet ve dirayet sistemini \u00f6\u011frenmesi gerekir. Son olarak da bir hadisin farkl\u0131 kaynaklardaki yerini bulmak ve onlar\u0131 mukayese etmek \u00e7ok \u00f6nemlidir.yese etmek \u00e7ok \u00f6nemlidir.<\/p>\n","protected":false},"excerpt":{"rendered":"<p>Kur\u2019an\u2019dan sonra en \u00f6nemli bilgi kayna\u011f\u0131m\u0131z olan s\u00fcnnet ve hadisi do\u011fru anlamak ve konumland\u0131rmak isteyen her M\u00fcsl\u00fcman\u0131n birtak\u0131m \u00f6n bilgileri \u00f6\u011frenmesi gerekir:\u00d6ncelikle \u0130slam\u2019da uygulama ve bilgi<span class=\"excerpt-hellip\"> [\u2026]<\/span><\/p>\n","protected":false},"featured_media":0,"template":"","meta":{"_monsterinsights_skip_tracking":false,"_monsterinsights_sitenote_active":false,"_monsterinsights_sitenote_note":"","_monsterinsights_sitenote_category":0},"product_brand":[],"product_cat":[12718,12719],"product_tag":[],"class_list":{"0":"post-782349","1":"product","2":"type-product","3":"status-publish","5":"product_cat-din","6":"product_cat-islam","7":"pa_cilt-ciltsiz","8":"pa_tur-kitap","9":"pa_yayinevi-otto-yayinlari","10":"pa_yazar-mehmet-gormez","12":"first","13":"instock","14":"sale","15":"shipping-taxable","16":"purchasable","17":"product-type-simple"},"_links":{"self":[{"href":"https:\/\/roveyayinevi.com.tr\/index.php\/wp-json\/wp\/v2\/product\/782349","targetHints":{"allow":["GET"]}}],"collection":[{"href":"https:\/\/roveyayinevi.com.tr\/index.php\/wp-json\/wp\/v2\/product"}],"about":[{"href":"https:\/\/roveyayinevi.com.tr\/index.php\/wp-json\/wp\/v2\/types\/product"}],"wp:attachment":[{"href":"https:\/\/roveyayinevi.com.tr\/index.php\/wp-json\/wp\/v2\/media?parent=782349"}],"wp:term":[{"taxonomy":"product_brand","embeddable":true,"href":"https:\/\/roveyayinevi.com.tr\/index.php\/wp-json\/wp\/v2\/product_brand?post=782349"},{"taxonomy":"product_cat","embeddable":true,"href":"https:\/\/roveyayinevi.com.tr\/index.php\/wp-json\/wp\/v2\/product_cat?post=782349"},{"taxonomy":"product_tag","embeddable":true,"href":"https:\/\/roveyayinevi.com.tr\/index.php\/wp-json\/wp\/v2\/product_tag?post=782349"}],"curies":[{"name":"wp","href":"https:\/\/api.w.org\/{rel}","templated":true}]}}