{"id":782345,"date":"2026-02-23T11:18:23","date_gmt":"2026-02-23T08:18:23","guid":{"rendered":"https:\/\/roveyayinevi.com.tr\/index.php\/urun\/ingilice-ilk-100-kelimem\/"},"modified":"2026-04-16T02:23:23","modified_gmt":"2026-04-15T23:23:23","slug":"ingilice-ilk-100-kelimem","status":"publish","type":"product","link":"https:\/\/roveyayinevi.com.tr\/index.php\/urun\/ingilice-ilk-100-kelimem\/","title":{"rendered":"\u0130ngilice \u0130lk 100 Kelimem"},"content":{"rendered":"<p>Hem okul \u00f6ncesi hem de okul \u00e7a\u011f\u0131ndaki \u00e7ocuklar\u0131n \u0130ngilizce s\u00f6zc\u00fck da\u011farc\u0131klar\u0131n\u0131 geli\u015ftirmelerine yard\u0131mc\u0131 olacak bu kitap, g\u00fcndelik hayatta \u00e7ok\u00e7a kar\u015f\u0131la\u015f\u0131lan 100 basit s\u00f6zc\u00fck i\u00e7eriyor. Okul \u00f6ncesi \u00e7a\u011fdaki \u00e7ocuklar, bu kitab\u0131 resimli bir s\u00f6zl\u00fck olarak kullanabilir, resimleri tarif edip \u0130ngilizce adlar\u0131n\u0131 s\u00f6yleyebilir hale gelecek ve resimlerde g\u00f6rd\u00fckleri nesneleri \u0130ngilizcedeki adlar\u0131yla e\u015fle\u015ftirmeye ba\u015flayacaklard\u0131r. Okul \u00e7a\u011f\u0131ndaki \u00e7ocuklar ise bu kitap sayesinde s\u00f6zc\u00fck da\u011farc\u0131klar\u0131n\u0131 geli\u015ftirip \u0130ngilizce s\u00f6zc\u00fcklerin do\u011fru yaz\u0131l\u0131\u015flar\u0131n\u0131 ve c\u00fcmle i\u00e7inde kullan\u0131\u015flar\u0131n\u0131 \u00f6\u011freneceklerdir.<\/p>\n","protected":false},"excerpt":{"rendered":"<p>Hem okul \u00f6ncesi hem de okul \u00e7a\u011f\u0131ndaki \u00e7ocuklar\u0131n \u0130ngilizce s\u00f6zc\u00fck da\u011farc\u0131klar\u0131n\u0131 geli\u015ftirmelerine yard\u0131mc\u0131 olacak bu kitap, g\u00fcndelik hayatta \u00e7ok\u00e7a kar\u015f\u0131la\u015f\u0131lan 100 basit s\u00f6zc\u00fck i\u00e7eriyor. Okul \u00f6ncesi<span class=\"excerpt-hellip\"> [\u2026]<\/span><\/p>\n","protected":false},"featured_media":0,"template":"","meta":{"_monsterinsights_skip_tracking":false,"_monsterinsights_sitenote_active":false,"_monsterinsights_sitenote_note":"","_monsterinsights_sitenote_category":0},"product_brand":[],"product_cat":[14597,12566],"product_tag":[],"class_list":{"0":"post-782345","1":"product","2":"type-product","3":"status-publish","5":"product_cat-dil-ogrenimi","6":"product_cat-egitim","7":"pa_cilt-ciltsiz","8":"pa_tur-kitap","9":"pa_yayinevi-buyulu-fener-yayinlari","10":"pa_yazar-kolektif","12":"first","13":"instock","14":"sale","15":"shipping-taxable","16":"purchasable","17":"product-type-simple"},"_links":{"self":[{"href":"https:\/\/roveyayinevi.com.tr\/index.php\/wp-json\/wp\/v2\/product\/782345","targetHints":{"allow":["GET"]}}],"collection":[{"href":"https:\/\/roveyayinevi.com.tr\/index.php\/wp-json\/wp\/v2\/product"}],"about":[{"href":"https:\/\/roveyayinevi.com.tr\/index.php\/wp-json\/wp\/v2\/types\/product"}],"wp:attachment":[{"href":"https:\/\/roveyayinevi.com.tr\/index.php\/wp-json\/wp\/v2\/media?parent=782345"}],"wp:term":[{"taxonomy":"product_brand","embeddable":true,"href":"https:\/\/roveyayinevi.com.tr\/index.php\/wp-json\/wp\/v2\/product_brand?post=782345"},{"taxonomy":"product_cat","embeddable":true,"href":"https:\/\/roveyayinevi.com.tr\/index.php\/wp-json\/wp\/v2\/product_cat?post=782345"},{"taxonomy":"product_tag","embeddable":true,"href":"https:\/\/roveyayinevi.com.tr\/index.php\/wp-json\/wp\/v2\/product_tag?post=782345"}],"curies":[{"name":"wp","href":"https:\/\/api.w.org\/{rel}","templated":true}]}}