{"id":782344,"date":"2026-02-23T11:18:17","date_gmt":"2026-02-23T08:18:17","guid":{"rendered":"https:\/\/roveyayinevi.com.tr\/index.php\/urun\/fatih-sultan-mehmetin-istanbulu\/"},"modified":"2026-04-16T02:23:21","modified_gmt":"2026-04-15T23:23:21","slug":"fatih-sultan-mehmetin-istanbulu","status":"publish","type":"product","link":"https:\/\/roveyayinevi.com.tr\/index.php\/urun\/fatih-sultan-mehmetin-istanbulu\/","title":{"rendered":"Fatih Sultan Mehmet&#8217;in \u0130stanbul&#8217;u"},"content":{"rendered":"<p>Fatih Sultan Mehmet, Osmanl\u0131 \u0130mparatorlu\u011fu\u2019nun en \u00f6nemli padi\u015fahlar\u0131ndan biridir. 1453 y\u0131l\u0131nda \u0130stanbul\u2019u al\u0131p Do\u011fu Roma \u0130mparatorlu\u011fu\u2019na son vererek d\u00fcnya tarihine damgas\u0131n\u0131 vurmu\u015ftur. Bu kitapta, Fatih Sultan Mehmet\u2019in \u0130stanbul\u2019u fethetti\u011fi g\u00fcnlere gidiyoruz. 15. y\u00fczy\u0131l\u0131n \u0130stanbul\u2019u nas\u0131ld\u0131? 1200 y\u0131ll\u0131k Konstantinopolis, bir T\u00fcrk \u015fehrine nas\u0131l d\u00f6n\u00fc\u015ft\u00fc? Bu b\u00fcy\u00fck sultan\u0131n hayat\u0131n\u0131 ve kahramanl\u0131klar\u0131n\u0131 \u00f6\u011frenmek ister misiniz? Haydi, bu tarihi yolculu\u011fa hep birlikte \u00e7\u0131kal\u0131m! <\/p>\n","protected":false},"excerpt":{"rendered":"<p>Fatih Sultan Mehmet, Osmanl\u0131 \u0130mparatorlu\u011fu\u2019nun en \u00f6nemli padi\u015fahlar\u0131ndan biridir. 1453 y\u0131l\u0131nda \u0130stanbul\u2019u al\u0131p Do\u011fu Roma \u0130mparatorlu\u011fu\u2019na son vererek d\u00fcnya tarihine damgas\u0131n\u0131 vurmu\u015ftur. Bu kitapta, Fatih Sultan<span class=\"excerpt-hellip\"> [\u2026]<\/span><\/p>\n","protected":false},"featured_media":0,"template":"","meta":{"_monsterinsights_skip_tracking":false,"_monsterinsights_sitenote_active":false,"_monsterinsights_sitenote_note":"","_monsterinsights_sitenote_category":0},"product_brand":[],"product_cat":[12291,12711],"product_tag":[],"class_list":{"0":"post-782344","1":"product","2":"type-product","3":"status-publish","5":"product_cat-edebiyat","6":"product_cat-roman-oyku","7":"pa_cilt-ciltsiz","8":"pa_tur-kitap","9":"pa_yayinevi-buyulu-fener-yayinlari","10":"pa_yazar-haldun-hurel","12":"first","13":"instock","14":"sale","15":"shipping-taxable","16":"purchasable","17":"product-type-simple"},"_links":{"self":[{"href":"https:\/\/roveyayinevi.com.tr\/index.php\/wp-json\/wp\/v2\/product\/782344","targetHints":{"allow":["GET"]}}],"collection":[{"href":"https:\/\/roveyayinevi.com.tr\/index.php\/wp-json\/wp\/v2\/product"}],"about":[{"href":"https:\/\/roveyayinevi.com.tr\/index.php\/wp-json\/wp\/v2\/types\/product"}],"wp:attachment":[{"href":"https:\/\/roveyayinevi.com.tr\/index.php\/wp-json\/wp\/v2\/media?parent=782344"}],"wp:term":[{"taxonomy":"product_brand","embeddable":true,"href":"https:\/\/roveyayinevi.com.tr\/index.php\/wp-json\/wp\/v2\/product_brand?post=782344"},{"taxonomy":"product_cat","embeddable":true,"href":"https:\/\/roveyayinevi.com.tr\/index.php\/wp-json\/wp\/v2\/product_cat?post=782344"},{"taxonomy":"product_tag","embeddable":true,"href":"https:\/\/roveyayinevi.com.tr\/index.php\/wp-json\/wp\/v2\/product_tag?post=782344"}],"curies":[{"name":"wp","href":"https:\/\/api.w.org\/{rel}","templated":true}]}}