{"id":782342,"date":"2026-02-23T11:18:12","date_gmt":"2026-02-23T08:18:12","guid":{"rendered":"https:\/\/roveyayinevi.com.tr\/index.php\/urun\/cocuklarin-istanbulu\/"},"modified":"2026-04-03T02:29:36","modified_gmt":"2026-04-02T23:29:36","slug":"cocuklarin-istanbulu","status":"publish","type":"product","link":"https:\/\/roveyayinevi.com.tr\/index.php\/urun\/cocuklarin-istanbulu\/","title":{"rendered":"\u00c7ocuklar\u0131n \u0130stanbul&#8217;u"},"content":{"rendered":"<p>Kalabal\u0131k n\u00fcfusu ve eski tarihiyle, kendi ba\u015f\u0131na bir \u00fclkedir \u0130stanbul. \u00dczerinde ya\u015fam\u0131\u015f farkl\u0131 medeniyetler, dinler ve imparatorluklar\u0131n b\u0131rakt\u0131\u011f\u0131 izlerde kendinizi bir anda tarih labirentinin i\u00e7inde bulursunuz. Labirentin \u00e7\u0131k\u0131\u015f\u0131nda hi\u00e7 ummad\u0131\u011f\u0131n\u0131z bir anda farkl\u0131 d\u00fcnyalara ait sokaklar sizi selamlar. \u00c7ocuklar\u0131n \u0130stanbul\u2019unda okuyaca\u011f\u0131n\u0131z birbirinden ilgin\u00e7 hik\u00e2yede ne kadar \u00f6nemli, g\u00f6rkemli ve d\u00fcnya \u00e7ap\u0131nda y\u00fcksek tarihi de\u011feri olan bir kente sahip oldu\u011fumuzu anlayacaks\u0131n\u0131z. Hangi semtte hangi tarihi eser bulunuyor? Bu yerlere nas\u0131l ula\u015fabiliriz? Birlikte keyifli bir \u0130stanbul turuna kat\u0131lmaya ne dersiniz?<\/p>\n","protected":false},"excerpt":{"rendered":"<p>Kalabal\u0131k n\u00fcfusu ve eski tarihiyle, kendi ba\u015f\u0131na bir \u00fclkedir \u0130stanbul. \u00dczerinde ya\u015fam\u0131\u015f farkl\u0131 medeniyetler, dinler ve imparatorluklar\u0131n b\u0131rakt\u0131\u011f\u0131 izlerde kendinizi bir anda tarih labirentinin i\u00e7inde bulursunuz.<span class=\"excerpt-hellip\"> [\u2026]<\/span><\/p>\n","protected":false},"featured_media":0,"template":"","meta":{"_monsterinsights_skip_tracking":false,"_monsterinsights_sitenote_active":false,"_monsterinsights_sitenote_note":"","_monsterinsights_sitenote_category":0},"product_brand":[],"product_cat":[12291,12711],"product_tag":[],"class_list":{"0":"post-782342","1":"product","2":"type-product","3":"status-publish","5":"product_cat-edebiyat","6":"product_cat-roman-oyku","7":"pa_cilt-ciltsiz","8":"pa_tur-kitap","9":"pa_yayinevi-buyulu-fener-yayinlari","10":"pa_yazar-haldun-hurel","12":"first","13":"instock","14":"sale","15":"shipping-taxable","16":"purchasable","17":"product-type-simple"},"_links":{"self":[{"href":"https:\/\/roveyayinevi.com.tr\/index.php\/wp-json\/wp\/v2\/product\/782342","targetHints":{"allow":["GET"]}}],"collection":[{"href":"https:\/\/roveyayinevi.com.tr\/index.php\/wp-json\/wp\/v2\/product"}],"about":[{"href":"https:\/\/roveyayinevi.com.tr\/index.php\/wp-json\/wp\/v2\/types\/product"}],"wp:attachment":[{"href":"https:\/\/roveyayinevi.com.tr\/index.php\/wp-json\/wp\/v2\/media?parent=782342"}],"wp:term":[{"taxonomy":"product_brand","embeddable":true,"href":"https:\/\/roveyayinevi.com.tr\/index.php\/wp-json\/wp\/v2\/product_brand?post=782342"},{"taxonomy":"product_cat","embeddable":true,"href":"https:\/\/roveyayinevi.com.tr\/index.php\/wp-json\/wp\/v2\/product_cat?post=782342"},{"taxonomy":"product_tag","embeddable":true,"href":"https:\/\/roveyayinevi.com.tr\/index.php\/wp-json\/wp\/v2\/product_tag?post=782342"}],"curies":[{"name":"wp","href":"https:\/\/api.w.org\/{rel}","templated":true}]}}