{"id":782341,"date":"2026-02-23T11:17:53","date_gmt":"2026-02-23T08:17:53","guid":{"rendered":"https:\/\/roveyayinevi.com.tr\/index.php\/urun\/dirk-gentlynin-holistik-dedektiflik-burosu\/"},"modified":"2026-04-16T02:23:12","modified_gmt":"2026-04-15T23:23:12","slug":"dirk-gentlynin-holistik-dedektiflik-burosu","status":"publish","type":"product","link":"https:\/\/roveyayinevi.com.tr\/index.php\/urun\/dirk-gentlynin-holistik-dedektiflik-burosu\/","title":{"rendered":"Dirk Gently&#8217;nin Holistik Dedektiflik B\u00fcrosu"},"content":{"rendered":"<p>Y\u00fcz binlerce okura ula\u015fan Otostop\u00e7unun Galaksi Rehberi serisinin sevilen gezgini Arthur Dent\u2019in yarat\u0131c\u0131s\u0131 Douglas Adams, bu yeni serisinde dedektifli\u011fin kal\u0131plar\u0131n\u0131 y\u0131kan dedektif Dirk Gently ile \u00e7\u0131k\u0131yor okurun kar\u015f\u0131s\u0131na.Holistik dedektifimize g\u00f6re, her olay\u0131n temelde birbiriyle bir ba\u011flant\u0131s\u0131 vard\u0131r ve bu ba\u011flant\u0131lar\u0131n gizemini herkesten \u00f6nce o \u00e7\u00f6zmelidir. \u00c7\u00fcnk\u00fc Dirk Gently, sorular\u0131 yaln\u0131zca yan\u0131tlar\u0131n\u0131 bildi\u011finde sormay\u0131 seviyor.  \u015eimdiyse kar\u015f\u0131s\u0131nda, yan\u0131t\u0131n\u0131 hen\u00fcz bilmedi\u011fi sorular var: \u00d6rne\u011fin, basit bir hokkabazl\u0131k numaras\u0131yla, Kolejin ak\u015fam yeme\u011findeki tuzluk nas\u0131l oldu da iki y\u00fcz y\u0131l \u00f6nce yap\u0131lm\u0131\u015f bir Yunan vazosunun i\u00e7ine girdi? Ve \u015fu tuhaf bilgisayarc\u0131n\u0131n kanepesi apartman\u0131n merdivenine, yerinden oynat\u0131lamamak \u00fczere nas\u0131l s\u0131k\u0131\u015ft\u0131? Fizik kurallar\u0131nca \u201cimk\u00e2ns\u0131z\u201d, Dirk\u2019\u00fcn anlay\u0131\u015f\u0131nca \u201ca\u00e7\u0131klanamaz\u201d g\u00f6r\u00fcnen bu muammalar\u0131n pe\u015finde, gezegenin varolu\u015funa dek uzanan bir zaman yolculu\u011funa \u00e7\u0131k\u0131yoruz.\u201cDouglas Adams, Dirk Gently\u2019nin Holistik Dedektiflik B\u00fcrosu\u2019nda bizi yine galaksiler aras\u0131 tuhaf karakterlerle tan\u0131\u015ft\u0131r\u0131yor&#8230; P\u00fcr\u00fczleri \u00fcst \u00fcste y\u0131\u011f\u0131yor, ilgiliyi ilgisizden ay\u0131rma i\u015fini okura b\u0131rak\u0131yor. Yerle\u015fik uygulamalarla ve tuhafl\u0131klar\u0131m\u0131zla resmen dalga ge\u00e7iyor\u2026 Gently ve arkada\u015flar\u0131 i\u00e7in \u00e7ok g\u00fczel bir ba\u015flang\u0131\u00e7.\u201d \u2013Sacramento Bee<\/p>\n","protected":false},"excerpt":{"rendered":"<p>Y\u00fcz binlerce okura ula\u015fan Otostop\u00e7unun Galaksi Rehberi serisinin sevilen gezgini Arthur Dent\u2019in yarat\u0131c\u0131s\u0131 Douglas Adams, bu yeni serisinde dedektifli\u011fin kal\u0131plar\u0131n\u0131 y\u0131kan dedektif Dirk Gently ile \u00e7\u0131k\u0131yor<span class=\"excerpt-hellip\"> [\u2026]<\/span><\/p>\n","protected":false},"featured_media":0,"template":"","meta":{"_monsterinsights_skip_tracking":false,"_monsterinsights_sitenote_active":false,"_monsterinsights_sitenote_note":"","_monsterinsights_sitenote_category":0},"product_brand":[],"product_cat":[12540,12291],"product_tag":[],"class_list":{"0":"post-782341","1":"product","2":"type-product","3":"status-publish","5":"product_cat-bilim-kurgu","6":"product_cat-edebiyat","7":"pa_cilt-ciltsiz","8":"pa_tur-kitap","9":"pa_yayinevi-alfa-yayinlari","10":"pa_yazar-douglas-adams","12":"first","13":"instock","14":"sale","15":"shipping-taxable","16":"purchasable","17":"product-type-simple"},"_links":{"self":[{"href":"https:\/\/roveyayinevi.com.tr\/index.php\/wp-json\/wp\/v2\/product\/782341","targetHints":{"allow":["GET"]}}],"collection":[{"href":"https:\/\/roveyayinevi.com.tr\/index.php\/wp-json\/wp\/v2\/product"}],"about":[{"href":"https:\/\/roveyayinevi.com.tr\/index.php\/wp-json\/wp\/v2\/types\/product"}],"wp:attachment":[{"href":"https:\/\/roveyayinevi.com.tr\/index.php\/wp-json\/wp\/v2\/media?parent=782341"}],"wp:term":[{"taxonomy":"product_brand","embeddable":true,"href":"https:\/\/roveyayinevi.com.tr\/index.php\/wp-json\/wp\/v2\/product_brand?post=782341"},{"taxonomy":"product_cat","embeddable":true,"href":"https:\/\/roveyayinevi.com.tr\/index.php\/wp-json\/wp\/v2\/product_cat?post=782341"},{"taxonomy":"product_tag","embeddable":true,"href":"https:\/\/roveyayinevi.com.tr\/index.php\/wp-json\/wp\/v2\/product_tag?post=782341"}],"curies":[{"name":"wp","href":"https:\/\/api.w.org\/{rel}","templated":true}]}}