{"id":782338,"date":"2026-02-23T11:17:13","date_gmt":"2026-02-23T08:17:13","guid":{"rendered":"https:\/\/roveyayinevi.com.tr\/index.php\/urun\/benim-kucuk-tekerlerim\/"},"modified":"2026-04-16T02:22:46","modified_gmt":"2026-04-15T23:22:46","slug":"benim-kucuk-tekerlerim","status":"publish","type":"product","link":"https:\/\/roveyayinevi.com.tr\/index.php\/urun\/benim-kucuk-tekerlerim\/","title":{"rendered":"Benim K\u00fc\u00e7\u00fck Tekerlerim"},"content":{"rendered":"<p>Bug\u00fcn s\u0131radan, s\u0131k\u0131c\u0131 bir g\u00fcn olarak ba\u015flam\u0131\u015ft\u0131, \u00f6yle de devam edecekti. Tabii e\u011fer bembeyaz bir t\u00fcy yuma\u011f\u0131yla tan\u0131\u015f\u0131p m\u00fcthi\u015f bir maceraya at\u0131lmasayd\u0131m. \u015eimdi biraz yorgunum, ama gururlu hissediyorum. Olup biteni annemle babama anlatmak i\u00e7in sab\u0131rs\u0131zlan\u0131yorum, ama kim denge tekerlerimi bir t\u00fcy yuma\u011f\u0131n\u0131n kemirdi\u011fine inan\u0131r? Ya da hayali bir arkada\u015f\u0131n bana bisiklete binmeyi \u00f6\u011fretti\u011fine? <\/p>\n","protected":false},"excerpt":{"rendered":"<p>Bug\u00fcn s\u0131radan, s\u0131k\u0131c\u0131 bir g\u00fcn olarak ba\u015flam\u0131\u015ft\u0131, \u00f6yle de devam edecekti. Tabii e\u011fer bembeyaz bir t\u00fcy yuma\u011f\u0131yla tan\u0131\u015f\u0131p m\u00fcthi\u015f bir maceraya at\u0131lmasayd\u0131m. \u015eimdi biraz yorgunum, ama<span class=\"excerpt-hellip\"> [\u2026]<\/span><\/p>\n","protected":false},"featured_media":0,"template":"","meta":{"_monsterinsights_skip_tracking":false,"_monsterinsights_sitenote_active":false,"_monsterinsights_sitenote_note":"","_monsterinsights_sitenote_category":0},"product_brand":[],"product_cat":[12274,12284],"product_tag":[],"class_list":{"0":"post-782338","1":"product","2":"type-product","3":"status-publish","5":"product_cat-cocuk-ve-genclik-kitaplari","6":"product_cat-hikayeler","7":"pa_cilt-ciltli","8":"pa_tur-kitap","9":"pa_yayinevi-buyulu-fener-yayinlari","10":"pa_yazar-sebastien-pelon","12":"first","13":"instock","14":"sale","15":"shipping-taxable","16":"purchasable","17":"product-type-simple"},"_links":{"self":[{"href":"https:\/\/roveyayinevi.com.tr\/index.php\/wp-json\/wp\/v2\/product\/782338","targetHints":{"allow":["GET"]}}],"collection":[{"href":"https:\/\/roveyayinevi.com.tr\/index.php\/wp-json\/wp\/v2\/product"}],"about":[{"href":"https:\/\/roveyayinevi.com.tr\/index.php\/wp-json\/wp\/v2\/types\/product"}],"wp:attachment":[{"href":"https:\/\/roveyayinevi.com.tr\/index.php\/wp-json\/wp\/v2\/media?parent=782338"}],"wp:term":[{"taxonomy":"product_brand","embeddable":true,"href":"https:\/\/roveyayinevi.com.tr\/index.php\/wp-json\/wp\/v2\/product_brand?post=782338"},{"taxonomy":"product_cat","embeddable":true,"href":"https:\/\/roveyayinevi.com.tr\/index.php\/wp-json\/wp\/v2\/product_cat?post=782338"},{"taxonomy":"product_tag","embeddable":true,"href":"https:\/\/roveyayinevi.com.tr\/index.php\/wp-json\/wp\/v2\/product_tag?post=782338"}],"curies":[{"name":"wp","href":"https:\/\/api.w.org\/{rel}","templated":true}]}}