{"id":782336,"date":"2026-02-23T11:16:59","date_gmt":"2026-02-23T08:16:59","guid":{"rendered":"https:\/\/roveyayinevi.com.tr\/index.php\/urun\/elestirel-pedagoji-2\/"},"modified":"2026-04-16T02:22:26","modified_gmt":"2026-04-15T23:22:26","slug":"elestirel-pedagoji-2","status":"publish","type":"product","link":"https:\/\/roveyayinevi.com.tr\/index.php\/urun\/elestirel-pedagoji-2\/","title":{"rendered":"Ele\u015ftirel Pedagoji"},"content":{"rendered":"<p>E\u011fitimden hi\u00e7 kimse memnun de\u011fil. \u00c7ok a\u00e7\u0131kki de\u011fi\u015fmesi ve d\u00f6n\u00fc\u015fmesi laz\u0131m. \u0130ktidar\u0131, muhalefeti, \u00f6\u011fretmeni, \u00f6\u011frencisi herkes \u015fikayet\u00e7i. O zaman uzun uzun d\u00fc\u015f\u00fcnmek, derinlemesine tart\u0131\u015fmak ve hatta hi\u00e7 olmayacak gibi g\u00f6z\u00fcken \u00f6nerileri denemek zorunday\u0131z. \u201cJoe L. Kincheloe, son yirmi y\u0131lda Ele\u015ftirel Pedagoji\u2019yi yeni okurlarla tan\u0131\u015ft\u0131rd\u0131, bu konudaki ilgiyi canland\u0131rd\u0131 ve bu alana \u00f6zg\u00fc fiziksel ve sanal mek\u00e2nlar yaratt\u0131. Bu kitap, Joe\u2019nun ele\u015ftirel pedagoji konusundaki tutkusunu i\u00e7ermekte ve \u00e7ok s\u0131k olarak kar\u015f\u0131la\u015f\u0131lan zorluklar\u0131n ve bunlara meydan okunmas\u0131 i\u00e7in T\u00fcrk\u00e7e konu\u015fan insanlara eri\u015filebilir bir alan yaratmaktad\u0131r. \u015eu an ya\u015f\u0131yor olsayd\u0131, bu \u00f6nemli yay\u0131n\u0131 kutluyor olurdu.\u201d Prof. Dr. Shirley R. Steinberg \u201cJoe Kincheloe, e\u011fitim alan\u0131n\u0131n en bilgili ve s\u00f6yledikleri rahat\u00e7a anla\u015f\u0131labilen yenilik\u00e7ilerinden biriydi. Ele\u015ftirel pedagojiye olan katk\u0131s\u0131 derindi ve sosyal adalet e\u011fitimi alan\u0131n\u0131 etkilemeyi h\u00e2l\u00e2 s\u00fcrd\u00fcrmektedir.\u201d Prof. Dr. Peter McLaren Umut ya\u015f\u0131yor fakat bu, naif de\u011fil, pratik bir umut olmal\u0131d\u0131r. Pratik bir umut, sadece g\u00f6kku\u015faklar\u0131n\u0131, tek boynuzlu atlar\u0131, somun ekme\u011fi ve inceli\u011fi kutlamaz fakat \u201cne yap\u0131labilir\u201d ile ili\u015fkisi i\u00e7inde \u201cnedir\u201di titiz bi\u00e7imde anlar. Umut ancak dayan\u0131\u015fma ile birle\u015firse meyve verir. Uzun erimli bir dayan\u0131\u015fma olmaks\u0131z\u0131n sosyo-politik ve e\u011fitsel r\u00fcyalar\u0131m\u0131z ger\u00e7ekle\u015fmez. Ele\u015ftirel pedagoji yeni ve umut dolu bir e\u011fitimin ve gelece\u011fin anahtar\u0131n\u0131 bize sunuyor. <\/p>\n","protected":false},"excerpt":{"rendered":"<p>E\u011fitimden hi\u00e7 kimse memnun de\u011fil. \u00c7ok a\u00e7\u0131kki de\u011fi\u015fmesi ve d\u00f6n\u00fc\u015fmesi laz\u0131m. \u0130ktidar\u0131, muhalefeti, \u00f6\u011fretmeni, \u00f6\u011frencisi herkes \u015fikayet\u00e7i. O zaman uzun uzun d\u00fc\u015f\u00fcnmek, derinlemesine tart\u0131\u015fmak ve hatta<span class=\"excerpt-hellip\"> [\u2026]<\/span><\/p>\n","protected":false},"featured_media":0,"template":"","meta":{"_monsterinsights_skip_tracking":false,"_monsterinsights_sitenote_active":false,"_monsterinsights_sitenote_note":"","_monsterinsights_sitenote_category":0},"product_brand":[],"product_cat":[12573,12566],"product_tag":[],"class_list":{"0":"post-782336","1":"product","2":"type-product","3":"status-publish","5":"product_cat-akademik-kitaplar","6":"product_cat-egitim","7":"pa_cilt-ciltsiz","8":"pa_tur-kitap","9":"pa_yayinevi-yeni-insan-yayinlari","10":"pa_yazar-joe-l-kincheloe","12":"first","13":"instock","14":"sale","15":"shipping-taxable","16":"purchasable","17":"product-type-simple"},"_links":{"self":[{"href":"https:\/\/roveyayinevi.com.tr\/index.php\/wp-json\/wp\/v2\/product\/782336","targetHints":{"allow":["GET"]}}],"collection":[{"href":"https:\/\/roveyayinevi.com.tr\/index.php\/wp-json\/wp\/v2\/product"}],"about":[{"href":"https:\/\/roveyayinevi.com.tr\/index.php\/wp-json\/wp\/v2\/types\/product"}],"wp:attachment":[{"href":"https:\/\/roveyayinevi.com.tr\/index.php\/wp-json\/wp\/v2\/media?parent=782336"}],"wp:term":[{"taxonomy":"product_brand","embeddable":true,"href":"https:\/\/roveyayinevi.com.tr\/index.php\/wp-json\/wp\/v2\/product_brand?post=782336"},{"taxonomy":"product_cat","embeddable":true,"href":"https:\/\/roveyayinevi.com.tr\/index.php\/wp-json\/wp\/v2\/product_cat?post=782336"},{"taxonomy":"product_tag","embeddable":true,"href":"https:\/\/roveyayinevi.com.tr\/index.php\/wp-json\/wp\/v2\/product_tag?post=782336"}],"curies":[{"name":"wp","href":"https:\/\/api.w.org\/{rel}","templated":true}]}}