{"id":782334,"date":"2026-02-23T11:15:43","date_gmt":"2026-02-23T08:15:43","guid":{"rendered":"https:\/\/roveyayinevi.com.tr\/index.php\/urun\/niyazi-i-misri\/"},"modified":"2026-04-16T02:22:23","modified_gmt":"2026-04-15T23:22:23","slug":"niyazi-i-misri","status":"publish","type":"product","link":"https:\/\/roveyayinevi.com.tr\/index.php\/urun\/niyazi-i-misri\/","title":{"rendered":"Niyazi-i M\u0131sri"},"content":{"rendered":"<p>Niy\u00e2z\u00ee-i M\u0131sr\u00ee kendinden \u00f6ncekilerin y\u00fcr\u00fcd\u00fc\u011f\u00fc yolda kendi me\u015frebince y\u00fcr\u00fcyen bir dervi\u015f; Yunus ile \u00e7a\u011fda\u015f olmasa da onunla hemh\u00e2l olan bir \u015fahsiyet. Hakikate ermek i\u00e7in \u00e7\u0131kt\u0131\u011f\u0131 yol onu irfan mektebine talebe yapm\u0131\u015f; zahirde arad\u0131\u011f\u0131n\u0131 bat\u0131nda bulmu\u015f ve bat\u0131n ilminin alimi olmu\u015ftu. M\u00fcr\u015fitlik etti\u011fi yol \u201cEne\u2019l Hak\u201d yoludur, i\u015faret etti\u011fi s\u0131r \u201cLevl\u00e2ke\u201d s\u0131rr\u0131d\u0131r ve der ki \u201cG\u00f6n\u00fcl Allah\u2019\u0131n evidir\u201d. D\u00f6rt kap\u0131 k\u0131rk makamdaki seyri s\u00fcl\u00fbkunda amac\u0131 kesretten kurtulup vahdete ermek olan Niy\u00e2z\u00ee, m\u00e2rifetullah\u0131, vahdeti, il\u00e2h\u00ee a\u015fk\u0131, tasavvuf yolunun adap ve erk\u00e2n\u0131n\u0131 k\u00fclfetsiz bir T\u00fcrk\u00e7e ile s\u00f6ylemi\u015ftir. Niy\u00e2z\u00ee-i M\u0131sr\u00ee bu topraklarda ye\u015feren irfani bilgiyi d\u00f6nemine has olmakla birlikte, bug\u00fcn de anla\u015f\u0131labilecek bir T\u00fcrk\u00e7e ile nazma d\u00f6km\u00fc\u015f, Orta Asya\u2019da Ahmed-i Yesev\u00ee ile ba\u015flayan ve Anadolu\u2019da pek \u00e7ok \u00f6nemli \u015fah\u0131s ile m\u00fcstesna bir mevki kazanan T\u00fcrk tasavvuf edebiyat\u0131nda unutulmaz bir isim olarak yerini alm\u0131\u015ft\u0131r. <\/p>\n","protected":false},"excerpt":{"rendered":"<p>Niy\u00e2z\u00ee-i M\u0131sr\u00ee kendinden \u00f6ncekilerin y\u00fcr\u00fcd\u00fc\u011f\u00fc yolda kendi me\u015frebince y\u00fcr\u00fcyen bir dervi\u015f; Yunus ile \u00e7a\u011fda\u015f olmasa da onunla hemh\u00e2l olan bir \u015fahsiyet. Hakikate ermek i\u00e7in \u00e7\u0131kt\u0131\u011f\u0131 yol<span class=\"excerpt-hellip\"> [\u2026]<\/span><\/p>\n","protected":false},"featured_media":0,"template":"","meta":{"_monsterinsights_skip_tracking":false,"_monsterinsights_sitenote_active":false,"_monsterinsights_sitenote_note":"","_monsterinsights_sitenote_category":0},"product_brand":[],"product_cat":[13072,12291],"product_tag":[],"class_list":{"0":"post-782334","1":"product","2":"type-product","3":"status-publish","5":"product_cat-arastirma-inceleme-referans","6":"product_cat-edebiyat","7":"pa_cilt-ciltsiz","8":"pa_tur-kitap","9":"pa_yayinevi-ketebe-yayinlari","10":"pa_yazar-ali-ozturk","12":"first","13":"instock","14":"sale","15":"shipping-taxable","16":"purchasable","17":"product-type-simple"},"_links":{"self":[{"href":"https:\/\/roveyayinevi.com.tr\/index.php\/wp-json\/wp\/v2\/product\/782334","targetHints":{"allow":["GET"]}}],"collection":[{"href":"https:\/\/roveyayinevi.com.tr\/index.php\/wp-json\/wp\/v2\/product"}],"about":[{"href":"https:\/\/roveyayinevi.com.tr\/index.php\/wp-json\/wp\/v2\/types\/product"}],"wp:attachment":[{"href":"https:\/\/roveyayinevi.com.tr\/index.php\/wp-json\/wp\/v2\/media?parent=782334"}],"wp:term":[{"taxonomy":"product_brand","embeddable":true,"href":"https:\/\/roveyayinevi.com.tr\/index.php\/wp-json\/wp\/v2\/product_brand?post=782334"},{"taxonomy":"product_cat","embeddable":true,"href":"https:\/\/roveyayinevi.com.tr\/index.php\/wp-json\/wp\/v2\/product_cat?post=782334"},{"taxonomy":"product_tag","embeddable":true,"href":"https:\/\/roveyayinevi.com.tr\/index.php\/wp-json\/wp\/v2\/product_tag?post=782334"}],"curies":[{"name":"wp","href":"https:\/\/api.w.org\/{rel}","templated":true}]}}