{"id":782331,"date":"2026-02-23T11:15:28","date_gmt":"2026-02-23T08:15:28","guid":{"rendered":"https:\/\/roveyayinevi.com.tr\/index.php\/urun\/acilin-gencler-geliyor\/"},"modified":"2026-04-16T02:22:17","modified_gmt":"2026-04-15T23:22:17","slug":"acilin-gencler-geliyor","status":"publish","type":"product","link":"https:\/\/roveyayinevi.com.tr\/index.php\/urun\/acilin-gencler-geliyor\/","title":{"rendered":"A\u00e7\u0131l\u0131n Gen\u00e7ler Geliyor"},"content":{"rendered":"<p>A\u00e7\u0131l\u0131n Gen\u00e7ler Geliyor, \u00fclkemiz gen\u00e7leriyle ilgili \u00e7ok \u00f6nemli bir ara\u015ft\u0131rman\u0131n bulgular\u0131n\u0131 ortaya koyarak \u201cb\u00fcy\u00fck d\u00f6n\u00fc\u015f\u00fcm \u00f6ncesini\u201d tasvir eden, k\u0131lavuz niteli\u011finde bir eser. Teknolojinin kurallar\u0131 ve nesilleri de\u011fi\u015ftirdi\u011fi bir \u00e7a\u011fda, gelece\u011fi art\u0131k farkl\u0131l\u0131klar ve yarat\u0131c\u0131l\u0131k \u015fekillendiriyor. Oysa gen\u00e7lerimiz, Fato\u015f Karahasan\u2019\u0131n dikkat \u00e7ekti\u011fi gibi, teknolojiyi kullansalar da k\u00fcresel d\u00fcnyan\u0131n i\u00e7inde yer almayan bir kitle tablosu \u00e7iziyorlar. Kitapta vurguland\u0131\u011f\u0131 gibi, gen\u00e7leri kozalar\u0131ndan \u00e7\u0131karmal\u0131, \u00fcretici olmaya \u00f6zendirmeli, onlara uzun vadeli stratejiler kurmay\u0131 \u00f6\u011fretmeli, onlar\u0131 te\u015fvik edecek bir giri\u015fimcilik ekosistemi yaratmak i\u00e7in daha \u00e7ok yol almal\u0131y\u0131z. A\u00e7\u0131l\u0131n Gen\u00e7ler Geliyor, Fato\u015f Karahasan\u2019\u0131n m\u00fcthi\u015f kalemiyle gelen \u00e7arp\u0131c\u0131 \u00e7\u0131kar\u0131mlar, vizyoner g\u00f6r\u00fc\u015fler, gelece\u011fe dair \u00f6neriler ve gen\u00e7lerimize dair verdi\u011fi bilgilerle \u00f6nemli ve y\u00f6nlendirici bir nitelik ta\u015f\u0131yor. Erol Bilecik T\u00dcS\u0130AD Y\u00f6netim Kurulu Ba\u015fkan\u0131 Hi\u00e7bir bilgi sahibi olmadan kesin fikir sahibi olman\u0131n istisna de\u011fil, tam tersine yayg\u0131n norm oldu\u011fu bir toplumda, Fato\u015f Karahasan bizlere son derece de\u011ferli bir ba\u015fvuru kayna\u011f\u0131 sunuyor. B\u00fct\u00fcn\u00fcyle bilimsel verilere dayanan, \u00fclkemiz gen\u00e7li\u011fini ger\u00e7ek anlamda temsil eden, geni\u015f kapsaml\u0131 bir \u00e7al\u0131\u015fma bu. \u0130nan\u00e7lar\u0131, de\u011ferleri, tutum ve davran\u0131\u015flar\u0131yla yeni ku\u015faklar\u0131 anlamak ve \u201cistikbalimizi g\u00f6rmek\u201d arzusunda olan herkesin y\u0131llarca ba\u015fucundan ay\u0131ramayaca\u011f\u0131 bu eseri, bir ara\u015ft\u0131rmac\u0131 olarak b\u00fcy\u00fck sevin\u00e7 ve heyecanla kar\u015f\u0131l\u0131yorum. Prof. Dr. Y\u0131lmaz Esmer Bah\u00e7e\u015fehir \u00dcniversitesi Siyaset Bilimi ve Uluslararas\u0131 \u0130li\u015fkiler B\u00f6l\u00fcm\u00fc \u00d6\u011fretim \u00dcyesi <\/p>\n","protected":false},"excerpt":{"rendered":"<p>A\u00e7\u0131l\u0131n Gen\u00e7ler Geliyor, \u00fclkemiz gen\u00e7leriyle ilgili \u00e7ok \u00f6nemli bir ara\u015ft\u0131rman\u0131n bulgular\u0131n\u0131 ortaya koyarak \u201cb\u00fcy\u00fck d\u00f6n\u00fc\u015f\u00fcm \u00f6ncesini\u201d tasvir eden, k\u0131lavuz niteli\u011finde bir eser. Teknolojinin kurallar\u0131 ve nesilleri<span class=\"excerpt-hellip\"> [\u2026]<\/span><\/p>\n","protected":false},"featured_media":0,"template":"","meta":{"_monsterinsights_skip_tracking":false,"_monsterinsights_sitenote_active":false,"_monsterinsights_sitenote_note":"","_monsterinsights_sitenote_category":0},"product_brand":[],"product_cat":[13043,17647],"product_tag":[],"class_list":{"0":"post-782331","1":"product","2":"type-product","3":"status-publish","5":"product_cat-ekonomi","6":"product_cat-is-dunyasi","7":"pa_cilt-ciltsiz","8":"pa_tur-kitap","9":"pa_yayinevi-ceo-plus","10":"pa_yazar-fatos-karahasan","12":"first","13":"instock","14":"sale","15":"shipping-taxable","16":"purchasable","17":"product-type-simple"},"_links":{"self":[{"href":"https:\/\/roveyayinevi.com.tr\/index.php\/wp-json\/wp\/v2\/product\/782331","targetHints":{"allow":["GET"]}}],"collection":[{"href":"https:\/\/roveyayinevi.com.tr\/index.php\/wp-json\/wp\/v2\/product"}],"about":[{"href":"https:\/\/roveyayinevi.com.tr\/index.php\/wp-json\/wp\/v2\/types\/product"}],"wp:attachment":[{"href":"https:\/\/roveyayinevi.com.tr\/index.php\/wp-json\/wp\/v2\/media?parent=782331"}],"wp:term":[{"taxonomy":"product_brand","embeddable":true,"href":"https:\/\/roveyayinevi.com.tr\/index.php\/wp-json\/wp\/v2\/product_brand?post=782331"},{"taxonomy":"product_cat","embeddable":true,"href":"https:\/\/roveyayinevi.com.tr\/index.php\/wp-json\/wp\/v2\/product_cat?post=782331"},{"taxonomy":"product_tag","embeddable":true,"href":"https:\/\/roveyayinevi.com.tr\/index.php\/wp-json\/wp\/v2\/product_tag?post=782331"}],"curies":[{"name":"wp","href":"https:\/\/api.w.org\/{rel}","templated":true}]}}