{"id":782329,"date":"2026-02-23T11:15:21","date_gmt":"2026-02-23T08:15:21","guid":{"rendered":"https:\/\/roveyayinevi.com.tr\/index.php\/urun\/kedi-tirmik-ve-sevimli-dostlari-bu-kocaman-gozler-kimin\/"},"modified":"2026-04-16T02:22:16","modified_gmt":"2026-04-15T23:22:16","slug":"kedi-tirmik-ve-sevimli-dostlari-bu-kocaman-gozler-kimin","status":"publish","type":"product","link":"https:\/\/roveyayinevi.com.tr\/index.php\/urun\/kedi-tirmik-ve-sevimli-dostlari-bu-kocaman-gozler-kimin\/","title":{"rendered":"Kedi T\u0131rm\u0131k ve Sevimli Dostlar\u0131 (Bu Kocaman G\u00f6zler Kimin?)"},"content":{"rendered":"<p>\u00c7iftli\u011fin sevimli canl\u0131lar\u0131n\u0131 e\u011flenceli b\u00fcy\u00fck g\u00f6zleri ile g\u00f6rmeye haz\u0131r olun! Kedi T\u0131rm\u0131k, Salyangoz Gezgin, \u0130nek Kibarc\u0131k, K\u00f6pek H\u0131zl\u0131pati ve At K\u00fcheylan\u2026 \u00c7ocu\u011funuz bu kitaptaki kahramanlarla tan\u0131\u015f\u0131rken dostluk kavram\u0131n\u0131 da e\u011flenerek \u00f6\u011frenecek.<\/p>\n","protected":false},"excerpt":{"rendered":"<p>\u00c7iftli\u011fin sevimli canl\u0131lar\u0131n\u0131 e\u011flenceli b\u00fcy\u00fck g\u00f6zleri ile g\u00f6rmeye haz\u0131r olun! Kedi T\u0131rm\u0131k, Salyangoz Gezgin, \u0130nek Kibarc\u0131k, K\u00f6pek H\u0131zl\u0131pati ve At K\u00fcheylan\u2026 \u00c7ocu\u011funuz bu kitaptaki kahramanlarla tan\u0131\u015f\u0131rken<span class=\"excerpt-hellip\"> [\u2026]<\/span><\/p>\n","protected":false},"featured_media":0,"template":"","meta":{"_monsterinsights_skip_tracking":false,"_monsterinsights_sitenote_active":false,"_monsterinsights_sitenote_note":"","_monsterinsights_sitenote_category":0},"product_brand":[],"product_cat":[15192,12274],"product_tag":[],"class_list":{"0":"post-782329","1":"product","2":"type-product","3":"status-publish","5":"product_cat-1-3-yas-kitaplari","6":"product_cat-cocuk-ve-genclik-kitaplari","7":"pa_cilt-ciltli","8":"pa_tur-kitap","9":"pa_yayinevi-sincap-kitap","10":"pa_yazar-asiye-asli-aslaner","12":"first","13":"instock","14":"sale","15":"shipping-taxable","16":"purchasable","17":"product-type-simple"},"_links":{"self":[{"href":"https:\/\/roveyayinevi.com.tr\/index.php\/wp-json\/wp\/v2\/product\/782329","targetHints":{"allow":["GET"]}}],"collection":[{"href":"https:\/\/roveyayinevi.com.tr\/index.php\/wp-json\/wp\/v2\/product"}],"about":[{"href":"https:\/\/roveyayinevi.com.tr\/index.php\/wp-json\/wp\/v2\/types\/product"}],"wp:attachment":[{"href":"https:\/\/roveyayinevi.com.tr\/index.php\/wp-json\/wp\/v2\/media?parent=782329"}],"wp:term":[{"taxonomy":"product_brand","embeddable":true,"href":"https:\/\/roveyayinevi.com.tr\/index.php\/wp-json\/wp\/v2\/product_brand?post=782329"},{"taxonomy":"product_cat","embeddable":true,"href":"https:\/\/roveyayinevi.com.tr\/index.php\/wp-json\/wp\/v2\/product_cat?post=782329"},{"taxonomy":"product_tag","embeddable":true,"href":"https:\/\/roveyayinevi.com.tr\/index.php\/wp-json\/wp\/v2\/product_tag?post=782329"}],"curies":[{"name":"wp","href":"https:\/\/api.w.org\/{rel}","templated":true}]}}