{"id":782327,"date":"2026-02-23T11:14:28","date_gmt":"2026-02-23T08:14:28","guid":{"rendered":"https:\/\/roveyayinevi.com.tr\/index.php\/urun\/orgutsel-baglilik-ve-ise-baglilik-bir-arastirma-ile\/"},"modified":"2026-04-16T02:21:45","modified_gmt":"2026-04-15T23:21:45","slug":"orgutsel-baglilik-ve-ise-baglilik-bir-arastirma-ile","status":"publish","type":"product","link":"https:\/\/roveyayinevi.com.tr\/index.php\/urun\/orgutsel-baglilik-ve-ise-baglilik-bir-arastirma-ile\/","title":{"rendered":"\u00d6rg\u00fctsel Ba\u011fl\u0131l\u0131k ve \u0130\u015fe Ba\u011fl\u0131l\u0131k &#8211; Bir Ara\u015ft\u0131rma \u0130le"},"content":{"rendered":"<p>\u0130\u015fletmeler k\u00fcresel rekabet ortam\u0131nda mevcudiyetlerini s\u00fcrd\u00fcrebilmek i\u00e7in y\u00f6netim stratejilerini ve yap\u0131lanmalar\u0131n\u0131 ko\u015fullara uygun hale getirmek durumundad\u0131r.Yeniden yap\u0131lanma, kalite m\u00fckemmelli\u011fi ve m\u00fc\u015fteri tatmini rekabet \u00fcst\u00fcnl\u00fc\u011f\u00fc sa\u011flamak i\u00e7in \u00f6nemli unsurlard\u0131r. Ancak strateji geli\u015ftiren ve uygulamalar\u0131 ger\u00e7ekle\u015ftiren i\u015fg\u00f6renlerin \u00f6rg\u00fctlerini ve i\u015flerini benimsemeleri, kendilerini \u00f6zde\u015fle\u015ftirmeleri ve ama\u00e7 uyumunu ger\u00e7ekle\u015ftirmeleri ba\u015far\u0131 i\u00e7in gereklidir.Bunun i\u00e7in i\u015fg\u00f6renlerin istek, ihtiya\u00e7 ve ilgilerini kar\u015f\u0131layacak planlamalar\u0131n \u00f6rg\u00fct taraf\u0131ndan ger\u00e7ekle\u015ftirilmesi \u00f6nemlidir. <\/p>\n","protected":false},"excerpt":{"rendered":"<p>\u0130\u015fletmeler k\u00fcresel rekabet ortam\u0131nda mevcudiyetlerini s\u00fcrd\u00fcrebilmek i\u00e7in y\u00f6netim stratejilerini ve yap\u0131lanmalar\u0131n\u0131 ko\u015fullara uygun hale getirmek durumundad\u0131r.Yeniden yap\u0131lanma, kalite m\u00fckemmelli\u011fi ve m\u00fc\u015fteri tatmini rekabet \u00fcst\u00fcnl\u00fc\u011f\u00fc sa\u011flamak i\u00e7in<span class=\"excerpt-hellip\"> [\u2026]<\/span><\/p>\n","protected":false},"featured_media":0,"template":"","meta":{"_monsterinsights_skip_tracking":false,"_monsterinsights_sitenote_active":false,"_monsterinsights_sitenote_note":"","_monsterinsights_sitenote_category":0},"product_brand":[],"product_cat":[13043,17647],"product_tag":[],"class_list":{"0":"post-782327","1":"product","2":"type-product","3":"status-publish","5":"product_cat-ekonomi","6":"product_cat-is-dunyasi","7":"pa_cilt-ciltsiz","8":"pa_tur-kitap","9":"pa_yayinevi-baris-kitap","10":"pa_yazar-akyay-uygur","12":"first","13":"instock","14":"sale","15":"shipping-taxable","16":"purchasable","17":"product-type-simple"},"_links":{"self":[{"href":"https:\/\/roveyayinevi.com.tr\/index.php\/wp-json\/wp\/v2\/product\/782327","targetHints":{"allow":["GET"]}}],"collection":[{"href":"https:\/\/roveyayinevi.com.tr\/index.php\/wp-json\/wp\/v2\/product"}],"about":[{"href":"https:\/\/roveyayinevi.com.tr\/index.php\/wp-json\/wp\/v2\/types\/product"}],"wp:attachment":[{"href":"https:\/\/roveyayinevi.com.tr\/index.php\/wp-json\/wp\/v2\/media?parent=782327"}],"wp:term":[{"taxonomy":"product_brand","embeddable":true,"href":"https:\/\/roveyayinevi.com.tr\/index.php\/wp-json\/wp\/v2\/product_brand?post=782327"},{"taxonomy":"product_cat","embeddable":true,"href":"https:\/\/roveyayinevi.com.tr\/index.php\/wp-json\/wp\/v2\/product_cat?post=782327"},{"taxonomy":"product_tag","embeddable":true,"href":"https:\/\/roveyayinevi.com.tr\/index.php\/wp-json\/wp\/v2\/product_tag?post=782327"}],"curies":[{"name":"wp","href":"https:\/\/api.w.org\/{rel}","templated":true}]}}