{"id":782326,"date":"2026-02-23T11:14:22","date_gmt":"2026-02-23T08:14:22","guid":{"rendered":"https:\/\/roveyayinevi.com.tr\/index.php\/urun\/ejderhalar-baba-ve-ogul\/"},"modified":"2026-04-16T02:21:43","modified_gmt":"2026-04-15T23:21:43","slug":"ejderhalar-baba-ve-ogul","status":"publish","type":"product","link":"https:\/\/roveyayinevi.com.tr\/index.php\/urun\/ejderhalar-baba-ve-ogul\/","title":{"rendered":"Ejderhalar \u2013 Baba ve O\u011ful"},"content":{"rendered":"<p>Ejderhalar\u0131n gelenekleri b\u00f6yle, n\u2019apars\u0131n\u0131z! Ate\u015fpar\u00e7as\u0131, babas\u0131na ger\u00e7ek bir ejderha oldu\u011funu kan\u0131tlamak zorunda. Bunun i\u00e7in de alevler p\u00fcsk\u00fcrt\u00fcp k\u00f6ydeki evleri yak\u0131p k\u00fcl etmesi gerekiyor! Minik ejderha hayat\u0131nda birka\u00e7 kez ate\u015f p\u00fcsk\u00fcrtm\u00fc\u015ft\u00fc p\u00fcsk\u00fcrtmesine ama tutu\u015fturdu\u011fu \u015feyler ufak tefekti; \u00e7ay vakti bir k\u00fc\u00e7\u00fck salyangoz ya da t\u0131rt\u0131l k\u0131zartm\u0131\u015ft\u0131, o kadarc\u0131k. Bakal\u0131m, Ate\u015fpar\u00e7as\u0131 ger\u00e7ek bir ejderha oldu\u011funu kan\u0131tlay\u0131p ailesini gururland\u0131rabilecek mi? <\/p>\n","protected":false},"excerpt":{"rendered":"<p>Ejderhalar\u0131n gelenekleri b\u00f6yle, n\u2019apars\u0131n\u0131z! Ate\u015fpar\u00e7as\u0131, babas\u0131na ger\u00e7ek bir ejderha oldu\u011funu kan\u0131tlamak zorunda. Bunun i\u00e7in de alevler p\u00fcsk\u00fcrt\u00fcp k\u00f6ydeki evleri yak\u0131p k\u00fcl etmesi gerekiyor! Minik ejderha hayat\u0131nda<span class=\"excerpt-hellip\"> [\u2026]<\/span><\/p>\n","protected":false},"featured_media":0,"template":"","meta":{"_monsterinsights_skip_tracking":false,"_monsterinsights_sitenote_active":false,"_monsterinsights_sitenote_note":"","_monsterinsights_sitenote_category":0},"product_brand":[],"product_cat":[12913,12274],"product_tag":[],"class_list":{"0":"post-782326","1":"product","2":"type-product","3":"status-publish","5":"product_cat-3-6-yas-kitaplari","6":"product_cat-cocuk-ve-genclik-kitaplari","7":"pa_cilt-ciltli","8":"pa_tur-kitap","9":"pa_yayinevi-yapi-kredi-yayinlari","10":"pa_yazar-alexandre-lacroix-ronan-badel","12":"first","13":"instock","14":"sale","15":"shipping-taxable","16":"purchasable","17":"product-type-simple"},"_links":{"self":[{"href":"https:\/\/roveyayinevi.com.tr\/index.php\/wp-json\/wp\/v2\/product\/782326","targetHints":{"allow":["GET"]}}],"collection":[{"href":"https:\/\/roveyayinevi.com.tr\/index.php\/wp-json\/wp\/v2\/product"}],"about":[{"href":"https:\/\/roveyayinevi.com.tr\/index.php\/wp-json\/wp\/v2\/types\/product"}],"wp:attachment":[{"href":"https:\/\/roveyayinevi.com.tr\/index.php\/wp-json\/wp\/v2\/media?parent=782326"}],"wp:term":[{"taxonomy":"product_brand","embeddable":true,"href":"https:\/\/roveyayinevi.com.tr\/index.php\/wp-json\/wp\/v2\/product_brand?post=782326"},{"taxonomy":"product_cat","embeddable":true,"href":"https:\/\/roveyayinevi.com.tr\/index.php\/wp-json\/wp\/v2\/product_cat?post=782326"},{"taxonomy":"product_tag","embeddable":true,"href":"https:\/\/roveyayinevi.com.tr\/index.php\/wp-json\/wp\/v2\/product_tag?post=782326"}],"curies":[{"name":"wp","href":"https:\/\/api.w.org\/{rel}","templated":true}]}}