{"id":782324,"date":"2026-02-23T11:13:16","date_gmt":"2026-02-23T08:13:16","guid":{"rendered":"https:\/\/roveyayinevi.com.tr\/index.php\/urun\/sosyalizm-ve-insan-ruhu-2\/"},"modified":"2026-04-16T02:20:59","modified_gmt":"2026-04-15T23:20:59","slug":"sosyalizm-ve-insan-ruhu-2","status":"publish","type":"product","link":"https:\/\/roveyayinevi.com.tr\/index.php\/urun\/sosyalizm-ve-insan-ruhu-2\/","title":{"rendered":"Sosyalizm Ve \u0130nsan Ruhu"},"content":{"rendered":"<p>Oscar Wilde, bu kitapta anar\u015fist d\u00fcnya g\u00f6r\u00fc\u015f\u00fcn\u00fc a\u00e7\u0131kl\u0131yor. Wilde, kapitalizmde insanlar\u0131n b\u00fcy\u00fck \u00e7o\u011funlu\u011funun hayatlar\u0131n\u0131 sa\u011fl\u0131ks\u0131z ve abart\u0131l\u0131 bir sosyal fedakarl\u0131kla mahvettiklerini, asl\u0131nda, mahvetmek i\u00e7in ger\u00e7ek yeteneklerini fark etmek yerine, genel sebebi ortadan kald\u0131rmadan, vakitlerini kapitalizmin yaratt\u0131\u011f\u0131 sosyal problemleri \u00e7\u00f6zmek i\u00e7in harcad\u0131klar\u0131n\u0131 anlat\u0131yor. Dolay\u0131s\u0131yla insanlara ger\u00e7ekten ve duygusal olarak de\u011fer vermeleri, onlar\u0131 fakirli\u011fin getirdi\u011fi k\u00f6t\u00fcl\u00fckleri iyile\u015ftirmeye ko\u015fulluyor ama onlar\u0131n tedavileri as\u0131l hastal\u0131\u011f\u0131 iyile\u015ftirmiyor, sadece s\u00fcreyi uzat\u0131yor \u00e7\u00fcnk\u00fc \u00e7are, toplumu fakirli\u011fin m\u00fcmk\u00fcn olmad\u0131\u011f\u0131 bir temel \u00fczerine yeniden kurmakta. <\/p>\n","protected":false},"excerpt":{"rendered":"<p>Oscar Wilde, bu kitapta anar\u015fist d\u00fcnya g\u00f6r\u00fc\u015f\u00fcn\u00fc a\u00e7\u0131kl\u0131yor. Wilde, kapitalizmde insanlar\u0131n b\u00fcy\u00fck \u00e7o\u011funlu\u011funun hayatlar\u0131n\u0131 sa\u011fl\u0131ks\u0131z ve abart\u0131l\u0131 bir sosyal fedakarl\u0131kla mahvettiklerini, asl\u0131nda, mahvetmek i\u00e7in ger\u00e7ek yeteneklerini<span class=\"excerpt-hellip\"> [\u2026]<\/span><\/p>\n","protected":false},"featured_media":0,"template":"","meta":{"_monsterinsights_skip_tracking":false,"_monsterinsights_sitenote_active":false,"_monsterinsights_sitenote_note":"","_monsterinsights_sitenote_category":0},"product_brand":[],"product_cat":[12312,12304],"product_tag":[],"class_list":{"0":"post-782324","1":"product","2":"type-product","3":"status-publish","5":"product_cat-diger","6":"product_cat-tarih","7":"pa_cilt-ciltsiz","8":"pa_tur-kitap","9":"pa_yayinevi-siyah-kugu","10":"pa_yazar-oscar-wilde","12":"first","13":"instock","14":"sale","15":"shipping-taxable","16":"purchasable","17":"product-type-simple"},"_links":{"self":[{"href":"https:\/\/roveyayinevi.com.tr\/index.php\/wp-json\/wp\/v2\/product\/782324","targetHints":{"allow":["GET"]}}],"collection":[{"href":"https:\/\/roveyayinevi.com.tr\/index.php\/wp-json\/wp\/v2\/product"}],"about":[{"href":"https:\/\/roveyayinevi.com.tr\/index.php\/wp-json\/wp\/v2\/types\/product"}],"wp:attachment":[{"href":"https:\/\/roveyayinevi.com.tr\/index.php\/wp-json\/wp\/v2\/media?parent=782324"}],"wp:term":[{"taxonomy":"product_brand","embeddable":true,"href":"https:\/\/roveyayinevi.com.tr\/index.php\/wp-json\/wp\/v2\/product_brand?post=782324"},{"taxonomy":"product_cat","embeddable":true,"href":"https:\/\/roveyayinevi.com.tr\/index.php\/wp-json\/wp\/v2\/product_cat?post=782324"},{"taxonomy":"product_tag","embeddable":true,"href":"https:\/\/roveyayinevi.com.tr\/index.php\/wp-json\/wp\/v2\/product_tag?post=782324"}],"curies":[{"name":"wp","href":"https:\/\/api.w.org\/{rel}","templated":true}]}}