{"id":782323,"date":"2026-02-23T11:13:05","date_gmt":"2026-02-23T08:13:05","guid":{"rendered":"https:\/\/roveyayinevi.com.tr\/index.php\/urun\/dik-temel-harfleri-yazma-defteri\/"},"modified":"2026-04-16T02:20:39","modified_gmt":"2026-04-15T23:20:39","slug":"dik-temel-harfleri-yazma-defteri","status":"publish","type":"product","link":"https:\/\/roveyayinevi.com.tr\/index.php\/urun\/dik-temel-harfleri-yazma-defteri\/","title":{"rendered":"Dik Temel Harfleri Yazma Defteri"},"content":{"rendered":"<p>\u00d6\u011frencilerin; b\u00fcy\u00fck ve k\u00fc\u00e7\u00fcklerinin                                                                      -Harflerin yaz\u0131l\u0131\u015flar\u0131n\u0131 do\u011fru \u00f6\u011frenmeleri, -G\u00fczel yaz\u0131 yazmalar\u0131, -Yazd\u0131klar\u0131n\u0131 okuyabilmeleri, -Yaz\u0131l\u0131 ifade yapmay\u0131 sevmeleri, -Ak\u0131c\u0131 ve h\u0131zl\u0131 yazmalar\u0131, -Rakamlar\u0131n yaz\u0131l\u0131\u015flar\u0131n\u0131 do\u011fru uygulayabilmek i\u00e7in haz\u0131rlanm\u0131\u015ft\u0131r. \u00d6nerimiz, istedi\u011fimiz t\u00fcm yurtta\u015flar\u0131m\u0131z\u0131n g\u00fczel ve do\u011fru yaz\u0131y\u0131 kullanmalar\u0131d\u0131r. <\/p>\n","protected":false},"excerpt":{"rendered":"<p>\u00d6\u011frencilerin; b\u00fcy\u00fck ve k\u00fc\u00e7\u00fcklerinin -Harflerin yaz\u0131l\u0131\u015flar\u0131n\u0131 do\u011fru \u00f6\u011frenmeleri, -G\u00fczel yaz\u0131 yazmalar\u0131, -Yazd\u0131klar\u0131n\u0131 okuyabilmeleri, -Yaz\u0131l\u0131 ifade yapmay\u0131 sevmeleri, -Ak\u0131c\u0131 ve h\u0131zl\u0131 yazmalar\u0131, -Rakamlar\u0131n yaz\u0131l\u0131\u015flar\u0131n\u0131 do\u011fru uygulayabilmek i\u00e7in<span class=\"excerpt-hellip\"> [\u2026]<\/span><\/p>\n","protected":false},"featured_media":0,"template":"","meta":{"_monsterinsights_skip_tracking":false,"_monsterinsights_sitenote_active":false,"_monsterinsights_sitenote_note":"","_monsterinsights_sitenote_category":0},"product_brand":[],"product_cat":[12275,12274],"product_tag":[],"class_list":{"0":"post-782323","1":"product","2":"type-product","3":"status-publish","5":"product_cat-6-12-yas-kitaplari","6":"product_cat-cocuk-ve-genclik-kitaplari","7":"pa_cilt-ciltsiz","8":"pa_tur-kitap","9":"pa_yayinevi-fark-yayinlari","10":"pa_yazar-veysel-yildiz","12":"first","13":"instock","14":"sale","15":"shipping-taxable","16":"purchasable","17":"product-type-simple"},"_links":{"self":[{"href":"https:\/\/roveyayinevi.com.tr\/index.php\/wp-json\/wp\/v2\/product\/782323","targetHints":{"allow":["GET"]}}],"collection":[{"href":"https:\/\/roveyayinevi.com.tr\/index.php\/wp-json\/wp\/v2\/product"}],"about":[{"href":"https:\/\/roveyayinevi.com.tr\/index.php\/wp-json\/wp\/v2\/types\/product"}],"wp:attachment":[{"href":"https:\/\/roveyayinevi.com.tr\/index.php\/wp-json\/wp\/v2\/media?parent=782323"}],"wp:term":[{"taxonomy":"product_brand","embeddable":true,"href":"https:\/\/roveyayinevi.com.tr\/index.php\/wp-json\/wp\/v2\/product_brand?post=782323"},{"taxonomy":"product_cat","embeddable":true,"href":"https:\/\/roveyayinevi.com.tr\/index.php\/wp-json\/wp\/v2\/product_cat?post=782323"},{"taxonomy":"product_tag","embeddable":true,"href":"https:\/\/roveyayinevi.com.tr\/index.php\/wp-json\/wp\/v2\/product_tag?post=782323"}],"curies":[{"name":"wp","href":"https:\/\/api.w.org\/{rel}","templated":true}]}}