{"id":782322,"date":"2026-02-23T11:12:11","date_gmt":"2026-02-23T08:12:11","guid":{"rendered":"https:\/\/roveyayinevi.com.tr\/index.php\/urun\/dunya-denen-koca-okul\/"},"modified":"2026-02-23T11:12:11","modified_gmt":"2026-02-23T08:12:11","slug":"dunya-denen-koca-okul","status":"publish","type":"product","link":"https:\/\/roveyayinevi.com.tr\/index.php\/urun\/dunya-denen-koca-okul\/","title":{"rendered":"D\u00fcnya Denen Koca Okul"},"content":{"rendered":"<p>bildi\u011finden daha k\u0131ymetlidir hep hen\u00fcz \u00f6\u011frenmedi\u011fin. D\u00fcnya Denen Koca Okul \u0130talya\u2019n\u0131n en iyi \u00e7ocuk edebiyat\u00e7\u0131lar\u0131ndan biri olarak nitelenen Rodari\u2019den hayata yeni ba\u015flayanlar i\u00e7in al\u00e7akg\u00f6n\u00fcll\u00fc ve iyi kalpli bir k\u00fc\u00e7\u00fck k\u0131lavuz. D\u00fcnyaca \u00fcnl\u00fc \u0130talyan yazar ve gazeteci Gianni Rodari (1920-1980) k\u00fc\u00e7\u00fck ya\u015flardan itibaren edebiyata, yazmaya ve m\u00fczi\u011fe \u00f6zel bir ilgi duydu. \u00d6\u011frencilik y\u0131llar\u0131nda \u00f6\u011fretmeni Nazerano Ferrari\u2019nin, \u201c\u0130nsanl\u0131\u011f\u0131n b\u00fcy\u00fck insanlardan \u00e7ok, iyi kalpli insanlara ihtiyac\u0131 var\u201d c\u00fcmlesinden dolay\u0131, yazd\u0131\u011f\u0131 kompozisyona en y\u00fcksek notu verdi\u011fi Rodari, hayat\u0131 boyunca \u201ciyi bir insan\u201d olmak i\u00e7in \u00e7al\u0131\u015ft\u0131. \u0130kinci D\u00fcnya Sava\u015f\u0131 y\u0131llar\u0131nda \u00fclkesindeki fa\u015fizme kar\u015f\u0131 direni\u015f m\u00fccadelesine kat\u0131ld\u0131. Sava\u015f sonras\u0131, \u00f6nemli \u0130talyan gazetelerinde y\u00f6neticilik yapt\u0131. 1950\u2019den itibaren \u00e7ocuklar i\u00e7in yazmaya ba\u015flad\u0131. 1970\u2019te \u00e7ocuk edebiyat\u0131 dal\u0131nda verilen en sayg\u0131n \u00f6d\u00fcl\u00fc, Hans Christian Andersen \u00d6d\u00fcl\u00fc\u2019n\u00fc al\u0131nca \u00fcn\u00fc d\u00fcnya \u00e7ap\u0131nda per\u00e7inlendi.Rodari\u2019nin kaleminden D\u00fcnya Denen Koca Okul Allegra Agliardi\u2019nin desenleri, Filiz \u00d6zdem\u2019in \u00e7evirisiyle&#8230; <\/p>\n","protected":false},"excerpt":{"rendered":"<p>bildi\u011finden daha k\u0131ymetlidir hep hen\u00fcz \u00f6\u011frenmedi\u011fin. D\u00fcnya Denen Koca Okul \u0130talya\u2019n\u0131n en iyi \u00e7ocuk edebiyat\u00e7\u0131lar\u0131ndan biri olarak nitelenen Rodari\u2019den hayata yeni ba\u015flayanlar i\u00e7in al\u00e7akg\u00f6n\u00fcll\u00fc ve iyi<span class=\"excerpt-hellip\"> [\u2026]<\/span><\/p>\n","protected":false},"featured_media":0,"template":"","meta":{"_monsterinsights_skip_tracking":false,"_monsterinsights_sitenote_active":false,"_monsterinsights_sitenote_note":"","_monsterinsights_sitenote_category":0},"product_brand":[],"product_cat":[12275,12274],"product_tag":[],"class_list":{"0":"post-782322","1":"product","2":"type-product","3":"status-publish","5":"product_cat-6-12-yas-kitaplari","6":"product_cat-cocuk-ve-genclik-kitaplari","7":"pa_cilt-ciltli","8":"pa_tur-kitap","9":"pa_yayinevi-yapi-kredi-yayinlari","10":"pa_yazar-gianni-rodari","12":"first","13":"instock","14":"sale","15":"shipping-taxable","16":"purchasable","17":"product-type-simple"},"_links":{"self":[{"href":"https:\/\/roveyayinevi.com.tr\/index.php\/wp-json\/wp\/v2\/product\/782322","targetHints":{"allow":["GET"]}}],"collection":[{"href":"https:\/\/roveyayinevi.com.tr\/index.php\/wp-json\/wp\/v2\/product"}],"about":[{"href":"https:\/\/roveyayinevi.com.tr\/index.php\/wp-json\/wp\/v2\/types\/product"}],"wp:attachment":[{"href":"https:\/\/roveyayinevi.com.tr\/index.php\/wp-json\/wp\/v2\/media?parent=782322"}],"wp:term":[{"taxonomy":"product_brand","embeddable":true,"href":"https:\/\/roveyayinevi.com.tr\/index.php\/wp-json\/wp\/v2\/product_brand?post=782322"},{"taxonomy":"product_cat","embeddable":true,"href":"https:\/\/roveyayinevi.com.tr\/index.php\/wp-json\/wp\/v2\/product_cat?post=782322"},{"taxonomy":"product_tag","embeddable":true,"href":"https:\/\/roveyayinevi.com.tr\/index.php\/wp-json\/wp\/v2\/product_tag?post=782322"}],"curies":[{"name":"wp","href":"https:\/\/api.w.org\/{rel}","templated":true}]}}