{"id":782321,"date":"2026-02-23T11:12:07","date_gmt":"2026-02-23T08:12:07","guid":{"rendered":"https:\/\/roveyayinevi.com.tr\/index.php\/urun\/islamin-mistik-boyutlari\/"},"modified":"2026-04-16T02:20:35","modified_gmt":"2026-04-15T23:20:35","slug":"islamin-mistik-boyutlari","status":"publish","type":"product","link":"https:\/\/roveyayinevi.com.tr\/index.php\/urun\/islamin-mistik-boyutlari\/","title":{"rendered":"\u0130slam\u0131n Mistik Boyutlar\u0131"},"content":{"rendered":"<p>Sadece yazar\u0131n \u015fiirsel kavray\u0131\u015f\u0131yla de\u011fil, ayn\u0131 zamanda \u0130slam\u0131n geni\u015f k\u00fclt\u00fcr alan\u0131ndaki tart\u0131\u015f\u0131lmaz bilimsel h\u00e2kimiyetiyle de dopdolu.&#8221; \u2013International Journal for  Philosophy of Religion   \u201c\u0130ngilizcede \u0130slam mistisizmiyle ilgili en kapsaml\u0131 \u00e7al\u0131\u015fma.&#8221; \u2013Religious Studies Review   &#8220;Konuyla ilgili en kapsaml\u0131 ve tatmin edici ara\u015ft\u0131rma olup, bilgi kadar empati ve duygu dolu.\u201c \u2013History of Religions   &#8220;Sadece standart bir giri\u015f olmakla kalmay\u0131p, ayn\u0131 zamanda \u0130slam\u0131n  bu boyutuyla \u00f6zel olarak ilgilenenler i\u00e7in temel ba\u015fvuru kayna\u011f\u0131 da oldu.&#8221; \u2013Journal of the American  Oriental Society <\/p>\n","protected":false},"excerpt":{"rendered":"<p>Sadece yazar\u0131n \u015fiirsel kavray\u0131\u015f\u0131yla de\u011fil, ayn\u0131 zamanda \u0130slam\u0131n geni\u015f k\u00fclt\u00fcr alan\u0131ndaki tart\u0131\u015f\u0131lmaz bilimsel h\u00e2kimiyetiyle de dopdolu.&#8221; \u2013International Journal for Philosophy of Religion \u201c\u0130ngilizcede \u0130slam mistisizmiyle ilgili<span class=\"excerpt-hellip\"> [\u2026]<\/span><\/p>\n","protected":false},"featured_media":0,"template":"","meta":{"_monsterinsights_skip_tracking":false,"_monsterinsights_sitenote_active":false,"_monsterinsights_sitenote_note":"","_monsterinsights_sitenote_category":0},"product_brand":[],"product_cat":[13036,12718,12719],"product_tag":[],"class_list":{"0":"post-782321","1":"product","2":"type-product","3":"status-publish","5":"product_cat-arastirma-inceleme-islam","6":"product_cat-din","7":"product_cat-islam","8":"pa_cilt-ciltsiz","9":"pa_tur-kitap","10":"pa_yayinevi-alfa-yayinlari","11":"pa_yazar-annemarie-schimmel","13":"first","14":"instock","15":"sale","16":"shipping-taxable","17":"purchasable","18":"product-type-simple"},"_links":{"self":[{"href":"https:\/\/roveyayinevi.com.tr\/index.php\/wp-json\/wp\/v2\/product\/782321","targetHints":{"allow":["GET"]}}],"collection":[{"href":"https:\/\/roveyayinevi.com.tr\/index.php\/wp-json\/wp\/v2\/product"}],"about":[{"href":"https:\/\/roveyayinevi.com.tr\/index.php\/wp-json\/wp\/v2\/types\/product"}],"wp:attachment":[{"href":"https:\/\/roveyayinevi.com.tr\/index.php\/wp-json\/wp\/v2\/media?parent=782321"}],"wp:term":[{"taxonomy":"product_brand","embeddable":true,"href":"https:\/\/roveyayinevi.com.tr\/index.php\/wp-json\/wp\/v2\/product_brand?post=782321"},{"taxonomy":"product_cat","embeddable":true,"href":"https:\/\/roveyayinevi.com.tr\/index.php\/wp-json\/wp\/v2\/product_cat?post=782321"},{"taxonomy":"product_tag","embeddable":true,"href":"https:\/\/roveyayinevi.com.tr\/index.php\/wp-json\/wp\/v2\/product_tag?post=782321"}],"curies":[{"name":"wp","href":"https:\/\/api.w.org\/{rel}","templated":true}]}}