{"id":782319,"date":"2026-02-23T11:11:08","date_gmt":"2026-02-23T08:11:08","guid":{"rendered":"https:\/\/roveyayinevi.com.tr\/index.php\/urun\/isadora-moon-dogum-gununu-kutluyor-ciltli\/"},"modified":"2026-04-16T02:19:56","modified_gmt":"2026-04-15T23:19:56","slug":"isadora-moon-dogum-gununu-kutluyor-ciltli","status":"publish","type":"product","link":"https:\/\/roveyayinevi.com.tr\/index.php\/urun\/isadora-moon-dogum-gununu-kutluyor-ciltli\/","title":{"rendered":"Isadora Moon Do\u011fum G\u00fcn\u00fcn\u00fc Kutluyor (Ciltli)"},"content":{"rendered":"<p>Isadora Moon \u00e7ok \u00f6zel \u00e7\u00fcnk\u00fc herkesten farkl\u0131!Yar\u0131 vampir, yar\u0131 peri! Benzersiz ve \u00e7ok e\u011flenceli!Annesi peri, babas\u0131 vampir&#8230; Isadora da yar\u0131 peri, yar\u0131 vampir! \u0130kisinden de \u00f6zellikler ta\u015f\u0131yor. \u0130nsan do\u011fum g\u00fcn\u00fc partilerine gitmeye bay\u0131l\u0131yor. \u015eimdi de kendi do\u011fum g\u00fcn\u00fcn\u00fc kutlayacak.Ancak annesi ve babas\u0131 i\u015fin i\u00e7ine girince, bu parti Isadora\u2019n\u0131n daha \u00f6nce gitti\u011fi partilere hi\u00e7 benzemeyecek galiba! <\/p>\n","protected":false},"excerpt":{"rendered":"<p>Isadora Moon \u00e7ok \u00f6zel \u00e7\u00fcnk\u00fc herkesten farkl\u0131!Yar\u0131 vampir, yar\u0131 peri! Benzersiz ve \u00e7ok e\u011flenceli!Annesi peri, babas\u0131 vampir&#8230; Isadora da yar\u0131 peri, yar\u0131 vampir! \u0130kisinden de \u00f6zellikler<span class=\"excerpt-hellip\"> [\u2026]<\/span><\/p>\n","protected":false},"featured_media":0,"template":"","meta":{"_monsterinsights_skip_tracking":false,"_monsterinsights_sitenote_active":false,"_monsterinsights_sitenote_note":"","_monsterinsights_sitenote_category":0},"product_brand":[],"product_cat":[12275,12274],"product_tag":[],"class_list":{"0":"post-782319","1":"product","2":"type-product","3":"status-publish","5":"product_cat-6-12-yas-kitaplari","6":"product_cat-cocuk-ve-genclik-kitaplari","7":"pa_cilt-ciltli","8":"pa_tur-kitap","9":"pa_yayinevi-epsilon-yayinlari","10":"pa_yazar-harriet-muncaster","12":"first","13":"instock","14":"sale","15":"shipping-taxable","16":"purchasable","17":"product-type-simple"},"_links":{"self":[{"href":"https:\/\/roveyayinevi.com.tr\/index.php\/wp-json\/wp\/v2\/product\/782319","targetHints":{"allow":["GET"]}}],"collection":[{"href":"https:\/\/roveyayinevi.com.tr\/index.php\/wp-json\/wp\/v2\/product"}],"about":[{"href":"https:\/\/roveyayinevi.com.tr\/index.php\/wp-json\/wp\/v2\/types\/product"}],"wp:attachment":[{"href":"https:\/\/roveyayinevi.com.tr\/index.php\/wp-json\/wp\/v2\/media?parent=782319"}],"wp:term":[{"taxonomy":"product_brand","embeddable":true,"href":"https:\/\/roveyayinevi.com.tr\/index.php\/wp-json\/wp\/v2\/product_brand?post=782319"},{"taxonomy":"product_cat","embeddable":true,"href":"https:\/\/roveyayinevi.com.tr\/index.php\/wp-json\/wp\/v2\/product_cat?post=782319"},{"taxonomy":"product_tag","embeddable":true,"href":"https:\/\/roveyayinevi.com.tr\/index.php\/wp-json\/wp\/v2\/product_tag?post=782319"}],"curies":[{"name":"wp","href":"https:\/\/api.w.org\/{rel}","templated":true}]}}