{"id":782318,"date":"2026-02-23T11:11:04","date_gmt":"2026-02-23T08:11:04","guid":{"rendered":"https:\/\/roveyayinevi.com.tr\/index.php\/urun\/anlat-anneanne-anilar-kitabi\/"},"modified":"2026-04-16T02:19:56","modified_gmt":"2026-04-15T23:19:56","slug":"anlat-anneanne-anilar-kitabi","status":"publish","type":"product","link":"https:\/\/roveyayinevi.com.tr\/index.php\/urun\/anlat-anneanne-anilar-kitabi\/","title":{"rendered":"Anlat Anneanne &#8211; An\u0131lar Kitab\u0131"},"content":{"rendered":"<p>An\u0131lar\u2026 An\u0131lar\u2026Aile s\u0131rlar\u0131.K\u0131zlar\u0131m\u0131n bile bilmedi\u011fi,okurlar\u0131m\u0131n merak etti\u011fi,h\u00fcz\u00fcnl\u00fc an\u0131lar. Komik an\u0131lar.\u00c7ocuklu\u011fumun, Cumhuriyet ruhunugururla ta\u015f\u0131yan Ankara\u2019s\u0131.Ailede evlenmeler, bo\u015fanmalar.Gen\u00e7 k\u0131zl\u0131\u011f\u0131m\u0131n d\u00fcnya \u015fehri, art\u0131k eskiT\u00fcrk filmlerinde kalm\u0131\u015f g\u00fczelim \u0130stanbul.Kolej y\u0131llar\u0131, arkada\u015flar, muziplikler.Benim evlilik masal\u0131m.Yasemin kokulu sokaklar\u0131yla Mersin.Otuz yedi y\u0131lda yaz\u0131lan otuz bir kitap.Ve gerisi\u2026 <\/p>\n","protected":false},"excerpt":{"rendered":"<p>An\u0131lar\u2026 An\u0131lar\u2026Aile s\u0131rlar\u0131.K\u0131zlar\u0131m\u0131n bile bilmedi\u011fi,okurlar\u0131m\u0131n merak etti\u011fi,h\u00fcz\u00fcnl\u00fc an\u0131lar. Komik an\u0131lar.\u00c7ocuklu\u011fumun, Cumhuriyet ruhunugururla ta\u015f\u0131yan Ankara\u2019s\u0131.Ailede evlenmeler, bo\u015fanmalar.Gen\u00e7 k\u0131zl\u0131\u011f\u0131m\u0131n d\u00fcnya \u015fehri, art\u0131k eskiT\u00fcrk filmlerinde kalm\u0131\u015f g\u00fczelim \u0130stanbul.Kolej y\u0131llar\u0131,<span class=\"excerpt-hellip\"> [\u2026]<\/span><\/p>\n","protected":false},"featured_media":0,"template":"","meta":{"_monsterinsights_skip_tracking":false,"_monsterinsights_sitenote_active":false,"_monsterinsights_sitenote_note":"","_monsterinsights_sitenote_category":0},"product_brand":[],"product_cat":[13701,12291],"product_tag":[],"class_list":{"0":"post-782318","1":"product","2":"type-product","3":"status-publish","5":"product_cat-ani-mektup-gunluk","6":"product_cat-edebiyat","7":"pa_cilt-ciltsiz","8":"pa_tur-kitap","9":"pa_yayinevi-artemis-yayinlari","10":"pa_yazar-ipek-ongun","12":"first","13":"instock","14":"sale","15":"shipping-taxable","16":"purchasable","17":"product-type-simple"},"_links":{"self":[{"href":"https:\/\/roveyayinevi.com.tr\/index.php\/wp-json\/wp\/v2\/product\/782318","targetHints":{"allow":["GET"]}}],"collection":[{"href":"https:\/\/roveyayinevi.com.tr\/index.php\/wp-json\/wp\/v2\/product"}],"about":[{"href":"https:\/\/roveyayinevi.com.tr\/index.php\/wp-json\/wp\/v2\/types\/product"}],"wp:attachment":[{"href":"https:\/\/roveyayinevi.com.tr\/index.php\/wp-json\/wp\/v2\/media?parent=782318"}],"wp:term":[{"taxonomy":"product_brand","embeddable":true,"href":"https:\/\/roveyayinevi.com.tr\/index.php\/wp-json\/wp\/v2\/product_brand?post=782318"},{"taxonomy":"product_cat","embeddable":true,"href":"https:\/\/roveyayinevi.com.tr\/index.php\/wp-json\/wp\/v2\/product_cat?post=782318"},{"taxonomy":"product_tag","embeddable":true,"href":"https:\/\/roveyayinevi.com.tr\/index.php\/wp-json\/wp\/v2\/product_tag?post=782318"}],"curies":[{"name":"wp","href":"https:\/\/api.w.org\/{rel}","templated":true}]}}