{"id":782317,"date":"2026-02-23T11:10:57","date_gmt":"2026-02-23T08:10:57","guid":{"rendered":"https:\/\/roveyayinevi.com.tr\/index.php\/urun\/hazine-avcilari-ciltli\/"},"modified":"2026-03-27T02:28:13","modified_gmt":"2026-03-26T23:28:13","slug":"hazine-avcilari-ciltli","status":"publish","type":"product","link":"https:\/\/roveyayinevi.com.tr\/index.php\/urun\/hazine-avcilari-ciltli\/","title":{"rendered":"Hazine Avc\u0131lar\u0131 (Ciltli)"},"content":{"rendered":"<p>HAZ\u0130NE ARAMAK \u00c7OK ZEVKL\u0130! Ama Bick, Beck, Tommy ve F\u0131rt\u0131na\u2019n\u0131n alt\u0131nlarla dolu bir gemi enkaz\u0131n\u0131, uzun s\u00fcredir kay\u0131p baz\u0131 eserleri ve d\u00fcnyaca \u00fcnl\u00fc tablolar\u0131 bulmalar\u0131 gerekiyor. Tabii kaybolan annelerini ve babalar\u0131n\u0131 da. EN KISA S\u00dcREDE. <\/p>\n","protected":false},"excerpt":{"rendered":"<p>HAZ\u0130NE ARAMAK \u00c7OK ZEVKL\u0130! Ama Bick, Beck, Tommy ve F\u0131rt\u0131na\u2019n\u0131n alt\u0131nlarla dolu bir gemi enkaz\u0131n\u0131, uzun s\u00fcredir kay\u0131p baz\u0131 eserleri ve d\u00fcnyaca \u00fcnl\u00fc tablolar\u0131 bulmalar\u0131 gerekiyor.<span class=\"excerpt-hellip\"> [\u2026]<\/span><\/p>\n","protected":false},"featured_media":0,"template":"","meta":{"_monsterinsights_skip_tracking":false,"_monsterinsights_sitenote_active":false,"_monsterinsights_sitenote_note":"","_monsterinsights_sitenote_category":0},"product_brand":[],"product_cat":[12689,12274],"product_tag":[],"class_list":{"0":"post-782317","1":"product","2":"type-product","3":"status-publish","5":"product_cat-cizgi-roman-cocuk-ve-genclik-kitaplari","6":"product_cat-cocuk-ve-genclik-kitaplari","7":"pa_cilt-ciltli","8":"pa_tur-kitap","9":"pa_yayinevi-epsilon-yayinlari","10":"pa_yazar-james-patterson-chris-grabenstein","12":"first","13":"instock","14":"sale","15":"shipping-taxable","16":"purchasable","17":"product-type-simple"},"_links":{"self":[{"href":"https:\/\/roveyayinevi.com.tr\/index.php\/wp-json\/wp\/v2\/product\/782317","targetHints":{"allow":["GET"]}}],"collection":[{"href":"https:\/\/roveyayinevi.com.tr\/index.php\/wp-json\/wp\/v2\/product"}],"about":[{"href":"https:\/\/roveyayinevi.com.tr\/index.php\/wp-json\/wp\/v2\/types\/product"}],"wp:attachment":[{"href":"https:\/\/roveyayinevi.com.tr\/index.php\/wp-json\/wp\/v2\/media?parent=782317"}],"wp:term":[{"taxonomy":"product_brand","embeddable":true,"href":"https:\/\/roveyayinevi.com.tr\/index.php\/wp-json\/wp\/v2\/product_brand?post=782317"},{"taxonomy":"product_cat","embeddable":true,"href":"https:\/\/roveyayinevi.com.tr\/index.php\/wp-json\/wp\/v2\/product_cat?post=782317"},{"taxonomy":"product_tag","embeddable":true,"href":"https:\/\/roveyayinevi.com.tr\/index.php\/wp-json\/wp\/v2\/product_tag?post=782317"}],"curies":[{"name":"wp","href":"https:\/\/api.w.org\/{rel}","templated":true}]}}