{"id":782316,"date":"2026-02-23T11:10:54","date_gmt":"2026-02-23T08:10:54","guid":{"rendered":"https:\/\/roveyayinevi.com.tr\/index.php\/urun\/kim-demis-kolay-zor-diye\/"},"modified":"2026-04-16T02:19:53","modified_gmt":"2026-04-15T23:19:53","slug":"kim-demis-kolay-zor-diye","status":"publish","type":"product","link":"https:\/\/roveyayinevi.com.tr\/index.php\/urun\/kim-demis-kolay-zor-diye\/","title":{"rendered":"Kim Demi\u015f Kolay\/Zor Diye"},"content":{"rendered":"<p>Network Marketing alan\u0131nda ge\u00e7irdi\u011fi son 13 y\u0131lda b\u00fcy\u00fck bir ba\u015far\u0131 kazanm\u0131\u015f olan yazar\u0131m\u0131z Gaye \u015eAH\u0130N, sekt\u00f6rde yaa\u015fd\u0131\u011f\u0131 deneyimlerini ve bilgisini i\u015f hayat\u0131na yeni bir y\u00f6n vermek isteyen siz de\u011ferli okurlar\u0131yla  c\u00f6mert\u00e7e payla\u015f\u0131yor.&#8221;Nereden bilirdim ki, bir zamanlar yapmay\u0131 \u015fiddetle reddetti\u011fim i\u015fim i\u00e7in, d\u00fcnyaya bir daha gelsem yine bu i\u015f yapar\u0131m diyece\u011fimi.&#8221;&#8230; <\/p>\n","protected":false},"excerpt":{"rendered":"<p>Network Marketing alan\u0131nda ge\u00e7irdi\u011fi son 13 y\u0131lda b\u00fcy\u00fck bir ba\u015far\u0131 kazanm\u0131\u015f olan yazar\u0131m\u0131z Gaye \u015eAH\u0130N, sekt\u00f6rde yaa\u015fd\u0131\u011f\u0131 deneyimlerini ve bilgisini i\u015f hayat\u0131na yeni bir y\u00f6n vermek<span class=\"excerpt-hellip\"> [\u2026]<\/span><\/p>\n","protected":false},"featured_media":0,"template":"","meta":{"_monsterinsights_skip_tracking":false,"_monsterinsights_sitenote_active":false,"_monsterinsights_sitenote_note":"","_monsterinsights_sitenote_category":0},"product_brand":[],"product_cat":[13043,17647],"product_tag":[],"class_list":{"0":"post-782316","1":"product","2":"type-product","3":"status-publish","5":"product_cat-ekonomi","6":"product_cat-is-dunyasi","7":"pa_cilt-ciltsiz","8":"pa_tur-kitap","9":"pa_yayinevi-ac-kitabevi","10":"pa_yazar-gaye-sahin","12":"first","13":"instock","14":"sale","15":"shipping-taxable","16":"purchasable","17":"product-type-simple"},"_links":{"self":[{"href":"https:\/\/roveyayinevi.com.tr\/index.php\/wp-json\/wp\/v2\/product\/782316","targetHints":{"allow":["GET"]}}],"collection":[{"href":"https:\/\/roveyayinevi.com.tr\/index.php\/wp-json\/wp\/v2\/product"}],"about":[{"href":"https:\/\/roveyayinevi.com.tr\/index.php\/wp-json\/wp\/v2\/types\/product"}],"wp:attachment":[{"href":"https:\/\/roveyayinevi.com.tr\/index.php\/wp-json\/wp\/v2\/media?parent=782316"}],"wp:term":[{"taxonomy":"product_brand","embeddable":true,"href":"https:\/\/roveyayinevi.com.tr\/index.php\/wp-json\/wp\/v2\/product_brand?post=782316"},{"taxonomy":"product_cat","embeddable":true,"href":"https:\/\/roveyayinevi.com.tr\/index.php\/wp-json\/wp\/v2\/product_cat?post=782316"},{"taxonomy":"product_tag","embeddable":true,"href":"https:\/\/roveyayinevi.com.tr\/index.php\/wp-json\/wp\/v2\/product_tag?post=782316"}],"curies":[{"name":"wp","href":"https:\/\/api.w.org\/{rel}","templated":true}]}}