{"id":782315,"date":"2026-02-23T11:10:42","date_gmt":"2026-02-23T08:10:42","guid":{"rendered":"https:\/\/roveyayinevi.com.tr\/index.php\/urun\/guc-ile-yonetim\/"},"modified":"2026-04-16T02:19:47","modified_gmt":"2026-04-15T23:19:47","slug":"guc-ile-yonetim","status":"publish","type":"product","link":"https:\/\/roveyayinevi.com.tr\/index.php\/urun\/guc-ile-yonetim\/","title":{"rendered":"G\u00fc\u00e7 ile Y\u00f6netim"},"content":{"rendered":"<p>G\u00fcc\u00fc ne kadar \u00e7ok kulland\u0131\u011f\u0131n\u0131za, size kar\u015f\u0131 ne kadar \u00e7ok kullan\u0131ld\u0131\u011f\u0131na ve nas\u0131l etki alt\u0131nda kald\u0131\u011f\u0131n\u0131za \u015fa\u015f\u0131racaks\u0131n\u0131z.G\u00fc\u00e7Hepimizin bildi\u011fi, ya\u015fam\u0131n her alan\u0131nda s\u0131kl\u0131kla kulland\u0131\u011f\u0131m\u0131z ve maruz kald\u0131\u011f\u0131m\u0131z, baz\u0131lar\u0131 i\u00e7in motive edici, baz\u0131lar\u0131 i\u00e7in korkutucu, baz\u0131lar\u0131 i\u00e7in ise ihtiya\u00e7 niteli\u011finde olan bir kavram.Bir yandan arzu edilen, hayran olunan, edinilmeye ve korunmas\u0131na \u00e7al\u0131\u015f\u0131lan, di\u011fer yandan mahrem kabul edilen, \u00fczerinde konu\u015fulmas\u0131ndan ka\u00e7\u0131n\u0131lan bir konu.Her an g\u00f6zlerimizin \u00f6n\u00fcnde olan ve g\u00f6zlerimizi ka\u00e7\u0131rd\u0131\u011f\u0131m\u0131z, elde etme ve kullanma konusunda ister iyi olal\u0131m ister olmayal\u0131m bir \u201c\u015fey\u201din ger\u00e7ekle\u015fmesini sa\u011flayabilmemiz i\u00e7in gereksinim duydu\u011fumuz bir kaynak.K\u00fc\u00e7\u00fck, kirli s\u0131rlar\u0131m\u0131z\u0131n en \u00f6nemlilerinden biri.LiderlikTarih\u00e7esi, t\u00fcrleri, yakla\u015f\u0131mlar\u0131 hakk\u0131nda \u00e7ok geni\u015f bir yaz\u0131n bulunmakla birlikte g\u00fc\u00e7 sahibi olma, g\u00fcc\u00fc kullanma bak\u0131mlar\u0131ndan nadiren incelenen bir konu.Bu kitap size ba\u015f\u0131n\u0131zdan ge\u00e7mi\u015f olan, okudu\u011funuzda \u201cevet, bunu \u00e7ok iyi biliyorum\u201d diyece\u011finiz \u00f6rnekler d\u0131\u015f\u0131nda bir \u015fey anlatmay\u0131 vaat etmemektedir. Ya\u015famakta oldu\u011funuz \u015feyleri akademik bir \u00e7er\u00e7eve ba\u011flam\u0131nda fark edebilmeniz, anlamland\u0131rabilmeniz ve yorumlayabilmenize yard\u0131mc\u0131 olmak i\u00e7in gerekli bilgileri ve \u00f6rnekleri sunmay\u0131 teklif etmektedir.G\u00f6zlerinizi kapatabilir, ba\u015fka tarafa bakabilirsiniz.Veya g\u00fcc\u00fc anlayabilir ve ama\u00e7lar\u0131n\u0131z do\u011frultusunda kullanmaya gayret edebilirsiniz.Se\u00e7im sizin. <\/p>\n","protected":false},"excerpt":{"rendered":"<p>G\u00fcc\u00fc ne kadar \u00e7ok kulland\u0131\u011f\u0131n\u0131za, size kar\u015f\u0131 ne kadar \u00e7ok kullan\u0131ld\u0131\u011f\u0131na ve nas\u0131l etki alt\u0131nda kald\u0131\u011f\u0131n\u0131za \u015fa\u015f\u0131racaks\u0131n\u0131z.G\u00fc\u00e7Hepimizin bildi\u011fi, ya\u015fam\u0131n her alan\u0131nda s\u0131kl\u0131kla kulland\u0131\u011f\u0131m\u0131z ve maruz kald\u0131\u011f\u0131m\u0131z,<span class=\"excerpt-hellip\"> [\u2026]<\/span><\/p>\n","protected":false},"featured_media":0,"template":"","meta":{"_monsterinsights_skip_tracking":false,"_monsterinsights_sitenote_active":false,"_monsterinsights_sitenote_note":"","_monsterinsights_sitenote_category":0},"product_brand":[],"product_cat":[13043,17647],"product_tag":[],"class_list":{"0":"post-782315","1":"product","2":"type-product","3":"status-publish","5":"product_cat-ekonomi","6":"product_cat-is-dunyasi","7":"pa_cilt-ciltsiz","8":"pa_tur-kitap","9":"pa_yayinevi-abakus-kitap","10":"pa_yazar-murat-bolelli","12":"first","13":"instock","14":"sale","15":"shipping-taxable","16":"purchasable","17":"product-type-simple"},"_links":{"self":[{"href":"https:\/\/roveyayinevi.com.tr\/index.php\/wp-json\/wp\/v2\/product\/782315","targetHints":{"allow":["GET"]}}],"collection":[{"href":"https:\/\/roveyayinevi.com.tr\/index.php\/wp-json\/wp\/v2\/product"}],"about":[{"href":"https:\/\/roveyayinevi.com.tr\/index.php\/wp-json\/wp\/v2\/types\/product"}],"wp:attachment":[{"href":"https:\/\/roveyayinevi.com.tr\/index.php\/wp-json\/wp\/v2\/media?parent=782315"}],"wp:term":[{"taxonomy":"product_brand","embeddable":true,"href":"https:\/\/roveyayinevi.com.tr\/index.php\/wp-json\/wp\/v2\/product_brand?post=782315"},{"taxonomy":"product_cat","embeddable":true,"href":"https:\/\/roveyayinevi.com.tr\/index.php\/wp-json\/wp\/v2\/product_cat?post=782315"},{"taxonomy":"product_tag","embeddable":true,"href":"https:\/\/roveyayinevi.com.tr\/index.php\/wp-json\/wp\/v2\/product_tag?post=782315"}],"curies":[{"name":"wp","href":"https:\/\/api.w.org\/{rel}","templated":true}]}}