{"id":782313,"date":"2026-02-23T11:09:57","date_gmt":"2026-02-23T08:09:57","guid":{"rendered":"https:\/\/roveyayinevi.com.tr\/index.php\/urun\/modernizm-sapkinligin-cazibesi-2\/"},"modified":"2026-04-16T02:19:18","modified_gmt":"2026-04-15T23:19:18","slug":"modernizm-sapkinligin-cazibesi-2","status":"publish","type":"product","link":"https:\/\/roveyayinevi.com.tr\/index.php\/urun\/modernizm-sapkinligin-cazibesi-2\/","title":{"rendered":"Modernizm &#8211; Sapk\u0131nl\u0131\u011f\u0131n Cazibesi"},"content":{"rendered":"<p>\u00dcnl\u00fc k\u00fclt\u00fcr tarih\u00e7isi Peter Gay, bu kapsaml\u0131 incelemesinde, 1850\u2019lerde ba\u015flamak suretiyle edebiyat, g\u00f6rsel sanatlar, m\u00fczik ve mimari gibi sanat dallar\u0131n\u0131n de\u011fi\u015fmez oldu\u011fu varsay\u0131lan kurallar\u0131n\u0131 amans\u0131zca yerle bir eden ve gelenekleri y\u0131karak e\u015fi g\u00f6r\u00fc\u015fmemi\u015f bir \u015fekilde yeni yollar a\u00e7an modernizm hareketini anlat\u0131yor. Modernizmin hangi ko\u015fullarda ortaya \u00e7\u0131k\u0131p geli\u015fti\u011fini; de\u011fi\u015fen d\u00fcnyayla birlikte hangi a\u015famalardan ge\u00e7ti\u011fini g\u00f6zler \u00f6n\u00fcne seren Peter Gay, bunun yan\u0131 s\u0131ra Baudelaire, Joyce, Picasso, Duchamp, Stravinsky, Chaplin, Orson Welles, Le Corbusier, Frank O\u2019Gehry gibi, put k\u0131r\u0131c\u0131 ve \u00e7\u0131\u011f\u0131r a\u00e7\u0131c\u0131 bir\u00e7ok d\u00e2hinin hayat\u0131ndan kesitler veriyor. Modernizm: Sapk\u0131nl\u0131\u011f\u0131n Cazibesi, d\u00fcnyay\u0131 geri d\u00f6n\u00fclmezcesine d\u00f6n\u00fc\u015ft\u00fcren, bug\u00fcn de hayata bak\u0131\u015f\u0131m\u0131z\u0131 ve zevklerimizi \u015fekillendirmeye devam eden bu sanat hareketini her y\u00f6n\u00fcyle ele alan bir \u00e7al\u0131\u015fma. Sanata ilgi duyan herkes i\u00e7in benzersiz bir kaynak kitap. \u201cHarikulade yaz\u0131lm\u0131\u015f, geni\u015f kapsaml\u0131 ve psikolojik a\u00e7\u0131dan derinlikli bir \u00e7al\u0131\u015fma olan Modernizm, on dokuzuncu ve yirminci y\u00fczy\u0131llarda sanat ve k\u00fclt\u00fcr\u00fc kararl\u0131 bir \u015fekilde d\u00f6n\u00fc\u015ft\u00fcrm\u00fc\u015f y\u0131k\u0131c\u0131 enerjilerin bir kutsan\u0131\u015f\u0131.\u201d \u2013Stephen Greenblatt, Muhte\u015fem Will\u2019in yazar\u0131.  \u201cPeter Gay, elli y\u0131ldan fazla bir s\u00fcredir \u2018modernizmin ba\u015fl\u0131ca vakan\u00fcvisi. Modernizm yenilik\u00e7i sanat \u00fczerine kapsaml\u0131, iddial\u0131 bir ara\u015ft\u0131rma. Gay, genel okura hitap etme konusunda yetin olmakla birlikte, en gizli ayr\u0131nt\u0131lara kadar inmeyi de biliyor.\u201d \u2013Michael Dirda, Washington Post Book World <\/p>\n","protected":false},"excerpt":{"rendered":"<p>\u00dcnl\u00fc k\u00fclt\u00fcr tarih\u00e7isi Peter Gay, bu kapsaml\u0131 incelemesinde, 1850\u2019lerde ba\u015flamak suretiyle edebiyat, g\u00f6rsel sanatlar, m\u00fczik ve mimari gibi sanat dallar\u0131n\u0131n de\u011fi\u015fmez oldu\u011fu varsay\u0131lan kurallar\u0131n\u0131 amans\u0131zca yerle<span class=\"excerpt-hellip\"> [\u2026]<\/span><\/p>\n","protected":false},"featured_media":0,"template":"","meta":{"_monsterinsights_skip_tracking":false,"_monsterinsights_sitenote_active":false,"_monsterinsights_sitenote_note":"","_monsterinsights_sitenote_category":0},"product_brand":[],"product_cat":[12312,12304],"product_tag":[],"class_list":{"0":"post-782313","1":"product","2":"type-product","3":"status-publish","5":"product_cat-diger","6":"product_cat-tarih","7":"pa_cilt-ciltsiz","8":"pa_tur-kitap","9":"pa_yayinevi-everest-yayinlari","10":"pa_yazar-peter-gray","12":"first","13":"instock","14":"sale","15":"shipping-taxable","16":"purchasable","17":"product-type-simple"},"_links":{"self":[{"href":"https:\/\/roveyayinevi.com.tr\/index.php\/wp-json\/wp\/v2\/product\/782313","targetHints":{"allow":["GET"]}}],"collection":[{"href":"https:\/\/roveyayinevi.com.tr\/index.php\/wp-json\/wp\/v2\/product"}],"about":[{"href":"https:\/\/roveyayinevi.com.tr\/index.php\/wp-json\/wp\/v2\/types\/product"}],"wp:attachment":[{"href":"https:\/\/roveyayinevi.com.tr\/index.php\/wp-json\/wp\/v2\/media?parent=782313"}],"wp:term":[{"taxonomy":"product_brand","embeddable":true,"href":"https:\/\/roveyayinevi.com.tr\/index.php\/wp-json\/wp\/v2\/product_brand?post=782313"},{"taxonomy":"product_cat","embeddable":true,"href":"https:\/\/roveyayinevi.com.tr\/index.php\/wp-json\/wp\/v2\/product_cat?post=782313"},{"taxonomy":"product_tag","embeddable":true,"href":"https:\/\/roveyayinevi.com.tr\/index.php\/wp-json\/wp\/v2\/product_tag?post=782313"}],"curies":[{"name":"wp","href":"https:\/\/api.w.org\/{rel}","templated":true}]}}