{"id":782312,"date":"2026-02-23T11:09:54","date_gmt":"2026-02-23T08:09:54","guid":{"rendered":"https:\/\/roveyayinevi.com.tr\/index.php\/urun\/cirilciplak-soyulmus-goruntu\/"},"modified":"2026-04-16T02:19:18","modified_gmt":"2026-04-15T23:19:18","slug":"cirilciplak-soyulmus-goruntu","status":"publish","type":"product","link":"https:\/\/roveyayinevi.com.tr\/index.php\/urun\/cirilciplak-soyulmus-goruntu\/","title":{"rendered":"\u00c7\u0131r\u0131l\u00e7\u0131plak Soyulmu\u015f G\u00f6r\u00fcnt\u00fc"},"content":{"rendered":"<p>\u201cDuchamp i\u00e7in kendi ba\u015f\u0131na sanat diye bir \u015fey yoktur, sanat bir \u015fey de\u011fildir, bir ara\u00e7t\u0131r, d\u00fc\u015f\u00fcnceleri ve duygular\u0131 iletmek i\u00e7in kullan\u0131lan bir kablodur. B\u00fcy\u00fck Cam, mekanik formlar\u0131 nedeniyle avangart bir yap\u0131t olarak g\u00f6r\u00fclecekse, bu formlar\u0131n ne s\u00f6yledi\u011fine bak\u0131ld\u0131\u011f\u0131nda avangard olmad\u0131\u011f\u0131 d\u00fc\u015f\u00fcn\u00fclecektir \u2013 bir efsane, grotesk, b\u00fcy\u00fcleyici bir hik\u00e2ye s\u00f6z konusudur burada.\u201d   \u201cDuchamp\u2019\u0131n yap\u0131t\u0131, medeniyetimizin geleneksel sanat\u0131na ve d\u00fc\u015f\u00fcncesine dair bir izlek \u00fczerine, daha \u00f6ncekilere eklenen bir \u00e7e\u015fitlemedir. Bu izle\u011fin iki y\u00f6n\u00fc vard\u0131r: A\u015fk ve bilgi. Konusu tektir: Ger\u00e7ekli\u011fin do\u011fas\u0131.\u201d Octavio Paz     Nobel \u00f6d\u00fcll\u00fc b\u00fcy\u00fck \u015fair ve edebiyat\u00e7\u0131 Octavio Paz, bu benzersiz denemesinde \u00e7ok sevdi\u011fi Marcel Duchamp\u2019\u0131n ba\u015fyap\u0131t\u0131n\u0131, sanat tarihinin belki en tart\u0131\u015fmal\u0131, en gizemli eserlerinden biri olan B\u00fcy\u00fck Cam Panel\u2019i (Bek\u00e2rlar\u0131 Taraf\u0131ndan \u00c7\u0131r\u0131l\u00e7\u0131plak Soyulmu\u015f Gelin, Hatta), \u00e7\u00f6z\u00fcml\u00fcyor&#8230;   \u201cOctavio Paz Meksikal\u0131 yazarlar\u0131n en b\u00fcy\u00fc\u011f\u00fc, \u0130spanyolcan\u0131n b\u00fcy\u00fck yenileyicisi ve d\u00fcnyaya mal olmu\u015f b\u00fcy\u00fck bir \u015fair ve denemecidir.\u201d Carlos Fuentes <\/p>\n","protected":false},"excerpt":{"rendered":"<p>\u201cDuchamp i\u00e7in kendi ba\u015f\u0131na sanat diye bir \u015fey yoktur, sanat bir \u015fey de\u011fildir, bir ara\u00e7t\u0131r, d\u00fc\u015f\u00fcnceleri ve duygular\u0131 iletmek i\u00e7in kullan\u0131lan bir kablodur. B\u00fcy\u00fck Cam, mekanik<span class=\"excerpt-hellip\"> [\u2026]<\/span><\/p>\n","protected":false},"featured_media":0,"template":"","meta":{"_monsterinsights_skip_tracking":false,"_monsterinsights_sitenote_active":false,"_monsterinsights_sitenote_note":"","_monsterinsights_sitenote_category":0},"product_brand":[],"product_cat":[12312,12304],"product_tag":[],"class_list":{"0":"post-782312","1":"product","2":"type-product","3":"status-publish","5":"product_cat-diger","6":"product_cat-tarih","7":"pa_cilt-ciltsiz","8":"pa_tur-kitap","9":"pa_yayinevi-everest-yayinlari","10":"pa_yazar-octavio-paz","12":"first","13":"instock","14":"sale","15":"shipping-taxable","16":"purchasable","17":"product-type-simple"},"_links":{"self":[{"href":"https:\/\/roveyayinevi.com.tr\/index.php\/wp-json\/wp\/v2\/product\/782312","targetHints":{"allow":["GET"]}}],"collection":[{"href":"https:\/\/roveyayinevi.com.tr\/index.php\/wp-json\/wp\/v2\/product"}],"about":[{"href":"https:\/\/roveyayinevi.com.tr\/index.php\/wp-json\/wp\/v2\/types\/product"}],"wp:attachment":[{"href":"https:\/\/roveyayinevi.com.tr\/index.php\/wp-json\/wp\/v2\/media?parent=782312"}],"wp:term":[{"taxonomy":"product_brand","embeddable":true,"href":"https:\/\/roveyayinevi.com.tr\/index.php\/wp-json\/wp\/v2\/product_brand?post=782312"},{"taxonomy":"product_cat","embeddable":true,"href":"https:\/\/roveyayinevi.com.tr\/index.php\/wp-json\/wp\/v2\/product_cat?post=782312"},{"taxonomy":"product_tag","embeddable":true,"href":"https:\/\/roveyayinevi.com.tr\/index.php\/wp-json\/wp\/v2\/product_tag?post=782312"}],"curies":[{"name":"wp","href":"https:\/\/api.w.org\/{rel}","templated":true}]}}