{"id":782311,"date":"2026-02-23T11:09:42","date_gmt":"2026-02-23T08:09:42","guid":{"rendered":"https:\/\/roveyayinevi.com.tr\/index.php\/urun\/bilime-yon-verenler-serisi-isaac-newton-super-scientists-isaac-newton\/"},"modified":"2026-04-16T02:18:54","modified_gmt":"2026-04-15T23:18:54","slug":"bilime-yon-verenler-serisi-isaac-newton-super-scientists-isaac-newton","status":"publish","type":"product","link":"https:\/\/roveyayinevi.com.tr\/index.php\/urun\/bilime-yon-verenler-serisi-isaac-newton-super-scientists-isaac-newton\/","title":{"rendered":"Bilime Y\u00f6n Verenler Serisi &#8211; Isaac Newton (Super Scientists &#8211; Isaac Newton)"},"content":{"rendered":"<p>Ya\u015fad\u0131\u011f\u0131m\u0131z evren hakk\u0131ndaki anlay\u0131\u015f\u0131m\u0131z\u0131n \u015fekillenmesine ve bilimin geli\u015fimine \u00f6nemli katk\u0131lar\u0131 bulunan bilim insanlar\u0131n\u0131n hayatlar\u0131, teorileri, \u00e7al\u0131\u015fmalar\u0131\u2026 Bilime Y\u00f6n Verenler dizisinde yer alan kitaplar gen\u00e7 nesillere lham kayna\u011f\u0131 olacak.Isaac Newton, bir elman\u0131n yere d\u00fc\u015fmesini sa\u011flayan ve evreni bir arada tutan\u0131n ayn\u0131 kuvvet oldu\u011funu ke\u015ffetti. G\u00fcn\u00fcm\u00fczde de kullan\u0131lan bilimsel y\u00f6ntemleri kullanarak \u00e7e\u015fitli konularda deneyler yapt\u0131, ald\u0131\u011f\u0131 sonu\u00e7lar\u0131 de\u011ferlendirip deneylerini yeni de\u011ferlerle tekrarlad\u0131 ve bilim tarihinin en \u00f6nemli isimlerinden biri h\u00e2line geldi. <\/p>\n","protected":false},"excerpt":{"rendered":"<p>Ya\u015fad\u0131\u011f\u0131m\u0131z evren hakk\u0131ndaki anlay\u0131\u015f\u0131m\u0131z\u0131n \u015fekillenmesine ve bilimin geli\u015fimine \u00f6nemli katk\u0131lar\u0131 bulunan bilim insanlar\u0131n\u0131n hayatlar\u0131, teorileri, \u00e7al\u0131\u015fmalar\u0131\u2026 Bilime Y\u00f6n Verenler dizisinde yer alan kitaplar gen\u00e7 nesillere lham<span class=\"excerpt-hellip\"> [\u2026]<\/span><\/p>\n","protected":false},"featured_media":0,"template":"","meta":{"_monsterinsights_skip_tracking":false,"_monsterinsights_sitenote_active":false,"_monsterinsights_sitenote_note":"","_monsterinsights_sitenote_category":0},"product_brand":[],"product_cat":[12312,12304],"product_tag":[],"class_list":{"0":"post-782311","1":"product","2":"type-product","3":"status-publish","5":"product_cat-diger","6":"product_cat-tarih","7":"pa_cilt-ciltsiz","8":"pa_tur-kitap","9":"pa_yayinevi-1001-cicek-kitaplar","10":"pa_yazar-sarah-ridley","12":"first","13":"instock","14":"sale","15":"shipping-taxable","16":"purchasable","17":"product-type-simple"},"_links":{"self":[{"href":"https:\/\/roveyayinevi.com.tr\/index.php\/wp-json\/wp\/v2\/product\/782311","targetHints":{"allow":["GET"]}}],"collection":[{"href":"https:\/\/roveyayinevi.com.tr\/index.php\/wp-json\/wp\/v2\/product"}],"about":[{"href":"https:\/\/roveyayinevi.com.tr\/index.php\/wp-json\/wp\/v2\/types\/product"}],"wp:attachment":[{"href":"https:\/\/roveyayinevi.com.tr\/index.php\/wp-json\/wp\/v2\/media?parent=782311"}],"wp:term":[{"taxonomy":"product_brand","embeddable":true,"href":"https:\/\/roveyayinevi.com.tr\/index.php\/wp-json\/wp\/v2\/product_brand?post=782311"},{"taxonomy":"product_cat","embeddable":true,"href":"https:\/\/roveyayinevi.com.tr\/index.php\/wp-json\/wp\/v2\/product_cat?post=782311"},{"taxonomy":"product_tag","embeddable":true,"href":"https:\/\/roveyayinevi.com.tr\/index.php\/wp-json\/wp\/v2\/product_tag?post=782311"}],"curies":[{"name":"wp","href":"https:\/\/api.w.org\/{rel}","templated":true}]}}