{"id":782310,"date":"2026-02-23T11:09:19","date_gmt":"2026-02-23T08:09:19","guid":{"rendered":"https:\/\/roveyayinevi.com.tr\/index.php\/urun\/elestirel-tarih-kurami-kimlikler-deneyimler-politikalar\/"},"modified":"2026-03-05T02:30:10","modified_gmt":"2026-03-04T23:30:10","slug":"elestirel-tarih-kurami-kimlikler-deneyimler-politikalar","status":"publish","type":"product","link":"https:\/\/roveyayinevi.com.tr\/index.php\/urun\/elestirel-tarih-kurami-kimlikler-deneyimler-politikalar\/","title":{"rendered":"Ele\u015ftirel Tarih Kuram\u0131 (Kimlikler, Deneyimler, Politikalar)"},"content":{"rendered":"<p>Bireyler birbirlerinden farkl\u0131 kendilikler olarak nas\u0131l \u00fcretilir? S\u0131n\u0131f, cinsiyet, \u0131rk kimliklerinin in\u015fas\u0131nda hangi etmenler i\u015f ba\u015f\u0131ndad\u0131r? Elinizdeki kitab\u0131 olu\u015fturan \u00fc\u00e7 deneme, bu sorulara odaklanan \u00e7a\u011fda\u015f d\u00fc\u015f\u00fcncenin referans de\u011feri ta\u015f\u0131yan \u00fc\u00e7 numunesi. Frans\u0131z d\u00fc\u015f\u00fcnce tarihi ve feminizm \u00e7al\u0131\u015fmalar\u0131n\u0131n \u00f6nc\u00fc isimlerinden Scott, s\u0131n\u0131f kavray\u0131\u015f\u0131n\u0131 bi\u00e7imlendiren Marksist tarih\u00e7ileri irdeleyerek yola koyulup, kimlik \u00e7\u00f6z\u00fcmlemelerinin s\u00fcreksizlikler ve kategorilerin d\u00f6n\u00fc\u015f\u00fcm\u00fc gibi temel olgulara dayand\u0131\u011f\u0131n\u0131 vurguluyor. B\u00fcy\u00fck Tarih anlat\u0131s\u0131n\u0131 kuran ba\u015fl\u0131ca \u00f6\u011feleri psikanalizle, post-kolonyal ara\u015ft\u0131rmalarla, cinsiyet ve cinsellik gibi kavramlarla ili\u015fkilendirmenin \u00e7arelerini ar\u0131yor. T\u00fcm\u00fcyle kuramsal ve siyasal, tam da bu y\u00fczden ele\u015ftirel bir tarih okumas\u0131n\u0131n olanaklar\u0131n\u0131 \u00f6zellikle Foucault ve Derrida\u2019n\u0131n var etti\u011fi aksiyomatik bir zeminde ara\u015ft\u0131r\u0131yor. <\/p>\n","protected":false},"excerpt":{"rendered":"<p>Bireyler birbirlerinden farkl\u0131 kendilikler olarak nas\u0131l \u00fcretilir? S\u0131n\u0131f, cinsiyet, \u0131rk kimliklerinin in\u015fas\u0131nda hangi etmenler i\u015f ba\u015f\u0131ndad\u0131r? Elinizdeki kitab\u0131 olu\u015fturan \u00fc\u00e7 deneme, bu sorulara odaklanan \u00e7a\u011fda\u015f d\u00fc\u015f\u00fcncenin<span class=\"excerpt-hellip\"> [\u2026]<\/span><\/p>\n","protected":false},"featured_media":0,"template":"","meta":{"_monsterinsights_skip_tracking":false,"_monsterinsights_sitenote_active":false,"_monsterinsights_sitenote_note":"","_monsterinsights_sitenote_category":0},"product_brand":[],"product_cat":[13548,12408],"product_tag":[],"class_list":{"0":"post-782310","1":"product","2":"type-product","3":"status-publish","5":"product_cat-kuram","6":"product_cat-sanat","7":"pa_cilt-ciltsiz","8":"pa_tur-kitap","9":"pa_yayinevi-dost-kitabevi-yayinlari","10":"pa_yazar-joan-w-scott","12":"first","13":"instock","14":"sale","15":"shipping-taxable","16":"purchasable","17":"product-type-simple"},"_links":{"self":[{"href":"https:\/\/roveyayinevi.com.tr\/index.php\/wp-json\/wp\/v2\/product\/782310","targetHints":{"allow":["GET"]}}],"collection":[{"href":"https:\/\/roveyayinevi.com.tr\/index.php\/wp-json\/wp\/v2\/product"}],"about":[{"href":"https:\/\/roveyayinevi.com.tr\/index.php\/wp-json\/wp\/v2\/types\/product"}],"wp:attachment":[{"href":"https:\/\/roveyayinevi.com.tr\/index.php\/wp-json\/wp\/v2\/media?parent=782310"}],"wp:term":[{"taxonomy":"product_brand","embeddable":true,"href":"https:\/\/roveyayinevi.com.tr\/index.php\/wp-json\/wp\/v2\/product_brand?post=782310"},{"taxonomy":"product_cat","embeddable":true,"href":"https:\/\/roveyayinevi.com.tr\/index.php\/wp-json\/wp\/v2\/product_cat?post=782310"},{"taxonomy":"product_tag","embeddable":true,"href":"https:\/\/roveyayinevi.com.tr\/index.php\/wp-json\/wp\/v2\/product_tag?post=782310"}],"curies":[{"name":"wp","href":"https:\/\/api.w.org\/{rel}","templated":true}]}}