{"id":782309,"date":"2026-02-23T11:09:14","date_gmt":"2026-02-23T08:09:14","guid":{"rendered":"https:\/\/roveyayinevi.com.tr\/index.php\/urun\/hareketli-modeller-origami-adim-adim-serisi\/"},"modified":"2026-04-16T02:18:51","modified_gmt":"2026-04-15T23:18:51","slug":"hareketli-modeller-origami-adim-adim-serisi","status":"publish","type":"product","link":"https:\/\/roveyayinevi.com.tr\/index.php\/urun\/hareketli-modeller-origami-adim-adim-serisi\/","title":{"rendered":"Hareketli Modeller Origami (Ad\u0131m Ad\u0131m Serisi)"},"content":{"rendered":"<p>S\u0131radan bir k\u00e2\u011f\u0131t par\u00e7as\u0131n\u0131 HAREKETL\u0130 modellere d\u00f6n\u00fc\u015ft\u00fcrebilirsin.Ad\u0131m Ad\u0131m Hareketli Modeller: OR\u0130GAM\u0130; kanat \u00e7\u0131rpan ku\u015flardan y\u00fczen kay\u0131klara, topa\u00e7tan sihirli de\u011fne\u011fe, havlayan k\u00f6pekten z\u0131playan ata, kendi kendine yapabilece\u011fin muhte\u015fem k\u00e2\u011f\u0131t modellerle doludur. Ad\u0131m ad\u0131m a\u00e7\u0131klamalar sayesinde kitaptaki t\u00fcm modelleri kolayca yapacak, k\u00e2\u011f\u0131t katlama sanat\u0131nda ustala\u015facaks\u0131n. <\/p>\n","protected":false},"excerpt":{"rendered":"<p>S\u0131radan bir k\u00e2\u011f\u0131t par\u00e7as\u0131n\u0131 HAREKETL\u0130 modellere d\u00f6n\u00fc\u015ft\u00fcrebilirsin.Ad\u0131m Ad\u0131m Hareketli Modeller: OR\u0130GAM\u0130; kanat \u00e7\u0131rpan ku\u015flardan y\u00fczen kay\u0131klara, topa\u00e7tan sihirli de\u011fne\u011fe, havlayan k\u00f6pekten z\u0131playan ata, kendi kendine yapabilece\u011fin<span class=\"excerpt-hellip\"> [\u2026]<\/span><\/p>\n","protected":false},"featured_media":0,"template":"","meta":{"_monsterinsights_skip_tracking":false,"_monsterinsights_sitenote_active":false,"_monsterinsights_sitenote_note":"","_monsterinsights_sitenote_category":0},"product_brand":[],"product_cat":[12274,15842],"product_tag":[],"class_list":{"0":"post-782309","1":"product","2":"type-product","3":"status-publish","5":"product_cat-cocuk-ve-genclik-kitaplari","6":"product_cat-egitici-kitaplar","7":"pa_cilt-ciltsiz","8":"pa_tur-kitap10","9":"pa_yayinevi-mavi-kelebek-yayinlari","10":"pa_yazar-joe-fullman","12":"first","13":"instock","14":"sale","15":"shipping-taxable","16":"purchasable","17":"product-type-simple"},"_links":{"self":[{"href":"https:\/\/roveyayinevi.com.tr\/index.php\/wp-json\/wp\/v2\/product\/782309","targetHints":{"allow":["GET"]}}],"collection":[{"href":"https:\/\/roveyayinevi.com.tr\/index.php\/wp-json\/wp\/v2\/product"}],"about":[{"href":"https:\/\/roveyayinevi.com.tr\/index.php\/wp-json\/wp\/v2\/types\/product"}],"wp:attachment":[{"href":"https:\/\/roveyayinevi.com.tr\/index.php\/wp-json\/wp\/v2\/media?parent=782309"}],"wp:term":[{"taxonomy":"product_brand","embeddable":true,"href":"https:\/\/roveyayinevi.com.tr\/index.php\/wp-json\/wp\/v2\/product_brand?post=782309"},{"taxonomy":"product_cat","embeddable":true,"href":"https:\/\/roveyayinevi.com.tr\/index.php\/wp-json\/wp\/v2\/product_cat?post=782309"},{"taxonomy":"product_tag","embeddable":true,"href":"https:\/\/roveyayinevi.com.tr\/index.php\/wp-json\/wp\/v2\/product_tag?post=782309"}],"curies":[{"name":"wp","href":"https:\/\/api.w.org\/{rel}","templated":true}]}}