{"id":782307,"date":"2026-02-23T11:08:59","date_gmt":"2026-02-23T08:08:59","guid":{"rendered":"https:\/\/roveyayinevi.com.tr\/index.php\/urun\/turkiyenin-corbalari-pilavlari\/"},"modified":"2026-04-11T02:23:51","modified_gmt":"2026-04-10T23:23:51","slug":"turkiyenin-corbalari-pilavlari","status":"publish","type":"product","link":"https:\/\/roveyayinevi.com.tr\/index.php\/urun\/turkiyenin-corbalari-pilavlari\/","title":{"rendered":"T\u00fcrkiye&#8217;nin \u00c7orbalar\u0131 Pilavlar\u0131"},"content":{"rendered":"<p>T\u00fcrkiye\u2019nin \u00e7orbalar\u0131n\u0131 ve pilavlar\u0131n\u0131 ara\u015ft\u0131r\u0131p bilinmeyenleri ve unutulmu\u015f olanlar\u0131, bu kitapta bir araya getirmemdeki ama\u00e7 \u00f6ncelikle yerel mutfak k\u00fclt\u00fcr\u00fcm\u00fcze sahip \u00e7\u0131k\u0131p ya\u015fatmak, kal\u0131c\u0131 k\u0131lmak. Anadolu\u2019nun, halk mutfa\u011f\u0131n\u0131n, \u00f6z\u00fcm\u00fcze ait tariflerin zamanla hepten kaybolup gitmemesi ve gelecek nesillere aktar\u0131lmas\u0131 i\u00e7in kay\u0131t alt\u0131na al\u0131nmas\u0131 gerekiyor. Bizim lezzet co\u011frafyam\u0131z\u0131, lezzet zenginli\u011fimizi, annelerimizin bu topraklarda varl\u0131ktan ve yokluktan sofralar\u0131na neler \u00fcrettiklerini g\u00f6steren en g\u00fczel de\u011ferlerimiz. \u0130\u015fte bu sebeptendir ki \u00f6zg\u00fcn isimleri, hik\u00e2yeleri, sunumlar\u0131 ve lezzetleriyle 7 b\u00f6lgeden toplam 54 \u00e7orbay\u0131 ve 33 y\u00f6resel pilav\u0131 mutfa\u011f\u0131mda pi\u015firip, tad\u0131p, sunumlar\u0131n\u0131 yaparken, bir yandan da sizlerin bu tarifleri uygulayabilmeniz i\u00e7in \u00f6l\u00e7\u00fclendirip yazd\u0131m. \u00c7\u00fcnk\u00fc ula\u015ft\u0131\u011f\u0131m tariflerin \u00e7o\u011funda \u00f6l\u00e7\u00fcler \u201cel karar\u0131 g\u00f6z karar\u0131\u201dyd\u0131. Hi\u00e7 tatmad\u0131\u011f\u0131n\u0131z ama denedi\u011finizde \u00e7ok be\u011fenece\u011finiz, \u00e7o\u011fu halk mutfa\u011f\u0131na ait T\u00fcrkiye&#8217;nin \u00c7orbalar\u0131, Pilavlar\u0131 aras\u0131nda Osmanl\u0131 d\u00f6nemi \u0130stanbul saray mutfa\u011f\u0131ndan \u00f6rneklere de yer verdim. Sofralar\u0131m\u0131z\u0131n ba\u015ftac\u0131 \u00e7orbalar\u0131m\u0131z ve taba\u011f\u0131m\u0131zdaki ekmek olan pilavlar\u0131m\u0131z\u0131n zenginli\u011fini g\u00f6sterebilirse bu kitap amac\u0131na ula\u015fm\u0131\u015f olacak. <\/p>\n","protected":false},"excerpt":{"rendered":"<p>T\u00fcrkiye\u2019nin \u00e7orbalar\u0131n\u0131 ve pilavlar\u0131n\u0131 ara\u015ft\u0131r\u0131p bilinmeyenleri ve unutulmu\u015f olanlar\u0131, bu kitapta bir araya getirmemdeki ama\u00e7 \u00f6ncelikle yerel mutfak k\u00fclt\u00fcr\u00fcm\u00fcze sahip \u00e7\u0131k\u0131p ya\u015fatmak, kal\u0131c\u0131 k\u0131lmak. Anadolu\u2019nun, halk<span class=\"excerpt-hellip\"> [\u2026]<\/span><\/p>\n","protected":false},"featured_media":0,"template":"","meta":{"_monsterinsights_skip_tracking":false,"_monsterinsights_sitenote_active":false,"_monsterinsights_sitenote_note":"","_monsterinsights_sitenote_category":0},"product_brand":[],"product_cat":[12458,12457],"product_tag":[],"class_list":{"0":"post-782307","1":"product","2":"type-product","3":"status-publish","5":"product_cat-turk-mutfagi","6":"product_cat-yemek-kitaplari","7":"pa_cilt-ciltsiz","8":"pa_tur-kitap","9":"pa_yayinevi-alfa-yayinlari","10":"pa_yazar-kolektif","12":"first","13":"instock","14":"sale","15":"shipping-taxable","16":"purchasable","17":"product-type-simple"},"_links":{"self":[{"href":"https:\/\/roveyayinevi.com.tr\/index.php\/wp-json\/wp\/v2\/product\/782307","targetHints":{"allow":["GET"]}}],"collection":[{"href":"https:\/\/roveyayinevi.com.tr\/index.php\/wp-json\/wp\/v2\/product"}],"about":[{"href":"https:\/\/roveyayinevi.com.tr\/index.php\/wp-json\/wp\/v2\/types\/product"}],"wp:attachment":[{"href":"https:\/\/roveyayinevi.com.tr\/index.php\/wp-json\/wp\/v2\/media?parent=782307"}],"wp:term":[{"taxonomy":"product_brand","embeddable":true,"href":"https:\/\/roveyayinevi.com.tr\/index.php\/wp-json\/wp\/v2\/product_brand?post=782307"},{"taxonomy":"product_cat","embeddable":true,"href":"https:\/\/roveyayinevi.com.tr\/index.php\/wp-json\/wp\/v2\/product_cat?post=782307"},{"taxonomy":"product_tag","embeddable":true,"href":"https:\/\/roveyayinevi.com.tr\/index.php\/wp-json\/wp\/v2\/product_tag?post=782307"}],"curies":[{"name":"wp","href":"https:\/\/api.w.org\/{rel}","templated":true}]}}